{"id":5068,"date":"2022-08-14T10:28:56","date_gmt":"2022-08-14T08:28:56","guid":{"rendered":"https:\/\/idealhoreca.ro\/?page_id=5068"},"modified":"2022-10-11T13:42:05","modified_gmt":"2022-10-11T11:42:05","slug":"politica-cookies","status":"publish","type":"page","link":"https:\/\/idealhoreca.ro\/en\/cookie-policy\/","title":{"rendered":"Cookies policy"},"content":{"rendered":"<h3 class=\"wp-block-heading\"><strong>Cookies policy<\/strong><\/h3>\n\n\n\n<p>This policy regulates the use of cookies and establishes the legal basis of the company <strong>IDEAL HORECA SOLUTIONS SRL<\/strong>, for the use of cookies and similar technologies on the website or on systems related to the www.idealhoreca.ro website. This cookie policy is valid from 11.10.2022.<\/p>\n\n\n\n<p>\"Essential\" cookie modules are automatically placed on the computer, laptop or any device that can access or act on the company's website. Additional information about essential cookies can be found in the \"About Cookies\" section below. Information on how consent is given for non-essential cookies and other technologies and how to withdraw this consent can be found in the section below entitled \"How to accept or reject cookies\".<\/p>\n\n\n\n<p>Contents:<\/p>\n\n\n\n<ul><li>About Cookies.<\/li><li>Types of cookies used.<\/li><li>Essential cookies.<\/li><li>Non-essential cookies.<\/li><li>How to accept or reject cookies.<\/li><\/ul>\n\n\n\n<p><\/p>\n\n\n\n<p><strong>About cookies.<\/strong><\/p>\n\n\n\n<p>What are cookies?<\/p>\n\n\n\n<p>Cookies are small text files sent by a website server to a web browser (web browser: IE, Firefox, Opera), RAM memory or hard disk drive and then stored there. They can be used for different purposes, such as: customizing the website according to the needs of a particular user, helping a user navigate the website, improving the quality of the website for the user or storing user preferences and information connection.<\/p>\n\n\n\n<p><strong>Essential and non-essential cookies.<\/strong><\/p>\n\n\n\n<p>Cookies can be classified as \"essential\" or \"non-essential\".<\/p>\n\n\n\n<p>Cookie-urile esen\u021biale: prezint\u0103 una dintre urm\u0103toarele dou\u0103 caracteristici:<\/p>\n\n\n\n<p>They are used exclusively to perform or facilitate communication on a network.<\/p>\n\n\n\n<p>They are strictly necessary to provide an online service (eg our website or a service on our website) requested by you.<\/p>\n\n\n\n<p>Cookie-uri neesen\u021biale: Acestea nu se \u00eencadreaz\u0103 \u00een defini\u021bia cookie-urilor esen\u021biale deoarece nu sunt strict necesare pentru func\u021bionarea unui site sau a serviciilor oferite pe acesta, precum cookie-urile utilizate pentru analizarea comportamentul pe un site web (cookie-uri \u201eanalitice\u201d) sau cookie-urile utilizate pentru afi\u0219area de reclame.<\/p>\n\n\n\n<p><strong>Session and persistent cookies.<\/strong><\/p>\n\n\n\n<p>Cookies can be of two types: \"session\" and \"persistent\", depending on the storage period after they are placed in your browser.<\/p>\n\n\n\n<p>Session cookies: remain on the device as long as the web browser is open. They expire when the web browser is closed.<\/p>\n\n\n\n<p>Persistent cookies: expire at a fixed point in time or if they are manually deleted from the web browser.<\/p>\n\n\n\n<p><strong>How to accept or reject cookies.<\/strong><\/p>\n\n\n\n<p>You can manage your Cookie settings from the browser you use. Follow the instructions provided by your browser to accept, remove or reject cookies. Please note that our cookies play an important role in our service. If you decide not to accept them, this could affect the availability and functionality of some of our features that make our online platform easy to use and attractive. For example, when you disable cookies, you may need to log in each time you visit.<\/p>\n\n\n\n<p>You can accept or reject some or all cookies (for example, by blocking all third-party cookies) by adjusting your browser settings. How to do this is found by accessing the following links for the most popular web browsers:<\/p>\n\n\n\n<ul><li>Google Chrome: <a href=\"https:\/\/support.google.com\/chrome\/answer\/95647?hl=ro\">https:\/\/support.google.com\/chrome\/answer\/95647?hl=ro<\/a><\/li><li>Mozilla Firefox: <a href=\"https:\/\/support.mozilla.org\/en-US\/kb\/delete-browsing-search-download-history-firefox?redirectlocale=ro-US&amp;redirectslug=Clear+Recent+History\">https:\/\/support.mozilla.org\/en-US\/kb\/delete-browsing-search-download-history-firefox?redirectlocale=ro-US&amp;redirectslug=Clear+Recent+History<\/a><\/li><li>Microsoft Internet Explorer: <a href=\"https:\/\/support.microsoft.com\/en-us\/help\/278835\/how-to-delete-cookie-files-in-internet-explorer\">https:\/\/support.microsoft.com\/en-us\/help\/278835\/how-to-delete-cookie-files-in-internet-explorer<\/a><\/li><li>Apple Safari: https:\/\/support.apple.com\/kb\/PH5042?locale=ro_RO<\/li><\/ul>\n\n\n\n<p>To delete cookies that have previously been placed in the browser, the option to delete browsing history must be selected, ensuring that the option to delete or delete cookies is activated when doing so. You can opt out of Google Analytics by installing the browser extension available here: http:\/\/tools.google.com\/dlpage\/gaoptout<\/p>","protected":false},"excerpt":{"rendered":"<p>Politica de cookie-uri Aceast\u0103 politic\u0103 reglementeaz\u0103 utilizarea cookie-urilor si stabile\u0219te temeiul legal al companiei IDEAL HORECA SOLUTIONS SRL, pentru utilizarea cookie-urilor \u0219i tehnologiilor similare pe website sau pe sisteme care au leg\u0103tur\u0103 cu website-ul www.idealhoreca.ro. Aceast\u0103 politic\u0103 de cookie-uri este valabil\u0103 \u00eencep\u00e2nd cu data de 11.10.2022. Modulele de cookie \u201eesen\u021biale\u201d&hellip; <\/p>","protected":false},"author":1,"featured_media":0,"parent":0,"menu_order":0,"comment_status":"closed","ping_status":"closed","template":"page-templates\/shoppingcart-template.php","meta":{"inline_featured_image":false,"footnotes":""},"acf":[],"_links":{"self":[{"href":"https:\/\/idealhoreca.ro\/en\/wp-json\/wp\/v2\/pages\/5068"}],"collection":[{"href":"https:\/\/idealhoreca.ro\/en\/wp-json\/wp\/v2\/pages"}],"about":[{"href":"https:\/\/idealhoreca.ro\/en\/wp-json\/wp\/v2\/types\/page"}],"author":[{"embeddable":true,"href":"https:\/\/idealhoreca.ro\/en\/wp-json\/wp\/v2\/users\/1"}],"replies":[{"embeddable":true,"href":"https:\/\/idealhoreca.ro\/en\/wp-json\/wp\/v2\/comments?post=5068"}],"version-history":[{"count":4,"href":"https:\/\/idealhoreca.ro\/en\/wp-json\/wp\/v2\/pages\/5068\/revisions"}],"predecessor-version":[{"id":8113,"href":"https:\/\/idealhoreca.ro\/en\/wp-json\/wp\/v2\/pages\/5068\/revisions\/8113"}],"wp:attachment":[{"href":"https:\/\/idealhoreca.ro\/en\/wp-json\/wp\/v2\/media?parent=5068"}],"curies":[{"name":"wp","href":"https:\/\/api.w.org\/{rel}","templated":true}]}}