{"id":10304,"date":"2022-12-15T17:36:50","date_gmt":"2022-12-15T15:36:50","guid":{"rendered":"https:\/\/idealhoreca.ro\/product\/caserola-pp-expandat-hb7-13513570-mm-125-set\/"},"modified":"2022-12-22T14:56:30","modified_gmt":"2022-12-22T12:56:30","slug":"caserola-pp-expandat-hb7-13513570-mm-125-set","status":"publish","type":"product","link":"https:\/\/idealhoreca.ro\/en\/product\/casserole-pp-expanded-hb7-13513570-mm-125-set\/","title":{"rendered":"Take Away box with lid"},"content":{"rendered":"<p>Ambalajele alimentare din polipropilen\u0103 extrudat\u0103 (XPP) reprezint\u0103 o alternativ\u0103 inovatoare la polistirenul extrudat (XPS) pentru operatorii din industria de catering. Rezistente pentru a fi utilizate la microunde si temperaturi cuprinse in intervalul -18 si +110 grade CELSIUS.<\/p>","protected":false},"excerpt":{"rendered":"<p>Ambalajele alimentare din polipropilen\u0103 extrudat\u0103 (XPP) reprezint\u0103 o alternativ\u0103 inovatoare la polistirenul extrudat (XPS) pentru operatorii din industria de catering. Rezistente pentru a fi utilizate la microunde si temperaturi cuprinse in intervalul -18 si +110 grade CELSIUS.<\/p>","protected":false},"featured_media":9241,"comment_status":"open","ping_status":"closed","template":"","meta":{"inline_featured_image":false},"product_cat":[2134],"product_tag":[],"acf":[],"_links":{"self":[{"href":"https:\/\/idealhoreca.ro\/en\/wp-json\/wp\/v2\/product\/10304"}],"collection":[{"href":"https:\/\/idealhoreca.ro\/en\/wp-json\/wp\/v2\/product"}],"about":[{"href":"https:\/\/idealhoreca.ro\/en\/wp-json\/wp\/v2\/types\/product"}],"replies":[{"embeddable":true,"href":"https:\/\/idealhoreca.ro\/en\/wp-json\/wp\/v2\/comments?post=10304"}],"version-history":[{"count":2,"href":"https:\/\/idealhoreca.ro\/en\/wp-json\/wp\/v2\/product\/10304\/revisions"}],"predecessor-version":[{"id":10394,"href":"https:\/\/idealhoreca.ro\/en\/wp-json\/wp\/v2\/product\/10304\/revisions\/10394"}],"wp:featuredmedia":[{"embeddable":true,"href":"https:\/\/idealhoreca.ro\/en\/wp-json\/wp\/v2\/media\/9241"}],"wp:attachment":[{"href":"https:\/\/idealhoreca.ro\/en\/wp-json\/wp\/v2\/media?parent=10304"}],"wp:term":[{"taxonomy":"product_cat","embeddable":true,"href":"https:\/\/idealhoreca.ro\/en\/wp-json\/wp\/v2\/product_cat?post=10304"},{"taxonomy":"product_tag","embeddable":true,"href":"https:\/\/idealhoreca.ro\/en\/wp-json\/wp\/v2\/product_tag?post=10304"}],"curies":[{"name":"wp","href":"https:\/\/api.w.org\/{rel}","templated":true}]}}