{"id":10308,"date":"2022-12-15T17:36:53","date_gmt":"2022-12-15T15:36:53","guid":{"rendered":"https:\/\/idealhoreca.ro\/product\/caserola-pp-expandat-cu-2-compartimente-24020570mm-200-bax\/"},"modified":"2022-12-22T14:54:26","modified_gmt":"2022-12-22T12:54:26","slug":"caserola-pp-expandat-cu-2-compartimente-24020570mm-200-bax","status":"publish","type":"product","link":"https:\/\/idealhoreca.ro\/en\/product\/casserole-pp-expanded-with-2-compartments-24020570mm-200-bax\/","title":{"rendered":"Take Away  box with 2 compartments + lid"},"content":{"rendered":"<p>Ambalajele alimentare din polipropilen\u0103 extrudat\u0103 (XPP) reprezint\u0103 o alternativ\u0103 inovatoare la polistirenul extrudat (XPS) pentru operatorii din industria de catering. Rezistente pentru a fi utilizate la microunde si temperaturi cuprinse in intervalul -18 si +110 grade CELSIUS.<\/p>","protected":false},"excerpt":{"rendered":"<p>Ambalajele alimentare din polipropilen\u0103 extrudat\u0103 (XPP) reprezint\u0103 o alternativ\u0103 inovatoare la polistirenul extrudat (XPS) pentru operatorii din industria de catering. Rezistente pentru a fi utilizate la microunde si temperaturi cuprinse in intervalul -18 si +110 grade CELSIUS.<\/p>","protected":false},"featured_media":9252,"comment_status":"open","ping_status":"closed","template":"","meta":{"inline_featured_image":false},"product_cat":[2134],"product_tag":[],"acf":[],"_links":{"self":[{"href":"https:\/\/idealhoreca.ro\/en\/wp-json\/wp\/v2\/product\/10308"}],"collection":[{"href":"https:\/\/idealhoreca.ro\/en\/wp-json\/wp\/v2\/product"}],"about":[{"href":"https:\/\/idealhoreca.ro\/en\/wp-json\/wp\/v2\/types\/product"}],"replies":[{"embeddable":true,"href":"https:\/\/idealhoreca.ro\/en\/wp-json\/wp\/v2\/comments?post=10308"}],"version-history":[{"count":1,"href":"https:\/\/idealhoreca.ro\/en\/wp-json\/wp\/v2\/product\/10308\/revisions"}],"predecessor-version":[{"id":10383,"href":"https:\/\/idealhoreca.ro\/en\/wp-json\/wp\/v2\/product\/10308\/revisions\/10383"}],"wp:featuredmedia":[{"embeddable":true,"href":"https:\/\/idealhoreca.ro\/en\/wp-json\/wp\/v2\/media\/9252"}],"wp:attachment":[{"href":"https:\/\/idealhoreca.ro\/en\/wp-json\/wp\/v2\/media?parent=10308"}],"wp:term":[{"taxonomy":"product_cat","embeddable":true,"href":"https:\/\/idealhoreca.ro\/en\/wp-json\/wp\/v2\/product_cat?post=10308"},{"taxonomy":"product_tag","embeddable":true,"href":"https:\/\/idealhoreca.ro\/en\/wp-json\/wp\/v2\/product_tag?post=10308"}],"curies":[{"name":"wp","href":"https:\/\/api.w.org\/{rel}","templated":true}]}}