{"id":10566,"date":"2023-02-06T13:14:11","date_gmt":"2023-02-06T11:14:11","guid":{"rendered":"https:\/\/idealhoreca.ro\/?post_type=product&#038;p=10566"},"modified":"2023-03-24T05:37:20","modified_gmt":"2023-03-24T03:37:20","slug":"caserola-pp-expandat-cu-un-compartiment-24020570mm-200-bax","status":"publish","type":"product","link":"https:\/\/idealhoreca.ro\/en\/product\/caserola-pp-expandat-cu-un-compartiment-24020570mm-200-bax\/","title":{"rendered":"Take Away box with lid"},"content":{"rendered":"<p>Ambalajele alimentare din polipropilen\u0103 extrudat\u0103 (XPP) reprezint\u0103 o alternativ\u0103 inovatoare la polistirenul extrudat (XPS) pentru operatorii din industria de catering.<\/p>\n<p>Rezistente pentru a fi utilizate la microunde si temperaturi cuprinse in intervalul -18 si +110 grade CELSIUS.<\/p>","protected":false},"excerpt":{"rendered":"<p>Ambalajele alimentare din polipropilen\u0103 extrudat\u0103 (XPP) reprezint\u0103 o alternativ\u0103 inovatoare la polistirenul extrudat (XPS) pentru operatorii din industria de catering. Rezistente pentru a fi utilizate la microunde si temperaturi cuprinse in intervalul -18 si +110 grade CELSIUS.<\/p>","protected":false},"featured_media":9251,"comment_status":"open","ping_status":"closed","template":"","meta":{"inline_featured_image":false},"product_cat":[948,2214,2134],"product_tag":[],"acf":[],"_links":{"self":[{"href":"https:\/\/idealhoreca.ro\/en\/wp-json\/wp\/v2\/product\/10566"}],"collection":[{"href":"https:\/\/idealhoreca.ro\/en\/wp-json\/wp\/v2\/product"}],"about":[{"href":"https:\/\/idealhoreca.ro\/en\/wp-json\/wp\/v2\/types\/product"}],"replies":[{"embeddable":true,"href":"https:\/\/idealhoreca.ro\/en\/wp-json\/wp\/v2\/comments?post=10566"}],"version-history":[{"count":1,"href":"https:\/\/idealhoreca.ro\/en\/wp-json\/wp\/v2\/product\/10566\/revisions"}],"predecessor-version":[{"id":10568,"href":"https:\/\/idealhoreca.ro\/en\/wp-json\/wp\/v2\/product\/10566\/revisions\/10568"}],"wp:featuredmedia":[{"embeddable":true,"href":"https:\/\/idealhoreca.ro\/en\/wp-json\/wp\/v2\/media\/9251"}],"wp:attachment":[{"href":"https:\/\/idealhoreca.ro\/en\/wp-json\/wp\/v2\/media?parent=10566"}],"wp:term":[{"taxonomy":"product_cat","embeddable":true,"href":"https:\/\/idealhoreca.ro\/en\/wp-json\/wp\/v2\/product_cat?post=10566"},{"taxonomy":"product_tag","embeddable":true,"href":"https:\/\/idealhoreca.ro\/en\/wp-json\/wp\/v2\/product_tag?post=10566"}],"curies":[{"name":"wp","href":"https:\/\/api.w.org\/{rel}","templated":true}]}}