{"id":10632,"date":"2023-02-27T11:35:32","date_gmt":"2023-02-27T09:35:32","guid":{"rendered":"https:\/\/idealhoreca.ro\/?post_type=product&#038;p=10632"},"modified":"2023-03-01T14:56:56","modified_gmt":"2023-03-01T12:56:56","slug":"dozator-prosoape-pentru-maini-tip-rola-tork-matic-negru-cu-senzor-intuition","status":"publish","type":"product","link":"https:\/\/idealhoreca.ro\/en\/product\/dozator-prosoape-pentru-maini-tip-rola-tork-matic-negru-cu-senzor-intuition\/","title":{"rendered":"Tork Intuition paper towel sensor dispenser"},"content":{"rendered":"<p>The Tork Matic\u00ae Hand Towel Roll Dispenser with Intuition\u2122 Sensor from the Elevation Design range offers your guests the ultimate hands-free hand drying experience.<\/p>\n<p>Tork Elevation dispensers have a modern, functional design that leaves a lasting impression on your guests.<\/p>\n<p>Dosing portion by portion for reduced consumption and increased hygiene<\/p>\n<p>Easy maintenance with the LED refill indicator that shows when a new refill is required<\/p>\n<p>The adjustable length of the towel allows you to select the appropriate size for your business<\/p>","protected":false},"excerpt":{"rendered":"<p>Dozatorul de role de prosoape pentru m\u00e2ini Tork Matic\u00ae cu senzor Intuition\u2122 din gama Elevation Design le ofer\u0103 oaspe\u021bilor dumneavoastr\u0103 experien\u021ba optim\u0103 de uscare a m\u00e2inilor f\u0103r\u0103 atingere. Dozatoarele Tork Elevation au un design modern, func\u021bional, care las\u0103 o impresie de durat\u0103 oaspe\u021bilor dumneavoastr\u0103. Dozare por\u021bie cu por\u021bie pentru consum&hellip; <\/p>","protected":false},"featured_media":10585,"comment_status":"open","ping_status":"closed","template":"","meta":{"inline_featured_image":false},"product_cat":[1136,1598,2207,1135,1430,1429],"product_tag":[],"acf":[],"_links":{"self":[{"href":"https:\/\/idealhoreca.ro\/en\/wp-json\/wp\/v2\/product\/10632"}],"collection":[{"href":"https:\/\/idealhoreca.ro\/en\/wp-json\/wp\/v2\/product"}],"about":[{"href":"https:\/\/idealhoreca.ro\/en\/wp-json\/wp\/v2\/types\/product"}],"replies":[{"embeddable":true,"href":"https:\/\/idealhoreca.ro\/en\/wp-json\/wp\/v2\/comments?post=10632"}],"version-history":[{"count":1,"href":"https:\/\/idealhoreca.ro\/en\/wp-json\/wp\/v2\/product\/10632\/revisions"}],"predecessor-version":[{"id":10633,"href":"https:\/\/idealhoreca.ro\/en\/wp-json\/wp\/v2\/product\/10632\/revisions\/10633"}],"wp:featuredmedia":[{"embeddable":true,"href":"https:\/\/idealhoreca.ro\/en\/wp-json\/wp\/v2\/media\/10585"}],"wp:attachment":[{"href":"https:\/\/idealhoreca.ro\/en\/wp-json\/wp\/v2\/media?parent=10632"}],"wp:term":[{"taxonomy":"product_cat","embeddable":true,"href":"https:\/\/idealhoreca.ro\/en\/wp-json\/wp\/v2\/product_cat?post=10632"},{"taxonomy":"product_tag","embeddable":true,"href":"https:\/\/idealhoreca.ro\/en\/wp-json\/wp\/v2\/product_tag?post=10632"}],"curies":[{"name":"wp","href":"https:\/\/api.w.org\/{rel}","templated":true}]}}