{"id":11139,"date":"2023-06-06T11:28:59","date_gmt":"2023-06-06T09:28:59","guid":{"rendered":"https:\/\/idealhoreca.ro\/?post_type=product&#038;p=11139"},"modified":"2024-07-01T18:12:30","modified_gmt":"2024-07-01T16:12:30","slug":"manusi-nitril-gogrip-pro-nepudrate-m-50-cutie","status":"publish","type":"product","link":"https:\/\/idealhoreca.ro\/en\/product\/manusi-nitril-gogrip-pro-nepudrate-m-50-cutie\/","title":{"rendered":"Non-powdered single use GoGrip black gloves"},"content":{"rendered":"<p>GOGRIP PRO nitrile gloves ensure an excellent grip and protection in difficult working conditions, facilitate grasping of objects, protect hands from dirt, reduce the risk of hand skin injuries, scratches and irritation, prevent the penetration of moisture and chemical substances.<\/p>\n<p>GOGRIP PRO protective gloves are thicker compared to standard nitrile gloves.<\/p>\n<p>Especially recommended for:<\/p>\n<p>Construction and assembly works - in the automotive industry, industrial works, mechanics and construction, electricity, sanitary installations, locksmiths and carpentry, sanitary department, technical and operational department.<\/p>","protected":false},"excerpt":{"rendered":"<p>Manusi din nitril GOGRIP PRO asigura o prindere si o protectie excelenta in conditii dificile de lucru, faciliteaza prinderea obiectelor, protejeaza mainile de murdarie, reduc riscul de leziuni a pielii mainilor, zgarieturi si iritatii, previn patrunderea umezelii si a substantelor chimice. M\u0103nu\u015file de protec\u0163ie GOGRIP PRO sunt mai groase in&hellip; <\/p>","protected":false},"featured_media":11169,"comment_status":"open","ping_status":"closed","template":"","meta":{"inline_featured_image":false},"product_cat":[1185,1220],"product_tag":[],"acf":[],"_links":{"self":[{"href":"https:\/\/idealhoreca.ro\/en\/wp-json\/wp\/v2\/product\/11139"}],"collection":[{"href":"https:\/\/idealhoreca.ro\/en\/wp-json\/wp\/v2\/product"}],"about":[{"href":"https:\/\/idealhoreca.ro\/en\/wp-json\/wp\/v2\/types\/product"}],"replies":[{"embeddable":true,"href":"https:\/\/idealhoreca.ro\/en\/wp-json\/wp\/v2\/comments?post=11139"}],"version-history":[{"count":5,"href":"https:\/\/idealhoreca.ro\/en\/wp-json\/wp\/v2\/product\/11139\/revisions"}],"predecessor-version":[{"id":11176,"href":"https:\/\/idealhoreca.ro\/en\/wp-json\/wp\/v2\/product\/11139\/revisions\/11176"}],"wp:featuredmedia":[{"embeddable":true,"href":"https:\/\/idealhoreca.ro\/en\/wp-json\/wp\/v2\/media\/11169"}],"wp:attachment":[{"href":"https:\/\/idealhoreca.ro\/en\/wp-json\/wp\/v2\/media?parent=11139"}],"wp:term":[{"taxonomy":"product_cat","embeddable":true,"href":"https:\/\/idealhoreca.ro\/en\/wp-json\/wp\/v2\/product_cat?post=11139"},{"taxonomy":"product_tag","embeddable":true,"href":"https:\/\/idealhoreca.ro\/en\/wp-json\/wp\/v2\/product_tag?post=11139"}],"curies":[{"name":"wp","href":"https:\/\/api.w.org\/{rel}","templated":true}]}}