{"id":11462,"date":"2023-08-29T13:08:56","date_gmt":"2023-08-29T11:08:56","guid":{"rendered":"https:\/\/idealhoreca.ro\/?post_type=product&#038;p=11462"},"modified":"2023-08-29T13:14:15","modified_gmt":"2023-08-29T11:14:15","slug":"epack-laveta-magica-3840cm-1-set","status":"publish","type":"product","link":"https:\/\/idealhoreca.ro\/en\/product\/epack-laveta-magica-3840cm-1-set\/","title":{"rendered":"Epack Laveta magica 38*40cm 1\/set"},"content":{"rendered":"<p>Laveta &#8220;Magica&#8221; Epack, \u00eendep\u0103rteaz\u0103 murd\u0103ria dificila de pe orice suprafa\u021b\u0103, f\u0103r\u0103 a las\u0103 urme sau scame, folosind doar apa, f\u0103r\u0103 detergen\u021bi.<\/p>\n<ul>\n<li>se spala in masina de spalat haine la 30C f\u0103r\u0103 a folosi balsam de rufe.<\/li>\n<li>durata foarte mare de utilizare<\/li>\n<li>curata f\u0103r\u0103 efort amprentele, depunerile de piatra, praful, stropii de pe geamuri \u0219i oglinzi, mobilier, ceramica, faian\u021b\u0103 sau gresie.<\/li>\n<li>curata perfect Suprafetele din inox, plastic, aluminiu sau o\u021bel, piesele vopsite sau l\u0103cuite, electrocasnicele, ecranele, interiorul ma\u0219inii sau motocicleta.<\/li>\n<\/ul>","protected":false},"excerpt":{"rendered":"<p>Laveta &#8220;Magica&#8221; Epack, \u00eendep\u0103rteaz\u0103 murd\u0103ria dificila de pe orice suprafa\u021b\u0103, f\u0103r\u0103 a las\u0103 urme sau scame, folosind doar apa, f\u0103r\u0103 detergen\u021bi. se spala in masina de spalat haine la 30C f\u0103r\u0103 a folosi balsam de rufe. durata foarte mare de utilizare curata f\u0103r\u0103 efort amprentele, depunerile de piatra, praful, stropii&hellip; <\/p>","protected":false},"featured_media":11463,"comment_status":"open","ping_status":"closed","template":"","meta":{"inline_featured_image":false},"product_cat":[935,1180,1181],"product_tag":[],"acf":[],"_links":{"self":[{"href":"https:\/\/idealhoreca.ro\/en\/wp-json\/wp\/v2\/product\/11462"}],"collection":[{"href":"https:\/\/idealhoreca.ro\/en\/wp-json\/wp\/v2\/product"}],"about":[{"href":"https:\/\/idealhoreca.ro\/en\/wp-json\/wp\/v2\/types\/product"}],"replies":[{"embeddable":true,"href":"https:\/\/idealhoreca.ro\/en\/wp-json\/wp\/v2\/comments?post=11462"}],"version-history":[{"count":1,"href":"https:\/\/idealhoreca.ro\/en\/wp-json\/wp\/v2\/product\/11462\/revisions"}],"predecessor-version":[{"id":11464,"href":"https:\/\/idealhoreca.ro\/en\/wp-json\/wp\/v2\/product\/11462\/revisions\/11464"}],"wp:featuredmedia":[{"embeddable":true,"href":"https:\/\/idealhoreca.ro\/en\/wp-json\/wp\/v2\/media\/11463"}],"wp:attachment":[{"href":"https:\/\/idealhoreca.ro\/en\/wp-json\/wp\/v2\/media?parent=11462"}],"wp:term":[{"taxonomy":"product_cat","embeddable":true,"href":"https:\/\/idealhoreca.ro\/en\/wp-json\/wp\/v2\/product_cat?post=11462"},{"taxonomy":"product_tag","embeddable":true,"href":"https:\/\/idealhoreca.ro\/en\/wp-json\/wp\/v2\/product_tag?post=11462"}],"curies":[{"name":"wp","href":"https:\/\/api.w.org\/{rel}","templated":true}]}}