{"id":11465,"date":"2023-08-29T13:29:52","date_gmt":"2023-08-29T11:29:52","guid":{"rendered":"https:\/\/idealhoreca.ro\/?post_type=product&#038;p=11465"},"modified":"2023-08-29T13:34:31","modified_gmt":"2023-08-29T11:34:31","slug":"tork-servetele-de-masa-pentru-dozator-albe-fastfold-300-set","status":"publish","type":"product","link":"https:\/\/idealhoreca.ro\/en\/product\/tork-servetele-de-masa-pentru-dozator-albe-fastfold-300-set\/","title":{"rendered":"Tork \u0219erve\u021bele de mas\u0103 pentru dozator albe Fastfold 300\/set"},"content":{"rendered":"<div class=\"ng-star-inserted\">Dozatoarele de \u0219erve\u021bele de mas\u0103 Tork Traditional sunt perfecte pentru restaurantele cu autoservire. O gam\u0103 de sisteme durabile de dozatoare de \u0219erve\u021bele, care satisfac diferite nevoi \u00een diferite situa\u021bii. Dozatorul de \u0219erve\u021bele de mas\u0103 Tork Fastfold Alb pentru \u0219erve\u021bele \u00eentr-un singur strat este ideal pentru unit\u0103\u021bile cu autoservire care sunt preocupate de costul \u00een uz.<\/div>\n<ul class=\"pt-2\">\n<li class=\"ng-star-inserted\">Captiva\u021bi aten\u021bia oaspe\u021bilor dvs.\u00a0prin tip\u0103rituri personalizate &#8211; 75% dintre\u00a0utilizatorii de \u0219erve\u021bele de mas\u0103 citesc\u00a0mesajul<\/li>\n<li class=\"ng-star-inserted\">Dimensiunea \u0219erve\u021belului de mas\u0103 este potrivit\u0103 pentru gust\u0103ri \u0219i mese mici<\/li>\n<\/ul>","protected":false},"excerpt":{"rendered":"<p>Dozatoarele de \u0219erve\u021bele de mas\u0103 Tork Traditional sunt perfecte pentru restaurantele cu autoservire. O gam\u0103 de sisteme durabile de dozatoare de \u0219erve\u021bele, care satisfac diferite nevoi \u00een diferite situa\u021bii. Dozatorul de \u0219erve\u021bele de mas\u0103 Tork Fastfold Alb pentru \u0219erve\u021bele \u00eentr-un singur strat este ideal pentru unit\u0103\u021bile cu autoservire care sunt&hellip; <\/p>","protected":false},"featured_media":11466,"comment_status":"open","ping_status":"closed","template":"","meta":{"inline_featured_image":false},"product_cat":[1174,1430,1429,1338],"product_tag":[],"acf":[],"_links":{"self":[{"href":"https:\/\/idealhoreca.ro\/en\/wp-json\/wp\/v2\/product\/11465"}],"collection":[{"href":"https:\/\/idealhoreca.ro\/en\/wp-json\/wp\/v2\/product"}],"about":[{"href":"https:\/\/idealhoreca.ro\/en\/wp-json\/wp\/v2\/types\/product"}],"replies":[{"embeddable":true,"href":"https:\/\/idealhoreca.ro\/en\/wp-json\/wp\/v2\/comments?post=11465"}],"version-history":[{"count":1,"href":"https:\/\/idealhoreca.ro\/en\/wp-json\/wp\/v2\/product\/11465\/revisions"}],"predecessor-version":[{"id":11467,"href":"https:\/\/idealhoreca.ro\/en\/wp-json\/wp\/v2\/product\/11465\/revisions\/11467"}],"wp:featuredmedia":[{"embeddable":true,"href":"https:\/\/idealhoreca.ro\/en\/wp-json\/wp\/v2\/media\/11466"}],"wp:attachment":[{"href":"https:\/\/idealhoreca.ro\/en\/wp-json\/wp\/v2\/media?parent=11465"}],"wp:term":[{"taxonomy":"product_cat","embeddable":true,"href":"https:\/\/idealhoreca.ro\/en\/wp-json\/wp\/v2\/product_cat?post=11465"},{"taxonomy":"product_tag","embeddable":true,"href":"https:\/\/idealhoreca.ro\/en\/wp-json\/wp\/v2\/product_tag?post=11465"}],"curies":[{"name":"wp","href":"https:\/\/api.w.org\/{rel}","templated":true}]}}