{"id":11495,"date":"2023-08-30T10:42:06","date_gmt":"2023-08-30T08:42:06","guid":{"rendered":"https:\/\/idealhoreca.ro\/?post_type=product&#038;p=11495"},"modified":"2024-03-05T10:33:24","modified_gmt":"2024-03-05T08:33:24","slug":"wet-hankies-servetele-umede-extra-safe-63buc-pach","status":"publish","type":"product","link":"https:\/\/idealhoreca.ro\/en\/product\/wet-hankies-servetele-umede-extra-safe-63buc-pach\/","title":{"rendered":"Wet Hankies Servetele umede extra safe 63buc\/pach"},"content":{"rendered":"<p>\u0218erve\u021betele umede antiseptice, &#8216;Extra Safe&#8217;, \u00een pachet cu capac.<br \/>\nAprobate de c\u0103tre Ministerul S\u0103n\u0103t\u0103\u021bii,\u00a0Comisia Na\u021bional\u0103\u00a0pentru\u00a0Produse\u00a0Biocide.<\/p>","protected":false},"excerpt":{"rendered":"<p>\u0218erve\u021betele umede antiseptice, &#8216;Extra Safe&#8217;, \u00een pachet cu capac. Aprobate de c\u0103tre Ministerul S\u0103n\u0103t\u0103\u021bii,\u00a0Comisia Na\u021bional\u0103\u00a0pentru\u00a0Produse\u00a0Biocide.<\/p>","protected":false},"featured_media":11496,"comment_status":"open","ping_status":"closed","template":"","meta":{"inline_featured_image":false},"product_cat":[1132,942,1338,1427],"product_tag":[],"acf":[],"_links":{"self":[{"href":"https:\/\/idealhoreca.ro\/en\/wp-json\/wp\/v2\/product\/11495"}],"collection":[{"href":"https:\/\/idealhoreca.ro\/en\/wp-json\/wp\/v2\/product"}],"about":[{"href":"https:\/\/idealhoreca.ro\/en\/wp-json\/wp\/v2\/types\/product"}],"replies":[{"embeddable":true,"href":"https:\/\/idealhoreca.ro\/en\/wp-json\/wp\/v2\/comments?post=11495"}],"version-history":[{"count":1,"href":"https:\/\/idealhoreca.ro\/en\/wp-json\/wp\/v2\/product\/11495\/revisions"}],"predecessor-version":[{"id":11497,"href":"https:\/\/idealhoreca.ro\/en\/wp-json\/wp\/v2\/product\/11495\/revisions\/11497"}],"wp:featuredmedia":[{"embeddable":true,"href":"https:\/\/idealhoreca.ro\/en\/wp-json\/wp\/v2\/media\/11496"}],"wp:attachment":[{"href":"https:\/\/idealhoreca.ro\/en\/wp-json\/wp\/v2\/media?parent=11495"}],"wp:term":[{"taxonomy":"product_cat","embeddable":true,"href":"https:\/\/idealhoreca.ro\/en\/wp-json\/wp\/v2\/product_cat?post=11495"},{"taxonomy":"product_tag","embeddable":true,"href":"https:\/\/idealhoreca.ro\/en\/wp-json\/wp\/v2\/product_tag?post=11495"}],"curies":[{"name":"wp","href":"https:\/\/api.w.org\/{rel}","templated":true}]}}