{"id":11498,"date":"2023-08-30T10:48:09","date_gmt":"2023-08-30T08:48:09","guid":{"rendered":"https:\/\/idealhoreca.ro\/?post_type=product&#038;p=11498"},"modified":"2023-08-30T10:48:19","modified_gmt":"2023-08-30T08:48:19","slug":"wet-hankies-servetele-umede-aroma-lamaie-72buc-pach","status":"publish","type":"product","link":"https:\/\/idealhoreca.ro\/en\/product\/wet-hankies-servetele-umede-aroma-lamaie-72buc-pach\/","title":{"rendered":"Wet Hankies Servetele umede aroma lamaie 72buc\/pach"},"content":{"rendered":"<p>\u0218erve\u021bele umede antibacteriene<\/p>\n<p>&nbsp;<\/p>\n<p>Cu arom\u0103 de l\u0103m\u00e2ie<\/p>\n<p>72 buc.\/pach.<\/p>","protected":false},"excerpt":{"rendered":"<p>\u0218erve\u021bele umede antibacteriene &nbsp; Cu arom\u0103 de l\u0103m\u00e2ie 72 buc.\/pach.<\/p>","protected":false},"featured_media":11499,"comment_status":"open","ping_status":"closed","template":"","meta":{"inline_featured_image":false},"product_cat":[1132,1338,1427],"product_tag":[],"acf":[],"_links":{"self":[{"href":"https:\/\/idealhoreca.ro\/en\/wp-json\/wp\/v2\/product\/11498"}],"collection":[{"href":"https:\/\/idealhoreca.ro\/en\/wp-json\/wp\/v2\/product"}],"about":[{"href":"https:\/\/idealhoreca.ro\/en\/wp-json\/wp\/v2\/types\/product"}],"replies":[{"embeddable":true,"href":"https:\/\/idealhoreca.ro\/en\/wp-json\/wp\/v2\/comments?post=11498"}],"version-history":[{"count":1,"href":"https:\/\/idealhoreca.ro\/en\/wp-json\/wp\/v2\/product\/11498\/revisions"}],"predecessor-version":[{"id":11500,"href":"https:\/\/idealhoreca.ro\/en\/wp-json\/wp\/v2\/product\/11498\/revisions\/11500"}],"wp:featuredmedia":[{"embeddable":true,"href":"https:\/\/idealhoreca.ro\/en\/wp-json\/wp\/v2\/media\/11499"}],"wp:attachment":[{"href":"https:\/\/idealhoreca.ro\/en\/wp-json\/wp\/v2\/media?parent=11498"}],"wp:term":[{"taxonomy":"product_cat","embeddable":true,"href":"https:\/\/idealhoreca.ro\/en\/wp-json\/wp\/v2\/product_cat?post=11498"},{"taxonomy":"product_tag","embeddable":true,"href":"https:\/\/idealhoreca.ro\/en\/wp-json\/wp\/v2\/product_tag?post=11498"}],"curies":[{"name":"wp","href":"https:\/\/api.w.org\/{rel}","templated":true}]}}