{"id":11507,"date":"2023-08-30T12:12:07","date_gmt":"2023-08-30T10:12:07","guid":{"rendered":"https:\/\/idealhoreca.ro\/?post_type=product&#038;p=11507"},"modified":"2023-08-30T12:12:48","modified_gmt":"2023-08-30T10:12:48","slug":"epack-saci-menaj-cu-dubla-inchidere-60l-60buc-rola","status":"publish","type":"product","link":"https:\/\/idealhoreca.ro\/en\/product\/epack-saci-menaj-cu-dubla-inchidere-60l-60buc-rola\/","title":{"rendered":"Epack Saci menaj cu dubla inchidere 60L, 60buc\/rola"},"content":{"rendered":"<p>Saci menajeri &#8220;Dubl\u0103 \u00cenchidere&#8221;<br \/>\nCu sistem de \u00eenchidere dublu (\u00een form\u0103 de stea)<\/p>","protected":false},"excerpt":{"rendered":"<p>Saci menajeri &#8220;Dubl\u0103 \u00cenchidere&#8221; Cu sistem de \u00eenchidere dublu (\u00een form\u0103 de stea)<\/p>","protected":false},"featured_media":11508,"comment_status":"open","ping_status":"closed","template":"","meta":{"inline_featured_image":false},"product_cat":[1387,1132,935,1302,1381],"product_tag":[],"acf":[],"_links":{"self":[{"href":"https:\/\/idealhoreca.ro\/en\/wp-json\/wp\/v2\/product\/11507"}],"collection":[{"href":"https:\/\/idealhoreca.ro\/en\/wp-json\/wp\/v2\/product"}],"about":[{"href":"https:\/\/idealhoreca.ro\/en\/wp-json\/wp\/v2\/types\/product"}],"replies":[{"embeddable":true,"href":"https:\/\/idealhoreca.ro\/en\/wp-json\/wp\/v2\/comments?post=11507"}],"version-history":[{"count":1,"href":"https:\/\/idealhoreca.ro\/en\/wp-json\/wp\/v2\/product\/11507\/revisions"}],"predecessor-version":[{"id":11509,"href":"https:\/\/idealhoreca.ro\/en\/wp-json\/wp\/v2\/product\/11507\/revisions\/11509"}],"wp:featuredmedia":[{"embeddable":true,"href":"https:\/\/idealhoreca.ro\/en\/wp-json\/wp\/v2\/media\/11508"}],"wp:attachment":[{"href":"https:\/\/idealhoreca.ro\/en\/wp-json\/wp\/v2\/media?parent=11507"}],"wp:term":[{"taxonomy":"product_cat","embeddable":true,"href":"https:\/\/idealhoreca.ro\/en\/wp-json\/wp\/v2\/product_cat?post=11507"},{"taxonomy":"product_tag","embeddable":true,"href":"https:\/\/idealhoreca.ro\/en\/wp-json\/wp\/v2\/product_tag?post=11507"}],"curies":[{"name":"wp","href":"https:\/\/api.w.org\/{rel}","templated":true}]}}