{"id":11541,"date":"2023-08-31T12:14:31","date_gmt":"2023-08-31T10:14:31","guid":{"rendered":"https:\/\/idealhoreca.ro\/?post_type=product&#038;p=11541"},"modified":"2023-08-31T12:14:51","modified_gmt":"2023-08-31T10:14:51","slug":"epack-pungi-pentru-copt","status":"publish","type":"product","link":"https:\/\/idealhoreca.ro\/en\/product\/epack-pungi-pentru-copt\/","title":{"rendered":"Epack Pungi pentru copt"},"content":{"rendered":"<p>Pungi pentru copt cu clipsuri de \u00eenchidere.<\/p>\n<p>&nbsp;<\/p>\n<p>Pot fi utilizate at\u00e2t \u00een cuptoarele electrice sau pe gaz c\u00e2t \u0219i \u00een cuptoarele cu microunde, pentru coacere, pr\u0103jire, \u00eenabu\u0219ire, carne \u0219i legume.<\/p>","protected":false},"excerpt":{"rendered":"<p>Pungi pentru copt cu clipsuri de \u00eenchidere. &nbsp; Pot fi utilizate at\u00e2t \u00een cuptoarele electrice sau pe gaz c\u00e2t \u0219i \u00een cuptoarele cu microunde, pentru coacere, pr\u0103jire, \u00eenabu\u0219ire, carne \u0219i legume.<\/p>","protected":false},"featured_media":11542,"comment_status":"open","ping_status":"closed","template":"","meta":{"inline_featured_image":false},"product_cat":[1132],"product_tag":[],"acf":[],"_links":{"self":[{"href":"https:\/\/idealhoreca.ro\/en\/wp-json\/wp\/v2\/product\/11541"}],"collection":[{"href":"https:\/\/idealhoreca.ro\/en\/wp-json\/wp\/v2\/product"}],"about":[{"href":"https:\/\/idealhoreca.ro\/en\/wp-json\/wp\/v2\/types\/product"}],"replies":[{"embeddable":true,"href":"https:\/\/idealhoreca.ro\/en\/wp-json\/wp\/v2\/comments?post=11541"}],"version-history":[{"count":1,"href":"https:\/\/idealhoreca.ro\/en\/wp-json\/wp\/v2\/product\/11541\/revisions"}],"predecessor-version":[{"id":11543,"href":"https:\/\/idealhoreca.ro\/en\/wp-json\/wp\/v2\/product\/11541\/revisions\/11543"}],"wp:featuredmedia":[{"embeddable":true,"href":"https:\/\/idealhoreca.ro\/en\/wp-json\/wp\/v2\/media\/11542"}],"wp:attachment":[{"href":"https:\/\/idealhoreca.ro\/en\/wp-json\/wp\/v2\/media?parent=11541"}],"wp:term":[{"taxonomy":"product_cat","embeddable":true,"href":"https:\/\/idealhoreca.ro\/en\/wp-json\/wp\/v2\/product_cat?post=11541"},{"taxonomy":"product_tag","embeddable":true,"href":"https:\/\/idealhoreca.ro\/en\/wp-json\/wp\/v2\/product_tag?post=11541"}],"curies":[{"name":"wp","href":"https:\/\/api.w.org\/{rel}","templated":true}]}}