{"id":11585,"date":"2023-09-01T11:50:05","date_gmt":"2023-09-01T09:50:05","guid":{"rendered":"https:\/\/idealhoreca.ro\/?post_type=product&#038;p=11585"},"modified":"2023-09-01T11:50:39","modified_gmt":"2023-09-01T09:50:39","slug":"manusi-nitril-portocaliu-mercator-gogrip-orange-xl-50-cutie","status":"publish","type":"product","link":"https:\/\/idealhoreca.ro\/en\/product\/manusi-nitril-portocaliu-mercator-gogrip-orange-xl-50-cutie\/","title":{"rendered":"Manusi nitril portocaliu MERCATOR gogrip orange XL 50\/cutie"},"content":{"rendered":"<p>Extrem de elastice, m\u0103nu\u015file Mercator gogrip de 3 ori mai groase dec\u00e2t m\u0103nu\u015file standard disponibile pe pia\u0163\u0103. Confec\u0163ionate din nitril rezistent, aceste m\u0103nu\u015fi au o textur\u0103 revolu\u0163ionar\u0103 de diamant 3D care face ca aderen\u021ba s\u0103 fie puternic\u0103 \u0219i stabil\u0103, f\u0103r\u0103 a v\u0103 compromite precizia. Structura original\u0103 Mercator gogrip \u00eenseamn\u0103 c\u0103 pute\u0163i utiliza dispozitivele mobile f\u0103r\u0103 s\u0103 v\u0103 scoate\u0163i m\u0103nu\u015file. Culoarea lor portocalie intens\u0103, foarte vizibil\u0103, le face s\u0103 ias\u0103 \u00een eviden\u0163\u0103 \u00een orice mediu. Important este c\u0103 gogrip orange sunt proiectate astfel \u00eenc\u00e2t m\u00e2inile s\u0103 nu v\u0103 transpire \u00een ele \u0219i s\u0103 v\u0103 sim\u021bi\u021bi complet confortabil.<\/p>","protected":false},"excerpt":{"rendered":"<p>Extrem de elastice, m\u0103nu\u015file Mercator gogrip de 3 ori mai groase dec\u00e2t m\u0103nu\u015file standard disponibile pe pia\u0163\u0103. Confec\u0163ionate din nitril rezistent, aceste m\u0103nu\u015fi au o textur\u0103 revolu\u0163ionar\u0103 de diamant 3D care face ca aderen\u021ba s\u0103 fie puternic\u0103 \u0219i stabil\u0103, f\u0103r\u0103 a v\u0103 compromite precizia. Structura original\u0103 Mercator gogrip \u00eenseamn\u0103 c\u0103&hellip; <\/p>","protected":false},"featured_media":11586,"comment_status":"open","ping_status":"closed","template":"","meta":{"inline_featured_image":false},"product_cat":[1185,1220],"product_tag":[],"acf":[],"_links":{"self":[{"href":"https:\/\/idealhoreca.ro\/en\/wp-json\/wp\/v2\/product\/11585"}],"collection":[{"href":"https:\/\/idealhoreca.ro\/en\/wp-json\/wp\/v2\/product"}],"about":[{"href":"https:\/\/idealhoreca.ro\/en\/wp-json\/wp\/v2\/types\/product"}],"replies":[{"embeddable":true,"href":"https:\/\/idealhoreca.ro\/en\/wp-json\/wp\/v2\/comments?post=11585"}],"version-history":[{"count":1,"href":"https:\/\/idealhoreca.ro\/en\/wp-json\/wp\/v2\/product\/11585\/revisions"}],"predecessor-version":[{"id":11587,"href":"https:\/\/idealhoreca.ro\/en\/wp-json\/wp\/v2\/product\/11585\/revisions\/11587"}],"wp:featuredmedia":[{"embeddable":true,"href":"https:\/\/idealhoreca.ro\/en\/wp-json\/wp\/v2\/media\/11586"}],"wp:attachment":[{"href":"https:\/\/idealhoreca.ro\/en\/wp-json\/wp\/v2\/media?parent=11585"}],"wp:term":[{"taxonomy":"product_cat","embeddable":true,"href":"https:\/\/idealhoreca.ro\/en\/wp-json\/wp\/v2\/product_cat?post=11585"},{"taxonomy":"product_tag","embeddable":true,"href":"https:\/\/idealhoreca.ro\/en\/wp-json\/wp\/v2\/product_tag?post=11585"}],"curies":[{"name":"wp","href":"https:\/\/api.w.org\/{rel}","templated":true}]}}