{"id":11616,"date":"2023-09-01T13:20:57","date_gmt":"2023-09-01T11:20:57","guid":{"rendered":"https:\/\/idealhoreca.ro\/?post_type=product&#038;p=11616"},"modified":"2023-09-01T13:20:57","modified_gmt":"2023-09-01T11:20:57","slug":"tork-dozator-negru-pentru-sapun-spuma-cu-senzor-intuition","status":"publish","type":"product","link":"https:\/\/idealhoreca.ro\/en\/product\/tork-dozator-negru-pentru-sapun-spuma-cu-senzor-intuition\/","title":{"rendered":"Tork dozator negru pentru s\u0103pun spuma &#8211; cu senzor Intuition\u2122"},"content":{"rendered":"<div class=\"ng-star-inserted\">\n<p>Dozatorul de S\u0103pun Spum\u0103 Tork cu Senzor Intuition\u2122 din gama Elevation Design v\u0103 ajut\u0103 s\u0103 l\u0103sa\u021bi\u00a0o impresie bun\u0103 oaspe\u021bilor dumneavoastr\u0103\u00a0\u0219i poate fi folosit cu o gam\u0103 larg\u0103 de produse de \u00eengrijire a pielii Tork \u00een recipiente etan\u0219e. Dozarea f\u0103r\u0103 atingere asigur\u0103 o igien\u0103 bun\u0103\u00a0a m\u00e2inilor\u00a0pentru to\u021bi utilizatorii. Dozatoarele Elevation au un design modern \u0219i func\u021bional, care las\u0103 o impresie de durat\u0103 oaspe\u021bilor dumneavoastr\u0103.<\/p>\n<\/div>\n<ul class=\"pt-2\">\n<li class=\"ng-star-inserted\">Dozatorul echipat cu senzori, pentru evitarea atingerii reduce riscul de contaminare \u00eencruci\u0219at\u0103<\/li>\n<li class=\"ng-star-inserted\">Ajut\u0103 la implementarea unei bune igiene: Sticla cu protec\u021bie din fabric\u0103, av\u00e2nd o pomp\u0103 nou\u0103 pentru fiecare reumplere ce ajut\u0103 la reducerea riscului de contaminare \u0219i protejeaz\u0103 formulele p\u00e2n\u0103 la utilizator.<\/li>\n<li class=\"ng-star-inserted\">Reducerea volumului de\u0219eurilor de mare capacitate: Ajut\u0103 la reducerea consumului cu p\u00e2n\u0103 la 50%*<\/li>\n<\/ul>","protected":false},"excerpt":{"rendered":"<p>Dozatorul de S\u0103pun Spum\u0103 Tork cu Senzor Intuition\u2122 din gama Elevation Design v\u0103 ajut\u0103 s\u0103 l\u0103sa\u021bi\u00a0o impresie bun\u0103 oaspe\u021bilor dumneavoastr\u0103\u00a0\u0219i poate fi folosit cu o gam\u0103 larg\u0103 de produse de \u00eengrijire a pielii Tork \u00een recipiente etan\u0219e. Dozarea f\u0103r\u0103 atingere asigur\u0103 o igien\u0103 bun\u0103\u00a0a m\u00e2inilor\u00a0pentru to\u021bi utilizatorii. Dozatoarele Elevation au&hellip; <\/p>","protected":false},"featured_media":11618,"comment_status":"open","ping_status":"closed","template":"","meta":{"inline_featured_image":false},"product_cat":[1135,1498,2202,1429],"product_tag":[],"acf":[],"_links":{"self":[{"href":"https:\/\/idealhoreca.ro\/en\/wp-json\/wp\/v2\/product\/11616"}],"collection":[{"href":"https:\/\/idealhoreca.ro\/en\/wp-json\/wp\/v2\/product"}],"about":[{"href":"https:\/\/idealhoreca.ro\/en\/wp-json\/wp\/v2\/types\/product"}],"replies":[{"embeddable":true,"href":"https:\/\/idealhoreca.ro\/en\/wp-json\/wp\/v2\/comments?post=11616"}],"version-history":[{"count":1,"href":"https:\/\/idealhoreca.ro\/en\/wp-json\/wp\/v2\/product\/11616\/revisions"}],"predecessor-version":[{"id":11619,"href":"https:\/\/idealhoreca.ro\/en\/wp-json\/wp\/v2\/product\/11616\/revisions\/11619"}],"wp:featuredmedia":[{"embeddable":true,"href":"https:\/\/idealhoreca.ro\/en\/wp-json\/wp\/v2\/media\/11618"}],"wp:attachment":[{"href":"https:\/\/idealhoreca.ro\/en\/wp-json\/wp\/v2\/media?parent=11616"}],"wp:term":[{"taxonomy":"product_cat","embeddable":true,"href":"https:\/\/idealhoreca.ro\/en\/wp-json\/wp\/v2\/product_cat?post=11616"},{"taxonomy":"product_tag","embeddable":true,"href":"https:\/\/idealhoreca.ro\/en\/wp-json\/wp\/v2\/product_tag?post=11616"}],"curies":[{"name":"wp","href":"https:\/\/api.w.org\/{rel}","templated":true}]}}