{"id":11631,"date":"2023-09-04T12:52:03","date_gmt":"2023-09-04T10:52:03","guid":{"rendered":"https:\/\/idealhoreca.ro\/?post_type=product&#038;p=11631"},"modified":"2023-09-04T12:52:31","modified_gmt":"2023-09-04T10:52:31","slug":"furculita-bio-cpla-15cm-50-set","status":"publish","type":"product","link":"https:\/\/idealhoreca.ro\/en\/product\/furculita-bio-cpla-15cm-50-set\/","title":{"rendered":"Furculita BIO CPLA 15cm 50\/set"},"content":{"rendered":"<p>Furculi\u021be 100% biodegradabile \u0219i compostabile &#8211; o alternativ\u0103 ecologic\u0103 la tac\u00e2murile conven\u021bionale din plastic.<\/p>\n<p>Excelent pentru exterior \u0219i evenimente mari, gama noastr\u0103 de tac\u00e2muri compostabile ofer\u0103 solu\u021bia perfect\u0103 acolo unde plasticul nu este o op\u021biune. Aceste furculi\u021be durabile \u0219i elegante sunt produse din amidon de porumb regenerabil (CPLA). Sunt rigide si rezistente, asigur\u00e2ndu-se c\u0103 pot face fa\u021b\u0103 utiliz\u0103rii extinse f\u0103r\u0103 cr\u0103pare sau rupere. Ideale pentru mancare calda si rece.<\/p>","protected":false},"excerpt":{"rendered":"<p><span style=\"color: #ff0000\">Se comanda <strong>la set (=50 buc)<\/strong><\/span><\/p>","protected":false},"featured_media":11632,"comment_status":"open","ping_status":"closed","template":"","meta":{"inline_featured_image":false},"product_cat":[958,1500,957],"product_tag":[],"acf":[],"_links":{"self":[{"href":"https:\/\/idealhoreca.ro\/en\/wp-json\/wp\/v2\/product\/11631"}],"collection":[{"href":"https:\/\/idealhoreca.ro\/en\/wp-json\/wp\/v2\/product"}],"about":[{"href":"https:\/\/idealhoreca.ro\/en\/wp-json\/wp\/v2\/types\/product"}],"replies":[{"embeddable":true,"href":"https:\/\/idealhoreca.ro\/en\/wp-json\/wp\/v2\/comments?post=11631"}],"version-history":[{"count":1,"href":"https:\/\/idealhoreca.ro\/en\/wp-json\/wp\/v2\/product\/11631\/revisions"}],"predecessor-version":[{"id":11633,"href":"https:\/\/idealhoreca.ro\/en\/wp-json\/wp\/v2\/product\/11631\/revisions\/11633"}],"wp:featuredmedia":[{"embeddable":true,"href":"https:\/\/idealhoreca.ro\/en\/wp-json\/wp\/v2\/media\/11632"}],"wp:attachment":[{"href":"https:\/\/idealhoreca.ro\/en\/wp-json\/wp\/v2\/media?parent=11631"}],"wp:term":[{"taxonomy":"product_cat","embeddable":true,"href":"https:\/\/idealhoreca.ro\/en\/wp-json\/wp\/v2\/product_cat?post=11631"},{"taxonomy":"product_tag","embeddable":true,"href":"https:\/\/idealhoreca.ro\/en\/wp-json\/wp\/v2\/product_tag?post=11631"}],"curies":[{"name":"wp","href":"https:\/\/api.w.org\/{rel}","templated":true}]}}