{"id":11657,"date":"2023-09-05T08:27:09","date_gmt":"2023-09-05T06:27:09","guid":{"rendered":"https:\/\/idealhoreca.ro\/?post_type=product&#038;p=11657"},"modified":"2023-09-05T08:27:09","modified_gmt":"2023-09-05T06:27:09","slug":"tork-suport-perete-industrial-alb","status":"publish","type":"product","link":"https:\/\/idealhoreca.ro\/en\/product\/tork-suport-perete-industrial-alb\/","title":{"rendered":"Tork suport perete industrial alb"},"content":{"rendered":"<div class=\"ng-star-inserted\">Suportul de perete Tork, cu design Performance, a fost conceput pentru eficien\u021b\u0103 \u0219i fiabilitate, av\u00e2nd func\u021bii de alimentare u\u0219oar\u0103 \u0219i oferind posibilitatea de a prelua h\u00e2rtia cu o singur\u0103 m\u00e2n\u0103. Tork Performance este urm\u0103toarea genera\u021bie de dozatoare pentru \u0219tergeri profesionale. Combina\u021bia corect\u0103 de dozator \u0219i lavete va cre\u0219te productivitatea, reduc\u00e2nd, \u00een acela\u0219i timp, costul total \u00een utilizare.<\/div>\n<p>High capacity and easy refueling for low maintenance.<\/p>\n<p>Dozatorul montat pe perete va ajuta la organizarea spa\u021biilor de lucru \u00eenguste.<\/p>","protected":false},"excerpt":{"rendered":"<p>Suportul de perete Tork, cu design Performance, a fost conceput pentru eficien\u021b\u0103 \u0219i fiabilitate, av\u00e2nd func\u021bii de alimentare u\u0219oar\u0103 \u0219i oferind posibilitatea de a prelua h\u00e2rtia cu o singur\u0103 m\u00e2n\u0103. Tork Performance este urm\u0103toarea genera\u021bie de dozatoare pentru \u0219tergeri profesionale. Combina\u021bia corect\u0103 de dozator \u0219i lavete va cre\u0219te productivitatea, reduc\u00e2nd,&hellip; <\/p>","protected":false},"featured_media":11658,"comment_status":"open","ping_status":"closed","template":"","meta":{"inline_featured_image":false},"product_cat":[2207,1430],"product_tag":[],"acf":[],"_links":{"self":[{"href":"https:\/\/idealhoreca.ro\/en\/wp-json\/wp\/v2\/product\/11657"}],"collection":[{"href":"https:\/\/idealhoreca.ro\/en\/wp-json\/wp\/v2\/product"}],"about":[{"href":"https:\/\/idealhoreca.ro\/en\/wp-json\/wp\/v2\/types\/product"}],"replies":[{"embeddable":true,"href":"https:\/\/idealhoreca.ro\/en\/wp-json\/wp\/v2\/comments?post=11657"}],"version-history":[{"count":1,"href":"https:\/\/idealhoreca.ro\/en\/wp-json\/wp\/v2\/product\/11657\/revisions"}],"predecessor-version":[{"id":11659,"href":"https:\/\/idealhoreca.ro\/en\/wp-json\/wp\/v2\/product\/11657\/revisions\/11659"}],"wp:featuredmedia":[{"embeddable":true,"href":"https:\/\/idealhoreca.ro\/en\/wp-json\/wp\/v2\/media\/11658"}],"wp:attachment":[{"href":"https:\/\/idealhoreca.ro\/en\/wp-json\/wp\/v2\/media?parent=11657"}],"wp:term":[{"taxonomy":"product_cat","embeddable":true,"href":"https:\/\/idealhoreca.ro\/en\/wp-json\/wp\/v2\/product_cat?post=11657"},{"taxonomy":"product_tag","embeddable":true,"href":"https:\/\/idealhoreca.ro\/en\/wp-json\/wp\/v2\/product_tag?post=11657"}],"curies":[{"name":"wp","href":"https:\/\/api.w.org\/{rel}","templated":true}]}}