{"id":11663,"date":"2023-09-05T08:53:52","date_gmt":"2023-09-05T06:53:52","guid":{"rendered":"https:\/\/idealhoreca.ro\/?post_type=product&#038;p=11663"},"modified":"2023-09-05T08:55:19","modified_gmt":"2023-09-05T06:55:19","slug":"tork-dispenser-alb-hartie-igienica-smartone","status":"publish","type":"product","link":"https:\/\/idealhoreca.ro\/en\/product\/tork-dispenser-alb-hartie-igienica-smartone\/","title":{"rendered":"Tork Dispenser ALB hartie igienica SMARTONE"},"content":{"rendered":"<div class=\"ng-star-inserted\">\n<div class=\"ng-star-inserted\">Dozatorul Tork SmartOne rol\u0103 cu h\u00e2rtie igienic\u0103 din gama Elevation Design este un sistem de dozare eficient \u0219i durabil, ideal pentru toaletele solicitante cu trafic ridicat. Distribuirea bucat\u0103 cu bucat\u0103 ajut\u0103 la reducerea consumului cu p\u00e2n\u0103 la 40% \u00een compara\u021bie cu dozatoarele tradi\u021bionale de role jumbo, asigur\u00e2nd o utilizare mai eficient\u0103 a h\u00e2rtiei. Dozatoarele Tork Elevation au un design modern, func\u021bional, care las\u0103 o impresie de durat\u0103 oaspe\u021bilor dumneavoastr\u0103.<\/div>\n<p>Design-ul robust cu sistem de blocare pentru protejarea rolei \u0219i stoparea furtului este potrivit pentru mediile solicitante.<\/p>\n<p>Dozarea por\u021bie cu por\u021bie reduce consumul cu p\u00e2n\u0103 la 40%.<\/p>\n<p>Capacitate mare: \u00eentre\u021binere mai pu\u021bin\u0103 \u0219i risc mai mic de a r\u0103m\u00e2ne f\u0103r\u0103 h\u00e2rtie.<\/p>\n<p>Igienic: atinge\u021bi doar por\u021bia ce trebuie utilizat\u0103.<\/p>\n<p>Neutru din punct de vedere al amprentei de carbon- redus \u0219i compensat.<\/p>\n<\/div>\n<p>&nbsp;<\/p>","protected":false},"excerpt":{"rendered":"<p>Dozatorul Tork SmartOne rol\u0103 cu h\u00e2rtie igienic\u0103 din gama Elevation Design este un sistem de dozare eficient \u0219i durabil, ideal pentru toaletele solicitante cu trafic ridicat. Distribuirea bucat\u0103 cu bucat\u0103 ajut\u0103 la reducerea consumului cu p\u00e2n\u0103 la 40% \u00een compara\u021bie cu dozatoarele tradi\u021bionale de role jumbo, asigur\u00e2nd o utilizare mai&hellip; <\/p>","protected":false},"featured_media":11664,"comment_status":"open","ping_status":"closed","template":"","meta":{"inline_featured_image":false},"product_cat":[2204,1430,1429],"product_tag":[],"acf":[],"_links":{"self":[{"href":"https:\/\/idealhoreca.ro\/en\/wp-json\/wp\/v2\/product\/11663"}],"collection":[{"href":"https:\/\/idealhoreca.ro\/en\/wp-json\/wp\/v2\/product"}],"about":[{"href":"https:\/\/idealhoreca.ro\/en\/wp-json\/wp\/v2\/types\/product"}],"replies":[{"embeddable":true,"href":"https:\/\/idealhoreca.ro\/en\/wp-json\/wp\/v2\/comments?post=11663"}],"version-history":[{"count":2,"href":"https:\/\/idealhoreca.ro\/en\/wp-json\/wp\/v2\/product\/11663\/revisions"}],"predecessor-version":[{"id":11666,"href":"https:\/\/idealhoreca.ro\/en\/wp-json\/wp\/v2\/product\/11663\/revisions\/11666"}],"wp:featuredmedia":[{"embeddable":true,"href":"https:\/\/idealhoreca.ro\/en\/wp-json\/wp\/v2\/media\/11664"}],"wp:attachment":[{"href":"https:\/\/idealhoreca.ro\/en\/wp-json\/wp\/v2\/media?parent=11663"}],"wp:term":[{"taxonomy":"product_cat","embeddable":true,"href":"https:\/\/idealhoreca.ro\/en\/wp-json\/wp\/v2\/product_cat?post=11663"},{"taxonomy":"product_tag","embeddable":true,"href":"https:\/\/idealhoreca.ro\/en\/wp-json\/wp\/v2\/product_tag?post=11663"}],"curies":[{"name":"wp","href":"https:\/\/api.w.org\/{rel}","templated":true}]}}