{"id":11717,"date":"2023-10-09T13:23:23","date_gmt":"2023-10-09T11:23:23","guid":{"rendered":"https:\/\/idealhoreca.ro\/?post_type=product&#038;p=11717"},"modified":"2023-10-09T13:23:24","modified_gmt":"2023-10-09T11:23:24","slug":"sacosa-hartie-kraft-natur-maner-plat-322124-150-bax","status":"publish","type":"product","link":"https:\/\/idealhoreca.ro\/en\/product\/sacosa-hartie-kraft-natur-maner-plat-322124-150-bax\/","title":{"rendered":"Sacosa hartie kraft natur, maner plat, 32*21*24 150\/bax"},"content":{"rendered":"<p>Sacose din hartie kraft natur neimprimate, cu dimensiunea de 32x21x24cm (latime x burduf x lungime), ambalate a cate 150 buc\/bax si cu o greutate a hartiei de 80 g\/m\u00b2.<\/p>\n<p>Datorit\u0103 burdufului foarte generos de 21 cm, sunt ideale pentru transportul caserolelor mari, care se folosesc pentru ambalarea m\u00e2nc\u0103rii, \u00een special. Saco\u0219ele natur netip\u0103rite men\u021bin produsele calde mai mult timp \u0219i, datorit\u0103 compozi\u021biei ecologice, acestea nu se topesc \u0219i nici nu emit substan\u021be chimice volatile care ar putea afecta compozi\u021bia produsului alimentar transportat.<\/p>\n<p>Sacosele sunt concepute cu o intaritura la interior pentru o deplasare sigura a produselor.<\/p>\n<p>Sacosele au maner plat din hartie si dispun de o intaritura la interior, pentru o rezistenta crescuta.<\/p>","protected":false},"excerpt":{"rendered":"<p>Sacose din hartie kraft natur neimprimate, cu dimensiunea de 32x21x24cm (latime x burduf x lungime), ambalate a cate 150 buc\/bax si cu o greutate a hartiei de 80 g\/m\u00b2. Datorit\u0103 burdufului foarte generos de 21 cm, sunt ideale pentru transportul caserolelor mari, care se folosesc pentru ambalarea m\u00e2nc\u0103rii, \u00een special.&hellip; <\/p>","protected":false},"featured_media":11720,"comment_status":"open","ping_status":"closed","template":"","meta":{"inline_featured_image":false},"product_cat":[1351,1343],"product_tag":[],"acf":[],"_links":{"self":[{"href":"https:\/\/idealhoreca.ro\/en\/wp-json\/wp\/v2\/product\/11717"}],"collection":[{"href":"https:\/\/idealhoreca.ro\/en\/wp-json\/wp\/v2\/product"}],"about":[{"href":"https:\/\/idealhoreca.ro\/en\/wp-json\/wp\/v2\/types\/product"}],"replies":[{"embeddable":true,"href":"https:\/\/idealhoreca.ro\/en\/wp-json\/wp\/v2\/comments?post=11717"}],"version-history":[{"count":1,"href":"https:\/\/idealhoreca.ro\/en\/wp-json\/wp\/v2\/product\/11717\/revisions"}],"predecessor-version":[{"id":11724,"href":"https:\/\/idealhoreca.ro\/en\/wp-json\/wp\/v2\/product\/11717\/revisions\/11724"}],"wp:featuredmedia":[{"embeddable":true,"href":"https:\/\/idealhoreca.ro\/en\/wp-json\/wp\/v2\/media\/11720"}],"wp:attachment":[{"href":"https:\/\/idealhoreca.ro\/en\/wp-json\/wp\/v2\/media?parent=11717"}],"wp:term":[{"taxonomy":"product_cat","embeddable":true,"href":"https:\/\/idealhoreca.ro\/en\/wp-json\/wp\/v2\/product_cat?post=11717"},{"taxonomy":"product_tag","embeddable":true,"href":"https:\/\/idealhoreca.ro\/en\/wp-json\/wp\/v2\/product_tag?post=11717"}],"curies":[{"name":"wp","href":"https:\/\/api.w.org\/{rel}","templated":true}]}}