{"id":12073,"date":"2023-12-15T11:29:45","date_gmt":"2023-12-15T09:29:45","guid":{"rendered":"https:\/\/idealhoreca.ro\/?post_type=product&#038;p=12073"},"modified":"2024-01-15T15:41:30","modified_gmt":"2024-01-15T13:41:30","slug":"role-termice-57mm15m12mm-netiparite-240role-bax","status":"publish","type":"product","link":"https:\/\/idealhoreca.ro\/en\/product\/role-termice-57mm15m12mm-netiparite-240role-bax\/","title":{"rendered":"Role termice 57mm*15m*12mm, netiparite 240role\/bax"},"content":{"rendered":"<p>Role de hartie termica pentru printare monocrom, albe, nepersonalizate, calitatea h\u00e2rtiei fiind garantat\u0103 de produc\u0103tor.<\/p>\n<p>Aceste role termice sunt compatibile cu case de marcat, pos-uri bancare, imprimante termice etc.<\/p>\n<p>Toate rolele produse au marker pentru sfarsit de banda.<\/p>","protected":false},"excerpt":{"rendered":"<p><span style=\"color: #ff0000\">Se comanda <strong>la bax (=240role)<\/strong><\/span><\/p>\n<p><span style=\"color: #0000ff\">Disponibile <strong>doar la comanda,<\/strong> livrare 1-5 zile lucratoare.<\/span><\/p>","protected":false},"featured_media":12075,"comment_status":"open","ping_status":"closed","template":"","meta":{"inline_featured_image":false},"product_cat":[2431,2396],"product_tag":[],"acf":[],"_links":{"self":[{"href":"https:\/\/idealhoreca.ro\/en\/wp-json\/wp\/v2\/product\/12073"}],"collection":[{"href":"https:\/\/idealhoreca.ro\/en\/wp-json\/wp\/v2\/product"}],"about":[{"href":"https:\/\/idealhoreca.ro\/en\/wp-json\/wp\/v2\/types\/product"}],"replies":[{"embeddable":true,"href":"https:\/\/idealhoreca.ro\/en\/wp-json\/wp\/v2\/comments?post=12073"}],"version-history":[{"count":2,"href":"https:\/\/idealhoreca.ro\/en\/wp-json\/wp\/v2\/product\/12073\/revisions"}],"predecessor-version":[{"id":12081,"href":"https:\/\/idealhoreca.ro\/en\/wp-json\/wp\/v2\/product\/12073\/revisions\/12081"}],"wp:featuredmedia":[{"embeddable":true,"href":"https:\/\/idealhoreca.ro\/en\/wp-json\/wp\/v2\/media\/12075"}],"wp:attachment":[{"href":"https:\/\/idealhoreca.ro\/en\/wp-json\/wp\/v2\/media?parent=12073"}],"wp:term":[{"taxonomy":"product_cat","embeddable":true,"href":"https:\/\/idealhoreca.ro\/en\/wp-json\/wp\/v2\/product_cat?post=12073"},{"taxonomy":"product_tag","embeddable":true,"href":"https:\/\/idealhoreca.ro\/en\/wp-json\/wp\/v2\/product_tag?post=12073"}],"curies":[{"name":"wp","href":"https:\/\/api.w.org\/{rel}","templated":true}]}}