{"id":12089,"date":"2023-12-15T11:53:34","date_gmt":"2023-12-15T09:53:34","guid":{"rendered":"https:\/\/idealhoreca.ro\/?post_type=product&#038;p=12089"},"modified":"2024-01-15T15:42:20","modified_gmt":"2024-01-15T13:42:20","slug":"role-termice-57mm25m12mm-netiparite-160-role-bax","status":"publish","type":"product","link":"https:\/\/idealhoreca.ro\/en\/product\/role-termice-57mm25m12mm-netiparite-160-role-bax\/","title":{"rendered":"Role termice 57mm*25m*12mm, netiparite 160 role\/bax"},"content":{"rendered":"<p>Role de hartie termica pentru printare monocrom, albe, nepersonalizate, calitatea h\u00e2rtiei fiind garantat\u0103 de produc\u0103tor.<\/p>\n<p>Aceste role termice sunt compatibile cu case de marcat, pos-uri bancare, imprimante termice etc.<\/p>\n<p>Toate rolele produse au marker pentru sfarsit de banda.<\/p>","protected":false},"excerpt":{"rendered":"<p><span style=\"color: #ff0000\">Se comanda <strong>la bax (=160role)<\/strong><\/span><\/p>\n<p><span style=\"color: #0000ff\">Disponibile <strong>doar la comanda,<\/strong> livrare 1-5 zile lucratoare.<\/span><\/p>","protected":false},"featured_media":12091,"comment_status":"open","ping_status":"closed","template":"","meta":{"inline_featured_image":false},"product_cat":[2431,2396],"product_tag":[],"acf":[],"_links":{"self":[{"href":"https:\/\/idealhoreca.ro\/en\/wp-json\/wp\/v2\/product\/12089"}],"collection":[{"href":"https:\/\/idealhoreca.ro\/en\/wp-json\/wp\/v2\/product"}],"about":[{"href":"https:\/\/idealhoreca.ro\/en\/wp-json\/wp\/v2\/types\/product"}],"replies":[{"embeddable":true,"href":"https:\/\/idealhoreca.ro\/en\/wp-json\/wp\/v2\/comments?post=12089"}],"version-history":[{"count":1,"href":"https:\/\/idealhoreca.ro\/en\/wp-json\/wp\/v2\/product\/12089\/revisions"}],"predecessor-version":[{"id":12090,"href":"https:\/\/idealhoreca.ro\/en\/wp-json\/wp\/v2\/product\/12089\/revisions\/12090"}],"wp:featuredmedia":[{"embeddable":true,"href":"https:\/\/idealhoreca.ro\/en\/wp-json\/wp\/v2\/media\/12091"}],"wp:attachment":[{"href":"https:\/\/idealhoreca.ro\/en\/wp-json\/wp\/v2\/media?parent=12089"}],"wp:term":[{"taxonomy":"product_cat","embeddable":true,"href":"https:\/\/idealhoreca.ro\/en\/wp-json\/wp\/v2\/product_cat?post=12089"},{"taxonomy":"product_tag","embeddable":true,"href":"https:\/\/idealhoreca.ro\/en\/wp-json\/wp\/v2\/product_tag?post=12089"}],"curies":[{"name":"wp","href":"https:\/\/api.w.org\/{rel}","templated":true}]}}