{"id":12359,"date":"2024-02-27T14:42:38","date_gmt":"2024-02-27T12:42:38","guid":{"rendered":"https:\/\/idealhoreca.ro\/?post_type=product&#038;p=12359"},"modified":"2024-07-08T11:44:51","modified_gmt":"2024-07-08T09:44:51","slug":"sosiera-kraft-rotunda-60cc-100-set","status":"publish","type":"product","link":"https:\/\/idealhoreca.ro\/en\/product\/sosiera-kraft-rotunda-60cc-100-set\/","title":{"rendered":"Sosiera kraft rotunda 60cc 100\/set"},"content":{"rendered":"<p><span class=\"Y2IQFc\" lang=\"ro\">Boluri pentru alimente sau \u00eenghe\u021bat\u0103 din h\u00e2rtie kraft cu acoperire interioar\u0103 PE. Certificat FSC. Temperatura maxima de servire 80\u00b0C. Poate fi congelat la -12\u00b0C<\/span><\/p>","protected":false},"excerpt":{"rendered":"<p><span style=\"color: #ff0000\">Se comanda <strong>la set (=100buc)<\/strong><\/span><\/p>","protected":false},"featured_media":12361,"comment_status":"open","ping_status":"closed","template":"","meta":{"inline_featured_image":false},"product_cat":[1348],"product_tag":[],"acf":[],"_links":{"self":[{"href":"https:\/\/idealhoreca.ro\/en\/wp-json\/wp\/v2\/product\/12359"}],"collection":[{"href":"https:\/\/idealhoreca.ro\/en\/wp-json\/wp\/v2\/product"}],"about":[{"href":"https:\/\/idealhoreca.ro\/en\/wp-json\/wp\/v2\/types\/product"}],"replies":[{"embeddable":true,"href":"https:\/\/idealhoreca.ro\/en\/wp-json\/wp\/v2\/comments?post=12359"}],"version-history":[{"count":1,"href":"https:\/\/idealhoreca.ro\/en\/wp-json\/wp\/v2\/product\/12359\/revisions"}],"predecessor-version":[{"id":12360,"href":"https:\/\/idealhoreca.ro\/en\/wp-json\/wp\/v2\/product\/12359\/revisions\/12360"}],"wp:featuredmedia":[{"embeddable":true,"href":"https:\/\/idealhoreca.ro\/en\/wp-json\/wp\/v2\/media\/12361"}],"wp:attachment":[{"href":"https:\/\/idealhoreca.ro\/en\/wp-json\/wp\/v2\/media?parent=12359"}],"wp:term":[{"taxonomy":"product_cat","embeddable":true,"href":"https:\/\/idealhoreca.ro\/en\/wp-json\/wp\/v2\/product_cat?post=12359"},{"taxonomy":"product_tag","embeddable":true,"href":"https:\/\/idealhoreca.ro\/en\/wp-json\/wp\/v2\/product_tag?post=12359"}],"curies":[{"name":"wp","href":"https:\/\/api.w.org\/{rel}","templated":true}]}}