{"id":12380,"date":"2024-02-28T10:52:54","date_gmt":"2024-02-28T08:52:54","guid":{"rendered":"https:\/\/idealhoreca.ro\/?post_type=product&#038;p=12380"},"modified":"2024-02-28T10:53:02","modified_gmt":"2024-02-28T08:53:02","slug":"bete-chinezesti-premium-impachetate-23cm-100-set","status":"publish","type":"product","link":"https:\/\/idealhoreca.ro\/en\/product\/bete-chinezesti-premium-impachetate-23cm-100-set\/","title":{"rendered":"Bete chinezesti premium impachetate 23cm 100\/set"},"content":{"rendered":"<p>Be\u021bi\u0219oare Bamboo Premium, \u00een culoare natural\u0103. Fiecare pereche de betisoare este ambalat\u0103 \u00eentr-un ambalaj de h\u00e2rtie.<\/p>\n<p>Sunt deosebit de rezistente.<\/p>\n<p>Temperatura maxim\u0103 a alimentelor la servire 75\u00b0C. Potrivit \u0219i pentru alimente lichide.<\/p>","protected":false},"excerpt":{"rendered":"<p><span style=\"color: #ff0000\">Se comanda <strong>la set (=100buc)<\/strong><\/span><\/p>","protected":false},"featured_media":12382,"comment_status":"open","ping_status":"closed","template":"","meta":{"inline_featured_image":false},"product_cat":[2446],"product_tag":[],"acf":[],"_links":{"self":[{"href":"https:\/\/idealhoreca.ro\/en\/wp-json\/wp\/v2\/product\/12380"}],"collection":[{"href":"https:\/\/idealhoreca.ro\/en\/wp-json\/wp\/v2\/product"}],"about":[{"href":"https:\/\/idealhoreca.ro\/en\/wp-json\/wp\/v2\/types\/product"}],"replies":[{"embeddable":true,"href":"https:\/\/idealhoreca.ro\/en\/wp-json\/wp\/v2\/comments?post=12380"}],"version-history":[{"count":2,"href":"https:\/\/idealhoreca.ro\/en\/wp-json\/wp\/v2\/product\/12380\/revisions"}],"predecessor-version":[{"id":12383,"href":"https:\/\/idealhoreca.ro\/en\/wp-json\/wp\/v2\/product\/12380\/revisions\/12383"}],"wp:featuredmedia":[{"embeddable":true,"href":"https:\/\/idealhoreca.ro\/en\/wp-json\/wp\/v2\/media\/12382"}],"wp:attachment":[{"href":"https:\/\/idealhoreca.ro\/en\/wp-json\/wp\/v2\/media?parent=12380"}],"wp:term":[{"taxonomy":"product_cat","embeddable":true,"href":"https:\/\/idealhoreca.ro\/en\/wp-json\/wp\/v2\/product_cat?post=12380"},{"taxonomy":"product_tag","embeddable":true,"href":"https:\/\/idealhoreca.ro\/en\/wp-json\/wp\/v2\/product_tag?post=12380"}],"curies":[{"name":"wp","href":"https:\/\/api.w.org\/{rel}","templated":true}]}}