{"id":12617,"date":"2024-03-13T14:20:20","date_gmt":"2024-03-13T12:20:20","guid":{"rendered":"https:\/\/idealhoreca.ro\/?post_type=product&#038;p=12617"},"modified":"2024-03-13T14:20:20","modified_gmt":"2024-03-13T12:20:20","slug":"tork-matic-290067-prosop-hartie-1str-150m-rola-6-bax","status":"publish","type":"product","link":"https:\/\/idealhoreca.ro\/en\/product\/tork-matic-290067-prosop-hartie-1str-150m-rola-6-bax\/","title":{"rendered":"Tork Matic 290067 Prosop hartie 1str 150m\/rola 6\/bax"},"content":{"rendered":"<p>Prosoape de maini din hartie pe rola autocut\u00a0Tork Matic 290067 gama Advanced, 2 straturi, cu lungimea rolei de 150 metri, 600 de foi de hartie fina, absorbanta, foarte rezistenta atunci cand este umeda, trafic ridicat.<\/p>\n<p>H\u00e2rtia moale este delicat\u0103 cu m\u00e2inile, pentru confort la utilizare.<\/p>\n<p>Capacitate mare: \u00eentre\u021binere mai pu\u021bin\u0103 \u0219i risc mai mic de a r\u0103m\u00e2ne f\u0103r\u0103 h\u00e2rtie.<\/p>\n<p>Caracteristici Tork Easy Handling: U\u0219or de deschis, aplatizat \u0219i transportat.<\/p>","protected":false},"excerpt":{"rendered":"<p><span style=\"color: #ff0000\">Se comanda <strong>la bax (=6role)<\/strong><\/span><\/p>","protected":false},"featured_media":12618,"comment_status":"open","ping_status":"closed","template":"","meta":{"inline_featured_image":false},"product_cat":[1430,2209],"product_tag":[],"acf":[],"_links":{"self":[{"href":"https:\/\/idealhoreca.ro\/en\/wp-json\/wp\/v2\/product\/12617"}],"collection":[{"href":"https:\/\/idealhoreca.ro\/en\/wp-json\/wp\/v2\/product"}],"about":[{"href":"https:\/\/idealhoreca.ro\/en\/wp-json\/wp\/v2\/types\/product"}],"replies":[{"embeddable":true,"href":"https:\/\/idealhoreca.ro\/en\/wp-json\/wp\/v2\/comments?post=12617"}],"version-history":[{"count":1,"href":"https:\/\/idealhoreca.ro\/en\/wp-json\/wp\/v2\/product\/12617\/revisions"}],"predecessor-version":[{"id":12619,"href":"https:\/\/idealhoreca.ro\/en\/wp-json\/wp\/v2\/product\/12617\/revisions\/12619"}],"wp:featuredmedia":[{"embeddable":true,"href":"https:\/\/idealhoreca.ro\/en\/wp-json\/wp\/v2\/media\/12618"}],"wp:attachment":[{"href":"https:\/\/idealhoreca.ro\/en\/wp-json\/wp\/v2\/media?parent=12617"}],"wp:term":[{"taxonomy":"product_cat","embeddable":true,"href":"https:\/\/idealhoreca.ro\/en\/wp-json\/wp\/v2\/product_cat?post=12617"},{"taxonomy":"product_tag","embeddable":true,"href":"https:\/\/idealhoreca.ro\/en\/wp-json\/wp\/v2\/product_tag?post=12617"}],"curies":[{"name":"wp","href":"https:\/\/api.w.org\/{rel}","templated":true}]}}