{"id":12782,"date":"2024-03-27T13:54:24","date_gmt":"2024-03-27T11:54:24","guid":{"rendered":"https:\/\/idealhoreca.ro\/?post_type=product&#038;p=12782"},"modified":"2024-03-27T13:54:25","modified_gmt":"2024-03-27T11:54:25","slug":"farfurie-patrata-trestie-u-f-2020cm-50-set","status":"publish","type":"product","link":"https:\/\/idealhoreca.ro\/en\/product\/farfurie-patrata-trestie-u-f-2020cm-50-set\/","title":{"rendered":"Farfurie patrata trestie u.f. 20*20cm 50\/set"},"content":{"rendered":"<p>Farfuriile patrate sunt concepute pentru alimente fierbinti dar si pentru preparate reci.<\/p>\n<p>Perfecte pentru livr\u0103ri, catering sau street food.<\/p>\n<p>Sunt rezistente la gr\u0103simi \u0219i la ap\u0103.<\/p>\n<p>Farfuria este facuta 100% din plante si are la baza pulpa din trestia de zahar.<\/p>\n<p>Astfel ca este 100% biodegradabil \u0219i compostabil. Dup\u0103 folosire se descompune \u00eentr-o perioad\u0103 scurt\u0103 de timp \u00een materie organic\u0103, devenind nutrient pentru sol.<\/p>\n<p>Farfuriile pot fi folosite \u00een cuptor la temperaturi de p\u00e2n\u0103 la 220\u00b0C pentru o perioad\u0103 de 20 de minute, \u00een cuptorul cu microunde, \u00een frigider sau \u00een congelator.<\/p>","protected":false},"excerpt":{"rendered":"<p><span style=\"color: #ff0000\">Se comanda<strong> la set (=50 buc)<\/strong><\/span><\/p>\n<p>&nbsp;<\/p>","protected":false},"featured_media":12784,"comment_status":"open","ping_status":"closed","template":"","meta":{"inline_featured_image":false},"product_cat":[1494,1495],"product_tag":[],"acf":[],"_links":{"self":[{"href":"https:\/\/idealhoreca.ro\/en\/wp-json\/wp\/v2\/product\/12782"}],"collection":[{"href":"https:\/\/idealhoreca.ro\/en\/wp-json\/wp\/v2\/product"}],"about":[{"href":"https:\/\/idealhoreca.ro\/en\/wp-json\/wp\/v2\/types\/product"}],"replies":[{"embeddable":true,"href":"https:\/\/idealhoreca.ro\/en\/wp-json\/wp\/v2\/comments?post=12782"}],"version-history":[{"count":2,"href":"https:\/\/idealhoreca.ro\/en\/wp-json\/wp\/v2\/product\/12782\/revisions"}],"predecessor-version":[{"id":12785,"href":"https:\/\/idealhoreca.ro\/en\/wp-json\/wp\/v2\/product\/12782\/revisions\/12785"}],"wp:featuredmedia":[{"embeddable":true,"href":"https:\/\/idealhoreca.ro\/en\/wp-json\/wp\/v2\/media\/12784"}],"wp:attachment":[{"href":"https:\/\/idealhoreca.ro\/en\/wp-json\/wp\/v2\/media?parent=12782"}],"wp:term":[{"taxonomy":"product_cat","embeddable":true,"href":"https:\/\/idealhoreca.ro\/en\/wp-json\/wp\/v2\/product_cat?post=12782"},{"taxonomy":"product_tag","embeddable":true,"href":"https:\/\/idealhoreca.ro\/en\/wp-json\/wp\/v2\/product_tag?post=12782"}],"curies":[{"name":"wp","href":"https:\/\/api.w.org\/{rel}","templated":true}]}}