{"id":12916,"date":"2024-06-03T07:32:37","date_gmt":"2024-06-03T05:32:37","guid":{"rendered":"https:\/\/idealhoreca.ro\/?post_type=product&#038;p=12916"},"modified":"2024-06-03T07:32:37","modified_gmt":"2024-06-03T05:32:37","slug":"lucart-servetele-masa-albe-cu-buzunar-4040cm-40-set","status":"publish","type":"product","link":"https:\/\/idealhoreca.ro\/en\/product\/lucart-servetele-masa-albe-cu-buzunar-4040cm-40-set\/","title":{"rendered":"Lucart Servetele masa albe cu buzunar 40*40cm 40\/set"},"content":{"rendered":"<p>Servetelele de masa ofer\u0103 tac\u00e2murilor un loc de prezentare igienic \u0219i sunt solu\u021bia economic\u0103, dar \u0219i elegant\u0103 pentru tac\u00e2murile din orice loca\u021bie HoReCa.<\/p>\n<p>Sunt deja \u00eemp\u0103turite \u00een a\u0219a fel \u00eenc\u00e2t formeaz\u0103 un buzunar practic \u0219i igienic, destinat a\u0219ez\u0103rii tac\u00e2murilor \u00een interior.<\/p>\n<p>&#8211; confec\u021bionate din 2 straturi lipite \u00eentre ele de h\u00e2rtie (certificat\u0103 FSC) fin\u0103, moale, pentru o atingere cu adev\u0103rat catifelat\u0103.<\/p>\n<p>&#8211; ultra-absorbante<\/p>\n<p>Pe l\u00e2ng\u0103 utilitatea lor evident\u0103, ele sunt \u0219i o pat\u0103 de culoare \u0219i un element decorativ pe mese.<\/p>","protected":false},"excerpt":{"rendered":"<p><span style=\"color: #ff0000\">Se comanda<strong> la set (=40 buc)<\/strong><\/span><\/p>","protected":false},"featured_media":12918,"comment_status":"open","ping_status":"closed","template":"","meta":{"inline_featured_image":false},"product_cat":[1496,2223],"product_tag":[],"acf":[],"_links":{"self":[{"href":"https:\/\/idealhoreca.ro\/en\/wp-json\/wp\/v2\/product\/12916"}],"collection":[{"href":"https:\/\/idealhoreca.ro\/en\/wp-json\/wp\/v2\/product"}],"about":[{"href":"https:\/\/idealhoreca.ro\/en\/wp-json\/wp\/v2\/types\/product"}],"replies":[{"embeddable":true,"href":"https:\/\/idealhoreca.ro\/en\/wp-json\/wp\/v2\/comments?post=12916"}],"version-history":[{"count":1,"href":"https:\/\/idealhoreca.ro\/en\/wp-json\/wp\/v2\/product\/12916\/revisions"}],"predecessor-version":[{"id":12917,"href":"https:\/\/idealhoreca.ro\/en\/wp-json\/wp\/v2\/product\/12916\/revisions\/12917"}],"wp:featuredmedia":[{"embeddable":true,"href":"https:\/\/idealhoreca.ro\/en\/wp-json\/wp\/v2\/media\/12918"}],"wp:attachment":[{"href":"https:\/\/idealhoreca.ro\/en\/wp-json\/wp\/v2\/media?parent=12916"}],"wp:term":[{"taxonomy":"product_cat","embeddable":true,"href":"https:\/\/idealhoreca.ro\/en\/wp-json\/wp\/v2\/product_cat?post=12916"},{"taxonomy":"product_tag","embeddable":true,"href":"https:\/\/idealhoreca.ro\/en\/wp-json\/wp\/v2\/product_tag?post=12916"}],"curies":[{"name":"wp","href":"https:\/\/api.w.org\/{rel}","templated":true}]}}