{"id":12966,"date":"2024-07-29T13:24:33","date_gmt":"2024-07-29T11:24:33","guid":{"rendered":"https:\/\/idealhoreca.ro\/?post_type=product&#038;p=12966"},"modified":"2024-07-29T13:24:33","modified_gmt":"2024-07-29T11:24:33","slug":"caserola-natur-cu-capac-pp-rectangulara-1000cc-50-set","status":"publish","type":"product","link":"https:\/\/idealhoreca.ro\/en\/product\/caserola-natur-cu-capac-pp-rectangulara-1000cc-50-set\/","title":{"rendered":"Caserola natur cu capac PP, rectangulara 1000cc, 50\/set"},"content":{"rendered":"<p>Aceast\u0103 caserol\u0103 este ideal\u0103 pentru restaurante, cafenele \u0219i servicii de catering care caut\u0103 o solu\u021bie sustenabil\u0103 \u0219i elegant\u0103 pentru ambalarea m\u00e2nc\u0103rurilor.<\/p>\n<p>Fabricate din carton de \u00eenalt\u0103 calitate, aceste caserole sunt rezistente \u0219i pot p\u0103stra m\u00e2nc\u0103rurile \u00een condi\u021bii optime.<\/p>\n<p>Designul rectangular este perfect pentru o varietate de preparate, de la feluri principale la deserturi \u0219i gust\u0103ri.<\/p>","protected":false},"excerpt":{"rendered":"<p><span style=\"color: #ff0000\">Se comanda <strong>la set (=50 buc)<\/strong><\/span><\/p>","protected":false},"featured_media":12967,"comment_status":"open","ping_status":"closed","template":"","meta":{"inline_featured_image":false},"product_cat":[948,949],"product_tag":[],"acf":[],"_links":{"self":[{"href":"https:\/\/idealhoreca.ro\/en\/wp-json\/wp\/v2\/product\/12966"}],"collection":[{"href":"https:\/\/idealhoreca.ro\/en\/wp-json\/wp\/v2\/product"}],"about":[{"href":"https:\/\/idealhoreca.ro\/en\/wp-json\/wp\/v2\/types\/product"}],"replies":[{"embeddable":true,"href":"https:\/\/idealhoreca.ro\/en\/wp-json\/wp\/v2\/comments?post=12966"}],"version-history":[{"count":2,"href":"https:\/\/idealhoreca.ro\/en\/wp-json\/wp\/v2\/product\/12966\/revisions"}],"predecessor-version":[{"id":12969,"href":"https:\/\/idealhoreca.ro\/en\/wp-json\/wp\/v2\/product\/12966\/revisions\/12969"}],"wp:featuredmedia":[{"embeddable":true,"href":"https:\/\/idealhoreca.ro\/en\/wp-json\/wp\/v2\/media\/12967"}],"wp:attachment":[{"href":"https:\/\/idealhoreca.ro\/en\/wp-json\/wp\/v2\/media?parent=12966"}],"wp:term":[{"taxonomy":"product_cat","embeddable":true,"href":"https:\/\/idealhoreca.ro\/en\/wp-json\/wp\/v2\/product_cat?post=12966"},{"taxonomy":"product_tag","embeddable":true,"href":"https:\/\/idealhoreca.ro\/en\/wp-json\/wp\/v2\/product_tag?post=12966"}],"curies":[{"name":"wp","href":"https:\/\/api.w.org\/{rel}","templated":true}]}}