{"id":13034,"date":"2024-10-10T09:29:28","date_gmt":"2024-10-10T07:29:28","guid":{"rendered":"https:\/\/idealhoreca.ro\/?post_type=product&#038;p=13034"},"modified":"2024-10-10T09:29:28","modified_gmt":"2024-10-10T07:29:28","slug":"tenzi-uni-clean-gt-degresant-multisuprafete-cu-pulv-1l","status":"publish","type":"product","link":"https:\/\/idealhoreca.ro\/en\/product\/tenzi-uni-clean-gt-degresant-multisuprafete-cu-pulv-1l\/","title":{"rendered":"Tenzi  Uni Clean GT Degresant multisuprafete cu pulv 1L"},"content":{"rendered":"<p>Detergent pentru degresarea suprafe\u021belor \u015fi obiectelor. \u00cendep\u0103rteaz\u0103 \u00een mod eficient gr\u0103simea de origine vegetal\u0103, animal\u0103 \u015fi industrial\u0103. Recomandat pentru cur\u0103\u0163area suprafe\u0163elor din buc\u0103t\u0103rie, \u00eembr\u0103c\u0103minte, diverse suprafe\u0163e ale autovehiculelor \u015fi accesorii pentru gr\u0103din\u0103rit.<\/p>\n<p><strong>Domeniul de \u00eentrebuin\u0163are:<\/strong><\/p>\n<p>Suprafe\u021be textile<\/p>\n<p>Articole de buc\u0103t\u0103rie (cuptoare, hote) \u2013 degresant<\/p>\n<p>Componente autovehicule (ro\u021bi,<\/p>\n<p>Pulveriza\u021bi pe suprafa\u021b\u0103 \u015fi uniformiza\u021bi cu aten\u021bie.<\/p>\n<p>A\u015ftepta\u021bi 2-3 minute, peria\u021bi suprafa\u021ba \u015fi colecta\u021bi murd\u0103ria.<\/p>\n<p>Cl\u0103ti\u021bi cu ap\u0103 \u015fi l\u0103sa\u021bi s\u0103 se usuce.motoare)<\/p>\n<p>Pardoseli, rosturi<\/p>\n<p>Valoare pH (concentrat):\u00a0cca. 13<\/p>\n<p><strong>Mod de utilizare:<\/strong><\/p>\n<p>Produs gata de utilizat f\u0103r\u0103 diluare.<\/p>\n<div>\n<p><strong>ATEN\u021aIE:<\/strong>\u00a0Nu folosi\u021bi pe materiale moi, plastic transparent, lemn, pe suprafe\u0163e textile cu culori nepermanente, plexiglas (ex. cabin\u0103 de du\u015f).<\/p>\n<\/div>","protected":false},"excerpt":{"rendered":"<p>Detergent pentru degresarea suprafe\u021belor \u015fi obiectelor. \u00cendep\u0103rteaz\u0103 \u00een mod eficient gr\u0103simea de origine vegetal\u0103, animal\u0103 \u015fi industrial\u0103. Recomandat pentru cur\u0103\u0163area suprafe\u0163elor din buc\u0103t\u0103rie, \u00eembr\u0103c\u0103minte, diverse suprafe\u0163e ale autovehiculelor \u015fi accesorii pentru gr\u0103din\u0103rit. Domeniul de \u00eentrebuin\u0163are: Suprafe\u021be textile Articole de buc\u0103t\u0103rie (cuptoare, hote) \u2013 degresant Componente autovehicule (ro\u021bi, Pulveriza\u021bi pe suprafa\u021b\u0103&hellip; <\/p>","protected":false},"featured_media":13035,"comment_status":"open","ping_status":"closed","template":"","meta":{"inline_featured_image":false},"product_cat":[936,935],"product_tag":[],"acf":[],"_links":{"self":[{"href":"https:\/\/idealhoreca.ro\/en\/wp-json\/wp\/v2\/product\/13034"}],"collection":[{"href":"https:\/\/idealhoreca.ro\/en\/wp-json\/wp\/v2\/product"}],"about":[{"href":"https:\/\/idealhoreca.ro\/en\/wp-json\/wp\/v2\/types\/product"}],"replies":[{"embeddable":true,"href":"https:\/\/idealhoreca.ro\/en\/wp-json\/wp\/v2\/comments?post=13034"}],"version-history":[{"count":1,"href":"https:\/\/idealhoreca.ro\/en\/wp-json\/wp\/v2\/product\/13034\/revisions"}],"predecessor-version":[{"id":13036,"href":"https:\/\/idealhoreca.ro\/en\/wp-json\/wp\/v2\/product\/13034\/revisions\/13036"}],"wp:featuredmedia":[{"embeddable":true,"href":"https:\/\/idealhoreca.ro\/en\/wp-json\/wp\/v2\/media\/13035"}],"wp:attachment":[{"href":"https:\/\/idealhoreca.ro\/en\/wp-json\/wp\/v2\/media?parent=13034"}],"wp:term":[{"taxonomy":"product_cat","embeddable":true,"href":"https:\/\/idealhoreca.ro\/en\/wp-json\/wp\/v2\/product_cat?post=13034"},{"taxonomy":"product_tag","embeddable":true,"href":"https:\/\/idealhoreca.ro\/en\/wp-json\/wp\/v2\/product_tag?post=13034"}],"curies":[{"name":"wp","href":"https:\/\/api.w.org\/{rel}","templated":true}]}}