{"id":13056,"date":"2024-10-18T10:31:31","date_gmt":"2024-10-18T08:31:31","guid":{"rendered":"https:\/\/idealhoreca.ro\/?post_type=product&#038;p=13056"},"modified":"2024-10-18T10:31:31","modified_gmt":"2024-10-18T08:31:31","slug":"tenzi-detergent-pardoseli-topefekt-oranz-5l","status":"publish","type":"product","link":"https:\/\/idealhoreca.ro\/en\/product\/tenzi-detergent-pardoseli-topefekt-oranz-5l\/","title":{"rendered":"Tenzi Detergent pardoseli Topefekt Oranz 5L"},"content":{"rendered":"<p>Produs neutru de cur\u0103\u0163are cu propriet\u0103\u0163i de \u00eengrijire a suprafe\u021bei \u015fi miros pl\u0103cut de portocal\u0103. Datorit\u0103 alcoolului, se usuc\u0103 rapid \u015fi nu las\u0103 urme. Este sigur pentru m\u00e2ini \u015fi haine, nu las\u0103 straturi de protec\u021bie \u015fi men\u021bine propriet\u0103\u021bile naturale ale suprafe\u021bei cur\u0103\u021bate. Recomandat pentru toate suprafe\u021bele lucioase \u015fi cele cu nivel sc\u0103zut de absorb\u021bie.<\/p>\n<p>Valoare pH (concentrat):\u00a0cca. 7<\/p>\n<p>\u00centrebuin\u0163are:<\/p>\n<p>Toate tipurile de suprafe\u0163e rezistente la apa , placi de ceramica,\u00a0 glazurata, piatra,\u00a0 PVC, cherestea lacuita, pluta,\u00a0 plastic \u015fi parchet. Pentru spa\u0163iile de birouri, pentru cura\u0163area mobilierului lacuit, birotica \u015fi accesorii. Se recomanda pentru suprafe\u0163ele lucioase \u015fi lacuite.<\/p>\n<p>Mod de utilizare:<\/p>\n<p>prin pulverizare: 2,5 \u2013 5 ML \/ 1L de ap\u0103<\/p>\n<p>cur\u0103\u021bare mecanic\u0103 (\u00a0<a href=\"https:\/\/www.servexpert.ro\/echipamente-curatenie\/monodiscuri-profesionale-sprintus\" target=\"_blank\" rel=\"noopener\">monodisc<\/a>,\u00a0<a href=\"https:\/\/www.servexpert.ro\/echipamente-curatenie\/masini-spalare-aspirare\" target=\"_blank\" rel=\"noopener\">ma\u0219in\u0103 de sp\u0103lat aspirat<\/a>: 50 \u2013 100 ML \/ 10L de ap\u0103<\/p>\n<p>cur\u0103\u021bare manual\u0103 (\u00a0<a href=\"https:\/\/www.servexpert.ro\/consumabile-si-accesorii-curatenie\/lavete-microfibra\" target=\"_blank\" rel=\"noopener\">lavet\u0103<\/a>,\u00a0<a href=\"https:\/\/www.servexpert.ro\/echipamente-curatenie\/mopuri-profesionale-curatenie\" target=\"_blank\" rel=\"noopener\">mop<\/a>): 25 \u2013 50 ML \/ 10L de ap\u0103<\/p>\n<p>Suprafe\u0163ele cura\u0163ate cu acest preparat nu necesita clatire.<\/p>\n<p>Aten\u021bie:\u00a0Nu folosi\u021bi pe suprafe\u021be acoperite cu strat de protec\u021bie.<\/p>","protected":false},"excerpt":{"rendered":"<p>Produs neutru de cur\u0103\u0163are cu propriet\u0103\u0163i de \u00eengrijire a suprafe\u021bei \u015fi miros pl\u0103cut de portocal\u0103. Datorit\u0103 alcoolului, se usuc\u0103 rapid \u015fi nu las\u0103 urme. Este sigur pentru m\u00e2ini \u015fi haine, nu las\u0103 straturi de protec\u021bie \u015fi men\u021bine propriet\u0103\u021bile naturale ale suprafe\u021bei cur\u0103\u021bate. Recomandat pentru toate suprafe\u021bele lucioase \u015fi cele cu&hellip; <\/p>","protected":false},"featured_media":13057,"comment_status":"open","ping_status":"closed","template":"","meta":{"inline_featured_image":false},"product_cat":[935],"product_tag":[],"acf":[],"_links":{"self":[{"href":"https:\/\/idealhoreca.ro\/en\/wp-json\/wp\/v2\/product\/13056"}],"collection":[{"href":"https:\/\/idealhoreca.ro\/en\/wp-json\/wp\/v2\/product"}],"about":[{"href":"https:\/\/idealhoreca.ro\/en\/wp-json\/wp\/v2\/types\/product"}],"replies":[{"embeddable":true,"href":"https:\/\/idealhoreca.ro\/en\/wp-json\/wp\/v2\/comments?post=13056"}],"version-history":[{"count":1,"href":"https:\/\/idealhoreca.ro\/en\/wp-json\/wp\/v2\/product\/13056\/revisions"}],"predecessor-version":[{"id":13058,"href":"https:\/\/idealhoreca.ro\/en\/wp-json\/wp\/v2\/product\/13056\/revisions\/13058"}],"wp:featuredmedia":[{"embeddable":true,"href":"https:\/\/idealhoreca.ro\/en\/wp-json\/wp\/v2\/media\/13057"}],"wp:attachment":[{"href":"https:\/\/idealhoreca.ro\/en\/wp-json\/wp\/v2\/media?parent=13056"}],"wp:term":[{"taxonomy":"product_cat","embeddable":true,"href":"https:\/\/idealhoreca.ro\/en\/wp-json\/wp\/v2\/product_cat?post=13056"},{"taxonomy":"product_tag","embeddable":true,"href":"https:\/\/idealhoreca.ro\/en\/wp-json\/wp\/v2\/product_tag?post=13056"}],"curies":[{"name":"wp","href":"https:\/\/api.w.org\/{rel}","templated":true}]}}