{"id":13197,"date":"2024-11-06T10:33:58","date_gmt":"2024-11-06T08:33:58","guid":{"rendered":"https:\/\/idealhoreca.ro\/?post_type=product&#038;p=13197"},"modified":"2024-11-06T10:34:14","modified_gmt":"2024-11-06T08:34:14","slug":"punga-hartie-natur-18x9x24cm-1000-bax","status":"publish","type":"product","link":"https:\/\/idealhoreca.ro\/en\/product\/punga-hartie-natur-18x9x24cm-1000-bax\/","title":{"rendered":"Punga hartie natur 18X9X24cm 1000\/bax"},"content":{"rendered":"<p>Punga din hartie kraft natur neimprimata pentru ambalare produse vrac (patiserie, covrigarie).<br \/>\nFolosi\u021bi cu \u00eencredere aceste pungi pentru a c\u0103ra toate bunurile necesare, h\u00e2rtia kraft e foarte rezistenta.<\/p>\n<p>Cele 2 straturi de h\u00e2rtie kraft \u00eei ofer\u0103 pungii de h\u00e2rtie o rezistenta crescut\u0103.<\/p>","protected":false},"excerpt":{"rendered":"<p>Punga din hartie kraft natur neimprimata pentru ambalare produse vrac (patiserie, covrigarie). Folosi\u021bi cu \u00eencredere aceste pungi pentru a c\u0103ra toate bunurile necesare, h\u00e2rtia kraft e foarte rezistenta. Cele 2 straturi de h\u00e2rtie kraft \u00eei ofer\u0103 pungii de h\u00e2rtie o rezistenta crescut\u0103.<\/p>","protected":false},"featured_media":13198,"comment_status":"open","ping_status":"closed","template":"","meta":{"inline_featured_image":false},"product_cat":[1133,2133],"product_tag":[],"acf":[],"_links":{"self":[{"href":"https:\/\/idealhoreca.ro\/en\/wp-json\/wp\/v2\/product\/13197"}],"collection":[{"href":"https:\/\/idealhoreca.ro\/en\/wp-json\/wp\/v2\/product"}],"about":[{"href":"https:\/\/idealhoreca.ro\/en\/wp-json\/wp\/v2\/types\/product"}],"replies":[{"embeddable":true,"href":"https:\/\/idealhoreca.ro\/en\/wp-json\/wp\/v2\/comments?post=13197"}],"version-history":[{"count":1,"href":"https:\/\/idealhoreca.ro\/en\/wp-json\/wp\/v2\/product\/13197\/revisions"}],"predecessor-version":[{"id":13199,"href":"https:\/\/idealhoreca.ro\/en\/wp-json\/wp\/v2\/product\/13197\/revisions\/13199"}],"wp:featuredmedia":[{"embeddable":true,"href":"https:\/\/idealhoreca.ro\/en\/wp-json\/wp\/v2\/media\/13198"}],"wp:attachment":[{"href":"https:\/\/idealhoreca.ro\/en\/wp-json\/wp\/v2\/media?parent=13197"}],"wp:term":[{"taxonomy":"product_cat","embeddable":true,"href":"https:\/\/idealhoreca.ro\/en\/wp-json\/wp\/v2\/product_cat?post=13197"},{"taxonomy":"product_tag","embeddable":true,"href":"https:\/\/idealhoreca.ro\/en\/wp-json\/wp\/v2\/product_tag?post=13197"}],"curies":[{"name":"wp","href":"https:\/\/api.w.org\/{rel}","templated":true}]}}