{"id":13214,"date":"2024-11-15T12:14:23","date_gmt":"2024-11-15T10:14:23","guid":{"rendered":"https:\/\/idealhoreca.ro\/?post_type=product&#038;p=13214"},"modified":"2025-01-30T15:35:53","modified_gmt":"2025-01-30T13:35:53","slug":"paie-hartie-negre-2008mm-150-set","status":"publish","type":"product","link":"https:\/\/idealhoreca.ro\/en\/product\/paie-hartie-negre-2008mm-150-set\/","title":{"rendered":"Paie hartie NEGRE 200*8mm 150\/set"},"content":{"rendered":"<p>Paie de b\u0103ut din h\u00e2rtie, potrivite pentru orice b\u0103utur\u0103 dori\u021bi s\u0103 servi\u021bi.<\/p>\n<p>Produsul este biodegradabil.<\/p>\n<p>Produsul este rezistent \u00een b\u0103uturi reci \u0219i calde.<\/p>\n<p><em>Recomand\u0103ri de folosire:<\/em><\/p>\n<p><em>A nu se utiliza \u00een b\u0103uturi fierbinti (ceai, ciocolat\u0103 cald\u0103, etc.)<\/em><\/p>\n<p>Culoare: negru;<\/p>\n<p>Dimensiune: 200 mm x 8 mm;<\/p>\n<p>Mod de ambalare: 150 buc\u0103\u021bi.<\/p>","protected":false},"excerpt":{"rendered":"<p>Paie de b\u0103ut din h\u00e2rtie, potrivite pentru orice b\u0103utur\u0103 dori\u021bi s\u0103 servi\u021bi. Produsul este biodegradabil. Produsul este rezistent \u00een b\u0103uturi reci \u0219i calde. Recomand\u0103ri de folosire: A nu se utiliza \u00een b\u0103uturi fierbinti (ceai, ciocolat\u0103 cald\u0103, etc.) Culoare: negru; Dimensiune: 200 mm x 8 mm; Mod de ambalare: 150 buc\u0103\u021bi.<\/p>","protected":false},"featured_media":13220,"comment_status":"open","ping_status":"closed","template":"","meta":{"inline_featured_image":false},"product_cat":[1253,1254],"product_tag":[],"acf":[],"_links":{"self":[{"href":"https:\/\/idealhoreca.ro\/en\/wp-json\/wp\/v2\/product\/13214"}],"collection":[{"href":"https:\/\/idealhoreca.ro\/en\/wp-json\/wp\/v2\/product"}],"about":[{"href":"https:\/\/idealhoreca.ro\/en\/wp-json\/wp\/v2\/types\/product"}],"replies":[{"embeddable":true,"href":"https:\/\/idealhoreca.ro\/en\/wp-json\/wp\/v2\/comments?post=13214"}],"version-history":[{"count":3,"href":"https:\/\/idealhoreca.ro\/en\/wp-json\/wp\/v2\/product\/13214\/revisions"}],"predecessor-version":[{"id":13221,"href":"https:\/\/idealhoreca.ro\/en\/wp-json\/wp\/v2\/product\/13214\/revisions\/13221"}],"wp:featuredmedia":[{"embeddable":true,"href":"https:\/\/idealhoreca.ro\/en\/wp-json\/wp\/v2\/media\/13220"}],"wp:attachment":[{"href":"https:\/\/idealhoreca.ro\/en\/wp-json\/wp\/v2\/media?parent=13214"}],"wp:term":[{"taxonomy":"product_cat","embeddable":true,"href":"https:\/\/idealhoreca.ro\/en\/wp-json\/wp\/v2\/product_cat?post=13214"},{"taxonomy":"product_tag","embeddable":true,"href":"https:\/\/idealhoreca.ro\/en\/wp-json\/wp\/v2\/product_tag?post=13214"}],"curies":[{"name":"wp","href":"https:\/\/api.w.org\/{rel}","templated":true}]}}