{"id":13222,"date":"2024-11-18T11:41:01","date_gmt":"2024-11-18T09:41:01","guid":{"rendered":"https:\/\/idealhoreca.ro\/?post_type=product&#038;p=13222"},"modified":"2025-01-30T14:31:34","modified_gmt":"2025-01-30T12:31:34","slug":"paie-hartie-negre-2006mm-250-set","status":"publish","type":"product","link":"https:\/\/idealhoreca.ro\/en\/product\/paie-hartie-negre-2006mm-250-set\/","title":{"rendered":"Paie hartie NEGRE 200*6mm 250\/set"},"content":{"rendered":"<p>Paie de b\u0103ut din h\u00e2rtie, potrivite pentru orice b\u0103utur\u0103 dori\u021bi s\u0103 servi\u021bi.<\/p>\n<p>Produsul este biodegradabil.<\/p>\n<p>Produsul este rezistent \u00een b\u0103uturi reci \u0219i calde.<\/p>\n<p><em>Recomand\u0103ri de folosire:<\/em><\/p>\n<p><em>A nu se utiliza \u00een b\u0103uturi fierbinti (ceai, ciocolat\u0103 cald\u0103, etc.)<\/em><\/p>\n<p>Culoare: negru;<\/p>\n<p>Dimensiune: 200 mm x 6 mm;<\/p>\n<p>Mod de ambalare: 250 buc\u0103\u021bi.<\/p>","protected":false},"excerpt":{"rendered":"<p>Paie de b\u0103ut din h\u00e2rtie, potrivite pentru orice b\u0103utur\u0103 dori\u021bi s\u0103 servi\u021bi. Produsul este biodegradabil. Produsul este rezistent \u00een b\u0103uturi reci \u0219i calde. Recomand\u0103ri de folosire: A nu se utiliza \u00een b\u0103uturi fierbinti (ceai, ciocolat\u0103 cald\u0103, etc.) Culoare: negru; Dimensiune: 200 mm x 6 mm; Mod de ambalare: 250 buc\u0103\u021bi.<\/p>","protected":false},"featured_media":13223,"comment_status":"open","ping_status":"closed","template":"","meta":{"inline_featured_image":false},"product_cat":[1253,1254],"product_tag":[],"acf":[],"_links":{"self":[{"href":"https:\/\/idealhoreca.ro\/en\/wp-json\/wp\/v2\/product\/13222"}],"collection":[{"href":"https:\/\/idealhoreca.ro\/en\/wp-json\/wp\/v2\/product"}],"about":[{"href":"https:\/\/idealhoreca.ro\/en\/wp-json\/wp\/v2\/types\/product"}],"replies":[{"embeddable":true,"href":"https:\/\/idealhoreca.ro\/en\/wp-json\/wp\/v2\/comments?post=13222"}],"version-history":[{"count":1,"href":"https:\/\/idealhoreca.ro\/en\/wp-json\/wp\/v2\/product\/13222\/revisions"}],"predecessor-version":[{"id":13224,"href":"https:\/\/idealhoreca.ro\/en\/wp-json\/wp\/v2\/product\/13222\/revisions\/13224"}],"wp:featuredmedia":[{"embeddable":true,"href":"https:\/\/idealhoreca.ro\/en\/wp-json\/wp\/v2\/media\/13223"}],"wp:attachment":[{"href":"https:\/\/idealhoreca.ro\/en\/wp-json\/wp\/v2\/media?parent=13222"}],"wp:term":[{"taxonomy":"product_cat","embeddable":true,"href":"https:\/\/idealhoreca.ro\/en\/wp-json\/wp\/v2\/product_cat?post=13222"},{"taxonomy":"product_tag","embeddable":true,"href":"https:\/\/idealhoreca.ro\/en\/wp-json\/wp\/v2\/product_tag?post=13222"}],"curies":[{"name":"wp","href":"https:\/\/api.w.org\/{rel}","templated":true}]}}