{"id":13315,"date":"2025-01-28T09:01:13","date_gmt":"2025-01-28T07:01:13","guid":{"rendered":"https:\/\/idealhoreca.ro\/?post_type=product&#038;p=13315"},"modified":"2025-01-28T09:07:58","modified_gmt":"2025-01-28T07:07:58","slug":"capac-pt-tavita-tuk-750cc-50-set","status":"publish","type":"product","link":"https:\/\/idealhoreca.ro\/en\/product\/capac-pt-tavita-tuk-750cc-50-set\/","title":{"rendered":"Capac pt Tavita TUK 750cc 50\/set"},"content":{"rendered":"<p>Aceste capace sunt ideale pentru a p\u0103stra prospe\u021bimea alimentelor. Ele sunt folosite \u00een buc\u0103t\u0103ria casnic\u0103 pentru depozitarea \u0219i transportul alimentelor, dar \u0219i \u00een industria alimentar\u0103 comercial\u0103 pentru servirea \u0219i livrarea m\u00e2nc\u0103rurilor.<\/p>\n<p>Capacele plate pentru caserole ofer\u0103 o solu\u021bie simpl\u0103 \u0219i practic\u0103 pentru \u00eenchiderea \u0219i protejarea caserolelor, facilit\u00e2nd manipularea \u0219i stocarea alimentelor \u00een condi\u021bii igienice \u0219i sigure.<\/p>\n<p>&nbsp;<\/p>","protected":false},"excerpt":{"rendered":"<p>Aceste capace sunt ideale pentru a p\u0103stra prospe\u021bimea alimentelor. Ele sunt folosite \u00een buc\u0103t\u0103ria casnic\u0103 pentru depozitarea \u0219i transportul alimentelor, dar \u0219i \u00een industria alimentar\u0103 comercial\u0103 pentru servirea \u0219i livrarea m\u00e2nc\u0103rurilor. Capacele plate pentru caserole ofer\u0103 o solu\u021bie simpl\u0103 \u0219i practic\u0103 pentru \u00eenchiderea \u0219i protejarea caserolelor, facilit\u00e2nd manipularea \u0219i stocarea&hellip; <\/p>","protected":false},"featured_media":13317,"comment_status":"open","ping_status":"closed","template":"","meta":{"inline_featured_image":false},"product_cat":[948],"product_tag":[],"acf":[],"_links":{"self":[{"href":"https:\/\/idealhoreca.ro\/en\/wp-json\/wp\/v2\/product\/13315"}],"collection":[{"href":"https:\/\/idealhoreca.ro\/en\/wp-json\/wp\/v2\/product"}],"about":[{"href":"https:\/\/idealhoreca.ro\/en\/wp-json\/wp\/v2\/types\/product"}],"replies":[{"embeddable":true,"href":"https:\/\/idealhoreca.ro\/en\/wp-json\/wp\/v2\/comments?post=13315"}],"version-history":[{"count":1,"href":"https:\/\/idealhoreca.ro\/en\/wp-json\/wp\/v2\/product\/13315\/revisions"}],"predecessor-version":[{"id":13316,"href":"https:\/\/idealhoreca.ro\/en\/wp-json\/wp\/v2\/product\/13315\/revisions\/13316"}],"wp:featuredmedia":[{"embeddable":true,"href":"https:\/\/idealhoreca.ro\/en\/wp-json\/wp\/v2\/media\/13317"}],"wp:attachment":[{"href":"https:\/\/idealhoreca.ro\/en\/wp-json\/wp\/v2\/media?parent=13315"}],"wp:term":[{"taxonomy":"product_cat","embeddable":true,"href":"https:\/\/idealhoreca.ro\/en\/wp-json\/wp\/v2\/product_cat?post=13315"},{"taxonomy":"product_tag","embeddable":true,"href":"https:\/\/idealhoreca.ro\/en\/wp-json\/wp\/v2\/product_tag?post=13315"}],"curies":[{"name":"wp","href":"https:\/\/api.w.org\/{rel}","templated":true}]}}