{"id":13318,"date":"2025-01-28T09:10:54","date_gmt":"2025-01-28T07:10:54","guid":{"rendered":"https:\/\/idealhoreca.ro\/?post_type=product&#038;p=13318"},"modified":"2025-01-28T09:25:37","modified_gmt":"2025-01-28T07:25:37","slug":"capac-pt-tavita-tuk-1200cc-50-set","status":"publish","type":"product","link":"https:\/\/idealhoreca.ro\/en\/product\/capac-pt-tavita-tuk-1200cc-50-set\/","title":{"rendered":"Capac pt Tavita TUK 1200cc 50\/set"},"content":{"rendered":"<p>Aceste capace sunt ideale pentru a p\u0103stra prospe\u021bimea alimentelor. Ele sunt folosite \u00een buc\u0103t\u0103ria casnic\u0103 pentru depozitarea \u0219i transportul alimentelor, dar \u0219i \u00een industria alimentar\u0103 comercial\u0103 pentru servirea \u0219i livrarea m\u00e2nc\u0103rurilor.<\/p>\n<p>Capacele plate pentru caserole ofer\u0103 o solu\u021bie simpl\u0103 \u0219i practic\u0103 pentru \u00eenchiderea \u0219i protejarea caserolelor, facilit\u00e2nd manipularea \u0219i stocarea alimentelor \u00een condi\u021bii igienice \u0219i sigure.<\/p>","protected":false},"excerpt":{"rendered":"<p>Aceste capace sunt ideale pentru a p\u0103stra prospe\u021bimea alimentelor. Ele sunt folosite \u00een buc\u0103t\u0103ria casnic\u0103 pentru depozitarea \u0219i transportul alimentelor, dar \u0219i \u00een industria alimentar\u0103 comercial\u0103 pentru servirea \u0219i livrarea m\u00e2nc\u0103rurilor. Capacele plate pentru caserole ofer\u0103 o solu\u021bie simpl\u0103 \u0219i practic\u0103 pentru \u00eenchiderea \u0219i protejarea caserolelor, facilit\u00e2nd manipularea \u0219i stocarea&hellip; <\/p>","protected":false},"featured_media":13320,"comment_status":"open","ping_status":"closed","template":"","meta":{"inline_featured_image":false},"product_cat":[948],"product_tag":[],"acf":[],"_links":{"self":[{"href":"https:\/\/idealhoreca.ro\/en\/wp-json\/wp\/v2\/product\/13318"}],"collection":[{"href":"https:\/\/idealhoreca.ro\/en\/wp-json\/wp\/v2\/product"}],"about":[{"href":"https:\/\/idealhoreca.ro\/en\/wp-json\/wp\/v2\/types\/product"}],"replies":[{"embeddable":true,"href":"https:\/\/idealhoreca.ro\/en\/wp-json\/wp\/v2\/comments?post=13318"}],"version-history":[{"count":1,"href":"https:\/\/idealhoreca.ro\/en\/wp-json\/wp\/v2\/product\/13318\/revisions"}],"predecessor-version":[{"id":13319,"href":"https:\/\/idealhoreca.ro\/en\/wp-json\/wp\/v2\/product\/13318\/revisions\/13319"}],"wp:featuredmedia":[{"embeddable":true,"href":"https:\/\/idealhoreca.ro\/en\/wp-json\/wp\/v2\/media\/13320"}],"wp:attachment":[{"href":"https:\/\/idealhoreca.ro\/en\/wp-json\/wp\/v2\/media?parent=13318"}],"wp:term":[{"taxonomy":"product_cat","embeddable":true,"href":"https:\/\/idealhoreca.ro\/en\/wp-json\/wp\/v2\/product_cat?post=13318"},{"taxonomy":"product_tag","embeddable":true,"href":"https:\/\/idealhoreca.ro\/en\/wp-json\/wp\/v2\/product_tag?post=13318"}],"curies":[{"name":"wp","href":"https:\/\/api.w.org\/{rel}","templated":true}]}}