{"id":3,"date":"2022-04-19T13:52:12","date_gmt":"2022-04-19T11:52:12","guid":{"rendered":"https:\/\/idealhoreca.ro\/?page_id=3"},"modified":"2022-12-23T12:03:29","modified_gmt":"2022-12-23T10:03:29","slug":"politica-de-confidentialitate","status":"publish","type":"page","link":"https:\/\/idealhoreca.ro\/ro\/politica-de-confidentialitate\/","title":{"rendered":"Politica de confidentialitate"},"content":{"rendered":"\n<h3 class=\"wp-block-heading\"><strong>Politic\u0103 de Confiden\u021bialitate cu privire la prelucrarea datelor cu caracter personal<\/strong><\/h3>\n\n\n\n<p>Aceast\u0103 Politic\u0103 de Confiden\u021bialitate define\u0219te modul \u00een care noi, <strong>IDEAL HORECA SOLUTIONS SRL<\/strong>, colect\u0103m, stoc\u0103m \u0219i utiliz\u0103m datele dumneavoastr\u0103 personale c\u00e2nd accesa\u021bi sau interac\u021biona\u021bi cu website-ul nostru https:\/\/idealhoreca.ro\/ \u0219i de unde ob\u021binem sau colect\u0103m datele dumneavoastr\u0103.<\/p>\n\n\n\n<p>Politica de Confiden\u021bialitate este aplicabil\u0103 din data de 11.10.2022<\/p>\n\n\n\n<p>Dorin\u021ba noastr\u0103 este de a v\u0103 oferi cele mai bune servicii, cu respectarea tuturor dispozi\u021biilor legale \u00een domeniul protec\u021biei datelor cu caracter personal, cu prec\u0103dere a Regulamentului General privind Protec\u021bia Datelor nr. 679\/2016 (\u201eGDPR\u201d) \u0219i a principiilor enun\u021bate de acesta, respectiv: legalitatea, corectitudinea \u0219i transparen\u021ba, limitarea la scopul specific, minimizarea datelor, acurate\u021bea datelor, limitarea stoc\u0103rii, integritate \u0219i confiden\u021bialitate, responsabilitate.<\/p>\n\n\n\n<p>Cuprins:<\/p>\n\n\n\n<ul>\n<li>Rezumat.<\/li>\n\n\n\n<li>Detalii despre compania noastr\u0103.<\/li>\n\n\n\n<li>Ce informa\u021bii colect\u0103m c\u00e2nd vizita\u021bi website-ul nostru.<\/li>\n\n\n\n<li>Ce informa\u021bii colect\u0103m c\u00e2nd ne contacta\u021bi.<\/li>\n\n\n\n<li>Ce informa\u021bii colect\u0103m c\u00e2nd interac\u021biona\u021bi cu website-ul nostru.<\/li>\n\n\n\n<li>Ce informa\u021bii colect\u0103m c\u00e2nd accesa\u021bi magazinul online https:\/\/idealhoreca.ro\/<\/li>\n\n\n\n<li>Utilizarea sistemelor automate de luare a deciziilor \u0219i profilare.<\/li>\n\n\n\n<li>Cum colect\u0103m informa\u021bii despre dumneavoastr\u0103 . de la p\u0103r\u021bi ter\u021be.<\/li>\n\n\n\n<li>Dezv\u0103luirea \u0219i utiliz\u0103rile adi\u021bionale ale datelor dumneavoastr\u0103.<\/li>\n\n\n\n<li>Durata stoc\u0103rii datelor dumneavoastr\u0103.<\/li>\n\n\n\n<li>Securizarea informa\u021biilor dumneavoastr\u0103.<\/li>\n\n\n\n<li>Transferul datelor dumneavoastr\u0103 \u00een afara Spa\u021biului Economic European.<\/li>\n\n\n\n<li>Drepturile dumneavoastr\u0103 asupra datelor personale.<\/li>\n\n\n\n<li>Dreptul dumneavoastr\u0103 de a obiecta fa\u021b\u0103 de prelucrarea datelor pentru anumite scopuri.<\/li>\n<\/ul>\n\n\n\n<p><\/p>\n\n\n\n<p><strong>Rezumat<\/strong>.<\/p>\n\n\n\n<p>Aceasta sec\u021biune rezum\u0103 modul \u00een care ob\u021binem, stoc\u0103m \u0219i utiliz\u0103m datele dumneavoastr\u0103. Acest sumar are ca scop doar furnizarea unei imagini generale asupra politicii de confiden\u021bialitate<\/p>\n\n\n\n<p>Operatorul de date: LUCIAN &amp; PARTNERS SRL.<\/p>\n\n\n\n<p>Cum colect\u0103m sau ob\u021binem informa\u021bii despre dumneavoastr\u0103:<\/p>\n\n\n\n<p>Prin accesarea website-ului https:\/\/idealhoreca.ro\/<\/p>\n\n\n\n<p>Prin abonarea la Newslettere.<\/p>\n\n\n\n<p>Colect\u0103m informa\u021bii despre modul \u00een care utiliza\u021bi serviciile noastre, cum ar fi tipurile de con\u021binut pe care le vizualiza\u021bi sau cu care interac\u021biona\u021bi, frecven\u021ba \u0219i durata activit\u0103\u021bilor \u00een scopul \u00eembun\u0103t\u0103\u021birii acestora, toate adunate pe platforma.<\/p>\n\n\n\n<p>C\u00e2nd accesa\u021bi website-ul nostru, unele date sunt colectate prin intermediul cookie-urilor \u0219i a altor tehnologii similare.<\/p>\n\n\n\n<p><strong>Ocazional \u0219i de la ter\u021bi p\u0103r\u021bi.<\/strong><\/p>\n\n\n\n<p>Ce informa\u021bii colect\u0103m c\u00e2nd interac\u021biona\u021bi cu website-ul nostru https:\/\/idealhoreca.ro\/<\/p>\n\n\n\n<p>a) Nume, ip, detalii de contact, informa\u021bii din cookie-uri, informa\u021bii despre dispozitivul utilizat (spre exemplu tipul de dispozitiv si navigator web), informa\u021bii despre modul \u00een care utiliza\u021bi website-ul nostru (ce pagini a\u021bi accesat), data\/ora la care a\u021bi accesat website-ul nostru \u0219i pe ce a\u021bi dat click, loca\u021bia geografic\u0103 de la care a\u021bi accesat website-ul nostru (bazat\u0103 pe adresa IP).<\/p>\n\n\n\n<p>b) numele companiei sau afacerii (dac\u0103 este aplicabil), num\u0103rul de \u00eenregistrare TVA (dac\u0103 este aplicabil), introduce\u021bi orice informa\u021bii suplimentare pe care le colecta\u021bi de la sau \u00een leg\u0103tur\u0103 cu persoane fizice<\/p>\n\n\n\n<p>Cum colect\u0103m informa\u021bii despre dumneavoastr\u0103 \u0219i de la p\u0103r\u021bi ter\u021be:<\/p>\n\n\n\n<p>Aplica\u021biilor, site-urilor web \u0219i integr\u0103rilor de la ter\u021bi, \u00een cadrul serviciilor <strong>IDEAL HORECA SOLUTIONS SRL<\/strong>.<\/p>\n\n\n\n<p>C\u00e2nd utilizezi aplica\u021bii, site-uri web sau alte servicii de la ter\u021bi care folosesc sau sunt integrate \u00een serviciile noastre<\/p>\n\n\n\n<p><strong>Proprietar nou.<\/strong><\/p>\n\n\n\n<p>Dac\u0103 se schimb\u0103 dreptul de proprietate sau de control par\u021bial sau total asupra Serviciilor noastre \u0219i a activelor asociate, este posibil s\u0103 transfer\u0103m informa\u021biile tale c\u0103tre noul proprietar<\/p>\n\n\n\n<p>Oferirea de informa\u021bii c\u0103tre parteneri \u0219i clien\u021bi ter\u021bi.<\/p>\n\n\n\n<p>Colabor\u0103m cu companii ter\u021be care ne ajut\u0103 s\u0103 furniz\u0103m \u0219i s\u0103 \u00eembun\u0103t\u0103\u021bim Serviciile noastre, sau care folosesc produsele noastre de publicitate sau produse asociate, iar acest lucru \u00eentre\u021bine func\u021bionarea companiilor noastre \u0219i ne d\u0103 posibilitatea s\u0103 oferim servicii gratuite persoanelor din \u00eentreaga lume.<\/p>\n\n\n\n<p>Comercian\u021bii, furnizorii de servicii \u0219i al\u021bi parteneri.<\/p>\n\n\n\n<p>Transfer\u0103m informa\u021bii c\u0103tre comercian\u021bi, furnizori de servicii \u0219i al\u021bi parteneri pentru solu\u021bionarea de servicii tehnice de infrastructur\u0103, analizarea modului de utilizare a serviciilor noastre, m\u0103surarea eficien\u021bei reclamelor \u0219i serviciilor noastre, furnizarea de asisten\u021b\u0103 pentru clien\u021bi, facilitarea pl\u0103\u021bilor sau efectuarea de sondaje \u0219i de cercet\u0103ri academice.<\/p>\n\n\n\n<p><strong>Durata stoc\u0103rii datelor dumneavoastr\u0103.<\/strong><\/p>\n\n\n\n<p>Datele Personale vor fi utilizate doar pana la finalizarea procesului de recrutare, iar daca a\u021bi optat pentru includerea acestora in baza noastr\u0103 de date, in oricare dintre modalit\u0103\u021bile de mai sus, le vom prelucra pana la momentul in care va ve\u021bi retrage consim\u021b\u0103m\u00e2ntul in ceea ce prive\u0219te aceasta prelucrare<\/p>\n\n\n\n<p>Daca Datele Personale vor fi necesare in scopuri financiar-contabile, acestea vor fi stocate, pentru acest scop, pe perioada impusa de dispozi\u021biile legale (5 ani de la \u00eenchiderea exerci\u021biului financiar in cursul c\u0103ruia a avut loc ultima prelucrare).<\/p>\n\n\n\n<p>Daca Datele Personale sunt necesare in scopul ap\u0103r\u0103rii unui drept al nostru in fata instan\u021belor de judecata, acestea vor fi stocate pentru perioada termenului de prescrip\u021bie a dreptului la ac\u021biune sau pe perioada derul\u0103rii oric\u0103rui litigiu in fata instan\u021belor de judecata.<\/p>\n\n\n\n<p>La momentul interven\u021biei oric\u0103rei dintre situa\u021biile men\u021bionate anterior, noi vom \u0219terge Datele Personale din baza noastr\u0103 de date si vom lua masuri rezonabile pentru a solicita si clien\u021bilor no\u0219tri c\u0103rora le-am dezv\u0103luit aceste Date Personale sa le \u0219tearg\u0103 din baza lor de date.<\/p>\n\n\n\n<p><strong>Securizarea informa\u021biilor dumneavoastr\u0103.<\/strong><\/p>\n\n\n\n<p>Ne dorim ca informa\u021biile pe care dumneavoastr\u0103 ni le oferi\u021bi sa r\u0103m\u00e2n\u0103 la noi. De aceea, vom implementa toate masurile tehnice si organizatorice necesare pentru asigurarea securit\u0103\u021bii acestora \u00eempotriva distrugerii accidentale, pierderii, divulg\u0103rii neautorizate. Personalul nostru este instruit in ceea ce prive\u0219te modul in care trebuie sa gestioneze informa\u021biile primite de la dumneavoastr\u0103, clien\u021bii si furnizorii no\u0219tri \u00ee\u0219i asuma, la r\u00e2ndul lor, obliga\u021bii de confiden\u021bialitate, iar sistemele noastre informatice sunt astfel protejate \u00eenc\u00e2t sa previn\u0103, pe cat permite tehnologia de la acest moment, incidentele de securitate<\/p>\n\n\n\n<p>In ceea ce prive\u0219te web-site-ul nostru, exista masuri de securitate pentru serverele care g\u0103zduiesc web-site-ul nostru, si care includ antivirus, firewall, control regulat al securit\u0103\u021bii si scan\u0103rii de securitate, test\u0103ri ale vulnerabilit\u0103\u021bilor, sisteme de testare a intruziunilor.<\/p>\n\n\n\n<p><strong>Transferul datelor dumneavoastr\u0103 \u00een afara Spa\u021biului Economic European.<\/strong><\/p>\n\n\n\n<p>Men\u021bion\u0103m faptul ca unii dintre clien\u021bii no\u0219tri pot fi din alte tari UE sau chiar din tari non UE , implica\u021bi in procesul de recrutare, si c\u0103rora le vom transmite, pentru derularea procesului de recrutare, Datele Personale. In acest din urma caz, ne vom asigura ca vor fi semnate, \u00eenainte de transmiterea Datelor Personale, clauze contractuale standard pentru garantarea securit\u0103\u021bii Datelor Personale.<\/p>\n\n\n\n<p>La Datele Personale pot avea acces in mod incidental, furnizorii de servicii de IT ai <strong>IDEAL HORECA SOLUTIONS SRL <\/strong>(g\u0103zduire web-site, mentenan\u021b\u0103 sisteme informatice), precum si furnizorii altor servicii precum consultan\u021bi juridici (in situa\u021bia apari\u021biei unor situa\u021bii litigioase), auditori sau colaboratori direct implica\u021bi in proiectele de recrutare, \u00eens\u0103 in toate situa\u021biile ace\u0219tia vor avea acces temporar si\/sau limitat numai la Datele Personale pe care le acceseaz\u0103 in mod incidental si numai pentru perioada necesara furniz\u0103rii serviciului respectiv. To\u021bi furnizorii no\u0219tri trebuie sa respecte obliga\u021biile de confiden\u021bialitate.<\/p>\n\n\n\n<p>De asemenea, IDEAL HORECA SOLUTIONS SRL poate pune Datele Personale la dispozi\u021bia Autorit\u0103\u021bii de Supraveghere, a instan\u021belor de judecata, in cazul unor litigii, altor autorit\u0103\u021bi ale statului cu atribu\u021bii de control, la solicitarea acestora, ori de cate o dispozi\u021bie legala impune o astfel de dezv\u0103luire, sau pentru ap\u0103rarea drepturilor si intereselor noastre legitime.<\/p>\n\n\n\n<p><strong>Drepturile dumneavoastr\u0103 asupra datelor personale.<\/strong><\/p>\n\n\n\n<p>\u00centruc\u00e2t prelucram Date Personale ce va apar\u021bin, ave\u021bi, in raport cu <strong>IDEAL HORECA SOLUTIONS SRL<\/strong>, mai multe drepturi conferite de legisla\u021bia in domeniul protec\u021biei datelor. Aceste drepturi sunt urm\u0103toarele:<\/p>\n\n\n\n<ol type=\"1\">\n<li>De a solicita Societ\u0103\u021bii acces la Datele Personale (in temeiul art. 15 din GDPR) si care presupune dreptul de a ob\u021bine o confirmare din partea Societ\u0103\u021bii ca prelucreaz\u0103 Date Personale ce va apar\u021bin, precum si informa\u021bii cu privire la: scopul prelucr\u0103rii, categoriile de date prelucrate, destinatarii acestora, perioada de stocare a acestora, existenta dreptului de a ne solicita rectificarea sau \u0219tergerea Datelor Personale, restric\u021bionarea prelucr\u0103rii sau a dreptului de opozi\u021bie, a dreptului de a depune o pl\u00e2ngere in fata unei autorit\u0103\u021bi de supraveghere, daca exista un proces decizional automatizat, respectiv daca sunt luate decizii doar ca urmare a prelucr\u0103rii automate de date cu caracter personal, daca datele sunt transferate c\u0103tre tari ter\u021be si ce garan\u021bii au fost implementate de c\u0103tre noi pentru a se asigura securitatea datelor transferate.<\/li>\n\n\n\n<li>De a solicita reprezentan\u021bilor <strong>IDEAL HORECA SOLUTIONS SRL <\/strong>rectificarea, f\u0103r\u0103 \u00eent\u00e2rzieri nejustificate, a Datelor Personale care nu mai corespund situa\u021biei actuale, in temeiul art. 16 din GDPR; <strong>IDEAL HORECA SOLUTIONS SRL <\/strong>va derula periodic ac\u021biuni de actualizare a bazelor de date, situa\u021bie in care ve\u021bi putea primi solicit\u0103ri in acest sens. \u00cens\u0103, va rugam ca si dumneavoastr\u0103 sa ne contacta\u021bi imediat ce Datele Personale pe care ni le-a\u021bi trimis s-au modificat pentru a face actualiz\u0103rile necesare.<\/li>\n\n\n\n<li>De a va retrage consim\u021b\u0103m\u00e2ntul pe care ni l-a\u021bi acordat pentru prelucrarea Datelor Personale si de a solicita \u0219tergerea acestora, cu men\u021biunea ca retragerea consim\u021b\u0103m\u00e2ntului nu va afectata legalitatea prelucr\u0103rii efectuata pe baza acestui consim\u021b\u0103m\u00e2nt, \u00eenainte de retragerea lui de c\u0103tre dumneavoastr\u0103 sau in alte cazuri prev\u0103zute de art. 17 din GDPR;<\/li>\n\n\n\n<li>De a solicita restric\u021bionarea prelucr\u0103rii pana la efectuarea rectific\u0103rii Datelor Personale sau, in m\u0103sura in care va opune\u021bi prelucr\u0103rii, pana la momentul solu\u021bion\u0103rii acestei cereri SAU in alte cazuri prev\u0103zute de art. 18 din GDPR;<\/li>\n\n\n\n<li>De a va opune prelucr\u0103rii Datelor Personale in scopul primirii de Newsletter, in temeiul art. 21 din GDPR;<\/li>\n\n\n\n<li>De a va adresa cu o pl\u00e2ngere in fata unei autorit\u0103\u021bi de supraveghere a prelucr\u0103rii datelor cu caracter personal sau instan\u021belor de judecata;<\/li>\n\n\n\n<li>Daca si in m\u0103sura in care vor fi \u00eendeplinite condi\u021biile legale ve\u021bi avea si dreptul la portabilitatea datelor.<\/li>\n<\/ol>\n\n\n\n<p><strong>Dreptul dumneavoastr\u0103 de a obiecta fa\u021b\u0103 de prelucrarea datelor pentru anumite scopuri.<\/strong><\/p>\n\n\n\n<p>Pentru orice \u00eentreb\u0103ri cu privire la cele de mai sus, precum si pentru exercitarea oric\u0103ruia dintre drepturile dumneavoastr\u0103, va pute\u021bi adresa cu o cerere scrisa responsabilului nostru cu protec\u021bia datelor la adresa de email <a href=\"mailto:office@idealhoreca.ro\">office@idealhoreca.ro<\/a> sau la adresa sediului Societ\u0103\u021bii.<\/p>\n\n\n\n<p>Dac\u0103 dori\u021bi s\u0103 anun\u021bi \u0219tergerea datelor cu caracter personal sau dori\u021bi s\u0103 anun\u021ba\u021bi s\u0103 nu fie stocate sub nici o form\u0103 \u00een baza de date a <strong>IDEAL HORECA SOLUTIONS SRL<\/strong> pute\u021bi transmite o solicitare pe adresa de email oficial\u0103: <a href=\"mailto:office@idealhoreca.ro\">office@idealhoreca.ro<\/a>.<\/p>\n","protected":false},"excerpt":{"rendered":"<p>Politic\u0103 de Confiden\u021bialitate cu privire la prelucrarea datelor cu caracter personal Aceast\u0103 Politic\u0103 de Confiden\u021bialitate define\u0219te modul \u00een care noi, IDEAL HORECA SOLUTIONS SRL, colect\u0103m, stoc\u0103m \u0219i utiliz\u0103m datele dumneavoastr\u0103 personale c\u00e2nd accesa\u021bi sau interac\u021biona\u021bi cu website-ul nostru https:\/\/idealhoreca.ro\/ \u0219i de unde ob\u021binem sau colect\u0103m datele dumneavoastr\u0103. Politica de Confiden\u021bialitate&hellip; <\/p>\n","protected":false},"author":1,"featured_media":0,"parent":0,"menu_order":0,"comment_status":"closed","ping_status":"closed","template":"page-templates\/shoppingcart-template.php","meta":{"inline_featured_image":false,"footnotes":""},"acf":[],"_links":{"self":[{"href":"https:\/\/idealhoreca.ro\/ro\/wp-json\/wp\/v2\/pages\/3"}],"collection":[{"href":"https:\/\/idealhoreca.ro\/ro\/wp-json\/wp\/v2\/pages"}],"about":[{"href":"https:\/\/idealhoreca.ro\/ro\/wp-json\/wp\/v2\/types\/page"}],"author":[{"embeddable":true,"href":"https:\/\/idealhoreca.ro\/ro\/wp-json\/wp\/v2\/users\/1"}],"replies":[{"embeddable":true,"href":"https:\/\/idealhoreca.ro\/ro\/wp-json\/wp\/v2\/comments?post=3"}],"version-history":[{"count":7,"href":"https:\/\/idealhoreca.ro\/ro\/wp-json\/wp\/v2\/pages\/3\/revisions"}],"predecessor-version":[{"id":10447,"href":"https:\/\/idealhoreca.ro\/ro\/wp-json\/wp\/v2\/pages\/3\/revisions\/10447"}],"wp:attachment":[{"href":"https:\/\/idealhoreca.ro\/ro\/wp-json\/wp\/v2\/media?parent=3"}],"curies":[{"name":"wp","href":"https:\/\/api.w.org\/{rel}","templated":true}]}}