{"id":5068,"date":"2022-08-14T10:28:56","date_gmt":"2022-08-14T08:28:56","guid":{"rendered":"https:\/\/idealhoreca.ro\/?page_id=5068"},"modified":"2022-10-11T13:42:05","modified_gmt":"2022-10-11T11:42:05","slug":"politica-cookies","status":"publish","type":"page","link":"https:\/\/idealhoreca.ro\/ro\/politica-cookies\/","title":{"rendered":"Politica Cookies"},"content":{"rendered":"\n<h3 class=\"wp-block-heading\"><strong>Politica de cookie-uri<\/strong><\/h3>\n\n\n\n<p>Aceast\u0103 politic\u0103 reglementeaz\u0103 utilizarea cookie-urilor si stabile\u0219te temeiul legal al companiei <strong>IDEAL HORECA SOLUTIONS SRL<\/strong>, pentru utilizarea cookie-urilor \u0219i tehnologiilor similare pe website sau pe sisteme care au leg\u0103tur\u0103 cu website-ul www.idealhoreca.ro. Aceast\u0103 politic\u0103 de cookie-uri este valabil\u0103 \u00eencep\u00e2nd cu data de 11.10.2022.<\/p>\n\n\n\n<p>Modulele de cookie \u201eesen\u021biale\u201d sunt plasate automat pe calculator, laptop sau orice dispozitiv ce poate accesa sau ac\u021biona pe site-ul companiei. Informa\u021bii adi\u021bionale despre&nbsp; cookie-urile esen\u021biale,&nbsp; se g\u0103sesc \u00een sec\u021biunea de mai jos intitulat\u0103 \u201eDespre cookie-uri\u201d. Informa\u021bii despre modul \u00een care este oferit consim\u021b\u0103m\u00e2ntul pentru cookie-uri non-esen\u021biale \u0219i alte tehnologii \u0219i despre modul cum se poate retrage acest consim\u021b\u0103m\u00e2nt se g\u0103sesc in sec\u021biunea de mai jos, intitulat\u0103 \u201cCum se accept\u0103 sau se resping cookie-urile\u201d.<\/p>\n\n\n\n<p>Cuprins:<\/p>\n\n\n\n<ul><li>Despre Cookies.<\/li><li>Tipurile de cookie-uri utilizate.<\/li><li>Cookie-uri esen\u021biale.<\/li><li>Cookie-uri non-esen\u021biale.<\/li><li>Cum se accepta sau resping cookie-urile.<\/li><\/ul>\n\n\n\n<p><\/p>\n\n\n\n<p><strong>Despre cookie-uri.<\/strong><\/p>\n\n\n\n<p>Ce sunt cookie-urile?<\/p>\n\n\n\n<p>Fi\u0219ierele cookie sunt fi\u0219iere text mici trimise de serverul unui site web c\u0103tre un navigator web (web browser: IE, Firefox, Opera), memorie RAM sau unitate de hard disk \u0219i apoi stocate acolo. Acestea pot fi utilizate cu scopuri diferite, cum ar fi: personalizarea site-ului web in func\u021bie de nevoile unui anumit utilizator, ajutarea unui utilizator s\u0103 navigheze pe site-ul web, \u00eembun\u0103t\u0103\u021birea calit\u0103\u021bii site-ului web pentru utilizator sau stocarea preferin\u021belor utilizatorului \u0219i informa\u021biilor de conectare.<\/p>\n\n\n\n<p><strong>Cookie-uri esen\u021biale \u0219i neesen\u021biale.<\/strong><\/p>\n\n\n\n<p>Cookie-urile pot fi clasificate drept \u201eesen\u021biale\u201d sau \u201eneesen\u021biale\u201d.<\/p>\n\n\n\n<p>Cookie-urile esen\u021biale: prezint\u0103 una dintre urm\u0103toarele dou\u0103 caracteristici:<\/p>\n\n\n\n<p>Sunt utilizate exclusiv pentru efectuarea sau facilitarea comunic\u0103rii \u00eentr-o re\u021bea.<\/p>\n\n\n\n<p>Sunt strict necesare pentru furnizarea unui serviciu online (de ex. site-ul nostru sau un serviciu de pe site-ul nostru) solicitat de c\u0103tre dumneavoastr\u0103.<\/p>\n\n\n\n<p>Cookie-uri neesen\u021biale: Acestea nu se \u00eencadreaz\u0103 \u00een defini\u021bia cookie-urilor esen\u021biale deoarece nu sunt strict necesare pentru func\u021bionarea unui site sau a serviciilor oferite pe acesta, precum cookie-urile utilizate pentru analizarea comportamentul pe un site web (cookie-uri \u201eanalitice\u201d) sau cookie-urile utilizate pentru afi\u0219area de reclame.<\/p>\n\n\n\n<p><strong>Cookie-uri de sesiune si persistente.<\/strong><\/p>\n\n\n\n<p>Cookie-urile pot fi de dou\u0103 tipuri: \u201ede sesiune\u201d \u0219i \u201epersistente\u201d, \u00een func\u021bie de perioada de stocare dup\u0103 plasarea lor \u00een browserul dumneavoastr\u0103.<\/p>\n\n\n\n<p>Cookie-urile de sesiune: r\u0103m\u00e2n pe dispozitiv at\u00e2ta timp c\u00e2t navigatorul web este deschis. Acestea expir\u0103 c\u00e2nd navigatorul web este \u00eenchis.<\/p>\n\n\n\n<p>Cookie-urile persistente: expir\u0103 la un punct fix \u00een timp sau dac\u0103 sunt \u0219terse manual din navigatorul web.<\/p>\n\n\n\n<p><strong>Cum se accepta sau resping cookie-urile.<\/strong><\/p>\n\n\n\n<p>V\u0103 pute\u021bi gestiona set\u0103rile de Cookie din browserul pe care \u00eel utiliza\u021bi. Urma\u021bi instruc\u021biunile furnizate de browser pentru a accepta, elimina sau respinge cookie-urile. V\u0103 rug\u0103m re\u021bine\u021bi faptul c\u0103, cookie-urile noastre joac\u0103 un rol important \u00een serviciul nostru. Dac\u0103 decide\u021bi s\u0103 nu le accepta\u021bi, acest lucru ar putea afecta disponibilitatea \u0219i func\u021bionalitatea unora dintre func\u021biile noastre, care fac platforma noastr\u0103 online u\u0219or de utilizat \u0219i atractiv\u0103. De exemplu, atunci c\u00e2nd dezactiva\u021bi cookie-urile, este posibil s\u0103 fie nevoie s\u0103 v\u0103 conecta\u021bi la fiecare vizit\u0103.<\/p>\n\n\n\n<p>Pute\u021bi accepta sau respinge unele sau toate modulele cookie (de exemplu, bloc\u00e2nd toate modulele cookie ale p\u0103r\u021bilor ter\u021be), ajust\u00e2nd set\u0103rile browserului. Modul de efectuarea a acestui lucru se g\u0103se\u0219te acces\u00e2nd urm\u0103toarele link-uri pentru cele mai populare navigatoare Web:<\/p>\n\n\n\n<ul><li>Google Chrome: <a href=\"https:\/\/support.google.com\/chrome\/answer\/95647?hl=ro\">https:\/\/support.google.com\/chrome\/answer\/95647?hl=ro<\/a><\/li><li>Mozilla Firefox: <a href=\"https:\/\/support.mozilla.org\/en-US\/kb\/delete-browsing-search-download-history-firefox?redirectlocale=ro-US&amp;redirectslug=Clear+Recent+History\">https:\/\/support.mozilla.org\/en-US\/kb\/delete-browsing-search-download-history-firefox?redirectlocale=ro-US&amp;redirectslug=Clear+Recent+History<\/a><\/li><li>Microsoft Internet Explorer: <a href=\"https:\/\/support.microsoft.com\/en-us\/help\/278835\/how-to-delete-cookie-files-in-internet-explorer\">https:\/\/support.microsoft.com\/en-us\/help\/278835\/how-to-delete-cookie-files-in-internet-explorer<\/a><\/li><li>Apple Safari: https:\/\/support.apple.com\/kb\/PH5042?locale=ro_RO<\/li><\/ul>\n\n\n\n<p>Pentru a \u0219terge cookie-urile care au fost plasate anterior \u00een browser, trebuie selectata op\u021biunea de \u0219tergere a istoricului navig\u0103rii, asigur\u00e2nd-v\u0103 c\u0103 op\u021biunea de \u0219tergere sau de \u0219tergere a cookie-urilor este activat\u0103 atunci c\u00e2nd se face acest lucru. Pute\u021bi renun\u021ba la Google Analytics, instal\u00e2nd extensia pentru browser care este disponibila aici: http:\/\/tools.google.com\/dlpage\/gaoptout<\/p>\n","protected":false},"excerpt":{"rendered":"<p>Politica de cookie-uri Aceast\u0103 politic\u0103 reglementeaz\u0103 utilizarea cookie-urilor si stabile\u0219te temeiul legal al companiei IDEAL HORECA SOLUTIONS SRL, pentru utilizarea cookie-urilor \u0219i tehnologiilor similare pe website sau pe sisteme care au leg\u0103tur\u0103 cu website-ul www.idealhoreca.ro. Aceast\u0103 politic\u0103 de cookie-uri este valabil\u0103 \u00eencep\u00e2nd cu data de 11.10.2022. Modulele de cookie \u201eesen\u021biale\u201d&hellip; <\/p>\n","protected":false},"author":1,"featured_media":0,"parent":0,"menu_order":0,"comment_status":"closed","ping_status":"closed","template":"page-templates\/shoppingcart-template.php","meta":{"inline_featured_image":false,"footnotes":""},"acf":[],"_links":{"self":[{"href":"https:\/\/idealhoreca.ro\/ro\/wp-json\/wp\/v2\/pages\/5068"}],"collection":[{"href":"https:\/\/idealhoreca.ro\/ro\/wp-json\/wp\/v2\/pages"}],"about":[{"href":"https:\/\/idealhoreca.ro\/ro\/wp-json\/wp\/v2\/types\/page"}],"author":[{"embeddable":true,"href":"https:\/\/idealhoreca.ro\/ro\/wp-json\/wp\/v2\/users\/1"}],"replies":[{"embeddable":true,"href":"https:\/\/idealhoreca.ro\/ro\/wp-json\/wp\/v2\/comments?post=5068"}],"version-history":[{"count":4,"href":"https:\/\/idealhoreca.ro\/ro\/wp-json\/wp\/v2\/pages\/5068\/revisions"}],"predecessor-version":[{"id":8113,"href":"https:\/\/idealhoreca.ro\/ro\/wp-json\/wp\/v2\/pages\/5068\/revisions\/8113"}],"wp:attachment":[{"href":"https:\/\/idealhoreca.ro\/ro\/wp-json\/wp\/v2\/media?parent=5068"}],"curies":[{"name":"wp","href":"https:\/\/api.w.org\/{rel}","templated":true}]}}