{"id":10290,"date":"2022-12-15T17:36:49","date_gmt":"2022-12-15T15:36:49","guid":{"rendered":"https:\/\/idealhoreca.ro\/product\/dispenser-de-perete-sau-podea-pentru-rola-industriala\/"},"modified":"2022-12-16T10:31:20","modified_gmt":"2022-12-16T08:31:20","slug":"dispenser-de-perete-sau-podea-pentru-rola-industriala","status":"publish","type":"product","link":"https:\/\/idealhoreca.ro\/ro\/product\/dispenser-de-perete-sau-podea-pentru-rola-industriala\/","title":{"rendered":"Dispenser de perete sau podea pentru rola industriala"},"content":{"rendered":"<p>Cu un dispenser h\u00e2tie rol\u0103 industrial\u0103 cu prindere \u00een perete vei asigura o parte dintre nevoile de igien\u0103 \u00een loca\u021bii precum parcuri industriale, fabrici, sau locuri publice cu trafic ridicat.<\/p>\n","protected":false},"excerpt":{"rendered":"<p>Cu un dispenser h\u00e2tie rol\u0103 industrial\u0103 cu prindere \u00een perete vei asigura o parte dintre nevoile de igien\u0103 \u00een loca\u021bii precum parcuri industriale, fabrici, sau locuri publice cu trafic ridicat.<\/p>\n","protected":false},"featured_media":9204,"comment_status":"open","ping_status":"closed","template":"","meta":{"inline_featured_image":false},"product_cat":[1598,1135],"product_tag":[],"acf":[],"_links":{"self":[{"href":"https:\/\/idealhoreca.ro\/ro\/wp-json\/wp\/v2\/product\/10290"}],"collection":[{"href":"https:\/\/idealhoreca.ro\/ro\/wp-json\/wp\/v2\/product"}],"about":[{"href":"https:\/\/idealhoreca.ro\/ro\/wp-json\/wp\/v2\/types\/product"}],"replies":[{"embeddable":true,"href":"https:\/\/idealhoreca.ro\/ro\/wp-json\/wp\/v2\/comments?post=10290"}],"version-history":[{"count":1,"href":"https:\/\/idealhoreca.ro\/ro\/wp-json\/wp\/v2\/product\/10290\/revisions"}],"predecessor-version":[{"id":10353,"href":"https:\/\/idealhoreca.ro\/ro\/wp-json\/wp\/v2\/product\/10290\/revisions\/10353"}],"wp:featuredmedia":[{"embeddable":true,"href":"https:\/\/idealhoreca.ro\/ro\/wp-json\/wp\/v2\/media\/9204"}],"wp:attachment":[{"href":"https:\/\/idealhoreca.ro\/ro\/wp-json\/wp\/v2\/media?parent=10290"}],"wp:term":[{"taxonomy":"product_cat","embeddable":true,"href":"https:\/\/idealhoreca.ro\/ro\/wp-json\/wp\/v2\/product_cat?post=10290"},{"taxonomy":"product_tag","embeddable":true,"href":"https:\/\/idealhoreca.ro\/ro\/wp-json\/wp\/v2\/product_tag?post=10290"}],"curies":[{"name":"wp","href":"https:\/\/api.w.org\/{rel}","templated":true}]}}