{"id":10306,"date":"2022-12-15T17:36:51","date_gmt":"2022-12-15T15:36:51","guid":{"rendered":"https:\/\/idealhoreca.ro\/product\/caserola-pp-expandat-hb9-18515570-mm-125-set\/"},"modified":"2023-06-14T13:24:55","modified_gmt":"2023-06-14T11:24:55","slug":"caserola-pp-expandat-hb9-18515570-mm-125-set","status":"publish","type":"product","link":"https:\/\/idealhoreca.ro\/ro\/product\/caserola-pp-expandat-hb9-18515570-mm-125-set\/","title":{"rendered":"Caserola PP expandat HB9 185*155*70 mm 500\/bax"},"content":{"rendered":"<p>Ambalajele alimentare din polipropilen\u0103 extrudat\u0103 (XPP) reprezint\u0103 o alternativ\u0103 inovatoare la polistirenul extrudat (XPS) pentru operatorii din industria de catering. Rezistente pentru a fi utilizate la microunde si temperaturi cuprinse in intervalul -18 si +110 grade CELSIUS.<\/p>\n","protected":false},"excerpt":{"rendered":"<p>Ambalajele alimentare din polipropilen\u0103 extrudat\u0103 (XPP) reprezint\u0103 o alternativ\u0103 inovatoare la polistirenul extrudat (XPS) pentru operatorii din industria de catering. Rezistente pentru a fi utilizate la microunde si temperaturi cuprinse in intervalul -18 si +110 grade CELSIUS.<\/p>\n","protected":false},"featured_media":9243,"comment_status":"open","ping_status":"closed","template":"","meta":{"inline_featured_image":false},"product_cat":[2134],"product_tag":[],"acf":[],"_links":{"self":[{"href":"https:\/\/idealhoreca.ro\/ro\/wp-json\/wp\/v2\/product\/10306"}],"collection":[{"href":"https:\/\/idealhoreca.ro\/ro\/wp-json\/wp\/v2\/product"}],"about":[{"href":"https:\/\/idealhoreca.ro\/ro\/wp-json\/wp\/v2\/types\/product"}],"replies":[{"embeddable":true,"href":"https:\/\/idealhoreca.ro\/ro\/wp-json\/wp\/v2\/comments?post=10306"}],"version-history":[{"count":2,"href":"https:\/\/idealhoreca.ro\/ro\/wp-json\/wp\/v2\/product\/10306\/revisions"}],"predecessor-version":[{"id":10763,"href":"https:\/\/idealhoreca.ro\/ro\/wp-json\/wp\/v2\/product\/10306\/revisions\/10763"}],"wp:featuredmedia":[{"embeddable":true,"href":"https:\/\/idealhoreca.ro\/ro\/wp-json\/wp\/v2\/media\/9243"}],"wp:attachment":[{"href":"https:\/\/idealhoreca.ro\/ro\/wp-json\/wp\/v2\/media?parent=10306"}],"wp:term":[{"taxonomy":"product_cat","embeddable":true,"href":"https:\/\/idealhoreca.ro\/ro\/wp-json\/wp\/v2\/product_cat?post=10306"},{"taxonomy":"product_tag","embeddable":true,"href":"https:\/\/idealhoreca.ro\/ro\/wp-json\/wp\/v2\/product_tag?post=10306"}],"curies":[{"name":"wp","href":"https:\/\/api.w.org\/{rel}","templated":true}]}}