{"id":10833,"date":"2023-04-19T12:33:52","date_gmt":"2023-04-19T10:33:52","guid":{"rendered":"https:\/\/idealhoreca.ro\/?post_type=product&#038;p=10833"},"modified":"2023-06-22T13:45:06","modified_gmt":"2023-06-22T11:45:06","slug":"tork-rola-industriala-albastra-premium-2str-1000-portii","status":"publish","type":"product","link":"https:\/\/idealhoreca.ro\/ro\/product\/tork-rola-industriala-albastra-premium-2str-1000-portii\/","title":{"rendered":"Tork Rola industriala albastra premium, 2str, 1000 portii"},"content":{"rendered":"<p>H\u00e2rtia de \u0219ters Tork universal\u0103 cu 2 straturi, ultra-rezistent\u0103 este ideal\u0103 pentru absorb\u021bia lichidelor \u0219i \u0219tergerea m\u00e2inilor.<\/p>\n<p>Aceast\u0103 h\u00e2rtie poate fi folosit\u0103 \u00een dozatoarele Tork cu suport de podea sau de perete, care ofer\u0103 un grad ridicat de siguran\u021b\u0103, eficien\u021b\u0103 \u0219i fiabilitate, o \u00eenc\u0103rcare \u0219i dozare u\u0219oar\u0103 \u0219i posibilitatea de a lua bucata de h\u00e2rtie necesar\u0103 cu o singur\u0103 m\u00e2n\u0103.<\/p>\n<p>Universal\u0103 &#8211; gestioneaz\u0103 sarcinile de \u0219tergere generale care necesit\u0103 putere \u0219i capacitate de absorb\u021bie.<\/p>\n<p>Textura sa foarte rezistent\u0103 \u0219i capacitatea de absorb\u021bie ridicat\u0103 o face ideal\u0103 pentru \u00eendep\u0103rtarea uleiului, gr\u0103simii, lubrifian\u021bilor \u0219i murd\u0103riei.<\/p>\n<p>Durabilitate ridicat\u0103 &#8211; rezistent\u0103 chiar \u0219i c\u00e2nd este umed\u0103 \u0219i poate fi reutilizat\u0103.<\/p>\n<p>Acest produs este certificat prin eticheta ecologic\u0103 UE cu certificatul nr. SE\/004\/001.<\/p>\n<p>Acest produs este certificat FSC cu certificatul nr. SA-COC-008266.<\/p>\n","protected":false},"excerpt":{"rendered":"<p>Compatibil cu Tork suport podea <a href=\"https:\/\/idealhoreca.ro\/ro\/product\/tork-suport-podea-albastru-rosu-pentru-rola-industriala\/\">albastru\/rosu<\/a> si suport podea <a href=\"https:\/\/idealhoreca.ro\/ro\/product\/tork-suport-podea-alb-turcoaz-pentru-rola-industriala\/\">alb\/turcoaz<\/a><\/p>\n","protected":false},"featured_media":10835,"comment_status":"open","ping_status":"closed","template":"","meta":{"inline_featured_image":false},"product_cat":[1430,1429,2209],"product_tag":[],"acf":[],"_links":{"self":[{"href":"https:\/\/idealhoreca.ro\/ro\/wp-json\/wp\/v2\/product\/10833"}],"collection":[{"href":"https:\/\/idealhoreca.ro\/ro\/wp-json\/wp\/v2\/product"}],"about":[{"href":"https:\/\/idealhoreca.ro\/ro\/wp-json\/wp\/v2\/types\/product"}],"replies":[{"embeddable":true,"href":"https:\/\/idealhoreca.ro\/ro\/wp-json\/wp\/v2\/comments?post=10833"}],"version-history":[{"count":6,"href":"https:\/\/idealhoreca.ro\/ro\/wp-json\/wp\/v2\/product\/10833\/revisions"}],"predecessor-version":[{"id":11254,"href":"https:\/\/idealhoreca.ro\/ro\/wp-json\/wp\/v2\/product\/10833\/revisions\/11254"}],"wp:featuredmedia":[{"embeddable":true,"href":"https:\/\/idealhoreca.ro\/ro\/wp-json\/wp\/v2\/media\/10835"}],"wp:attachment":[{"href":"https:\/\/idealhoreca.ro\/ro\/wp-json\/wp\/v2\/media?parent=10833"}],"wp:term":[{"taxonomy":"product_cat","embeddable":true,"href":"https:\/\/idealhoreca.ro\/ro\/wp-json\/wp\/v2\/product_cat?post=10833"},{"taxonomy":"product_tag","embeddable":true,"href":"https:\/\/idealhoreca.ro\/ro\/wp-json\/wp\/v2\/product_tag?post=10833"}],"curies":[{"name":"wp","href":"https:\/\/api.w.org\/{rel}","templated":true}]}}