{"id":10901,"date":"2023-04-20T08:26:59","date_gmt":"2023-04-20T06:26:59","guid":{"rendered":"https:\/\/idealhoreca.ro\/?post_type=product&#038;p=10901"},"modified":"2023-07-11T09:24:14","modified_gmt":"2023-07-11T07:24:14","slug":"lucart-lavete-multifunctionale-din-airlaid-airtech-select-29x34-40-pach","status":"publish","type":"product","link":"https:\/\/idealhoreca.ro\/ro\/product\/lucart-lavete-multifunctionale-din-airlaid-airtech-select-29x34-40-pach\/","title":{"rendered":"Lucart Lavete multifunctionale din airlaid, Airtech Select 29&#215;34, 40\/pach"},"content":{"rendered":"<ul>\n<li>Lavete multifunctionale din airlaid, Airtech Select 29&#215;34.<\/li>\n<li>\u021aes\u0103tura special\u0103 din fibre \u00eempreun\u0103 cu tehnologia Airlaid creeaz\u0103 un produs cu capacitate de absorb\u021bie deosebit de mare.<\/li>\n<li>Rezistent\u0103 \u0219i versatil\u0103: poate fi utilizat\u0103 de mai multe ori, indiferent dac\u0103 este umed\u0103 sau uscat\u0103, precum o lavet\u0103.<\/li>\n<li>Aprobat pentru contactul cu alimentele<\/li>\n<\/ul>\n","protected":false},"excerpt":{"rendered":"<p>Lavete multifunctionale din airlaid, Airtech Select 29&#215;34. \u021aes\u0103tura special\u0103 din fibre \u00eempreun\u0103 cu tehnologia Airlaid creeaz\u0103 un produs cu capacitate de absorb\u021bie deosebit de mare. Rezistent\u0103 \u0219i versatil\u0103: poate fi utilizat\u0103 de mai multe ori, indiferent dac\u0103 este umed\u0103 sau uscat\u0103, precum o lavet\u0103. Aprobat pentru contactul cu alimentele<\/p>\n","protected":false},"featured_media":10903,"comment_status":"open","ping_status":"closed","template":"","meta":{"inline_featured_image":false},"product_cat":[2275,1496,1429],"product_tag":[],"acf":[],"_links":{"self":[{"href":"https:\/\/idealhoreca.ro\/ro\/wp-json\/wp\/v2\/product\/10901"}],"collection":[{"href":"https:\/\/idealhoreca.ro\/ro\/wp-json\/wp\/v2\/product"}],"about":[{"href":"https:\/\/idealhoreca.ro\/ro\/wp-json\/wp\/v2\/types\/product"}],"replies":[{"embeddable":true,"href":"https:\/\/idealhoreca.ro\/ro\/wp-json\/wp\/v2\/comments?post=10901"}],"version-history":[{"count":4,"href":"https:\/\/idealhoreca.ro\/ro\/wp-json\/wp\/v2\/product\/10901\/revisions"}],"predecessor-version":[{"id":10907,"href":"https:\/\/idealhoreca.ro\/ro\/wp-json\/wp\/v2\/product\/10901\/revisions\/10907"}],"wp:featuredmedia":[{"embeddable":true,"href":"https:\/\/idealhoreca.ro\/ro\/wp-json\/wp\/v2\/media\/10903"}],"wp:attachment":[{"href":"https:\/\/idealhoreca.ro\/ro\/wp-json\/wp\/v2\/media?parent=10901"}],"wp:term":[{"taxonomy":"product_cat","embeddable":true,"href":"https:\/\/idealhoreca.ro\/ro\/wp-json\/wp\/v2\/product_cat?post=10901"},{"taxonomy":"product_tag","embeddable":true,"href":"https:\/\/idealhoreca.ro\/ro\/wp-json\/wp\/v2\/product_tag?post=10901"}],"curies":[{"name":"wp","href":"https:\/\/api.w.org\/{rel}","templated":true}]}}