{"id":10914,"date":"2023-04-20T09:10:05","date_gmt":"2023-04-20T07:10:05","guid":{"rendered":"https:\/\/idealhoreca.ro\/?post_type=product&#038;p=10914"},"modified":"2023-07-11T09:23:42","modified_gmt":"2023-07-11T07:23:42","slug":"lucart-lavete-pe-rola-din-airlaid-airtech-400","status":"publish","type":"product","link":"https:\/\/idealhoreca.ro\/ro\/product\/lucart-lavete-pe-rola-din-airlaid-airtech-400\/","title":{"rendered":"Lucart Lavete pe rola din airlaid, Airtech 400 2\/bax"},"content":{"rendered":"<ul>\n<li>Lavete din airlaid multifunctionale, Lucart Professional AirTech 400, cu lungimea rolei de 108 metri. \u021aes\u0103tura special\u0103 din fibre \u00eempreun\u0103 cu tehnologia Airlaid creeaz\u0103 un produs cu capacitate de absorb\u021bie deosebit de mare.<\/li>\n<li>Rezistent\u0103 \u0219i versatil\u0103: poate fi utilizat\u0103 de mai multe ori, indiferent dac\u0103 este umed\u0103 sau uscat\u0103, precum o lavet\u0103.<\/li>\n<li>Aprobat pentru contactul cu alimentele<\/li>\n<li>Hartie ideala pentru: zone de productie a mancarii (restaurante, puburi, fabrici, etc.); centre \/ spatii medicale (spitale, cabinete medicale, clinici, etc.); centre de infrumusetare (spa-uri, sali de fitness, saloane de infrumusetare, etc.); industrie.Hartie din airlaid de o calitate excelenta, cu performante exceptionale.<\/li>\n<li>O laveta poate fi folosita de pana la 9 ori.<\/li>\n<\/ul>\n","protected":false},"excerpt":{"rendered":"<p>Se comanda la bax ( = 2 buc )<\/p>\n","protected":false},"featured_media":10920,"comment_status":"open","ping_status":"closed","template":"","meta":{"inline_featured_image":false},"product_cat":[2275,1496,1429],"product_tag":[],"acf":[],"_links":{"self":[{"href":"https:\/\/idealhoreca.ro\/ro\/wp-json\/wp\/v2\/product\/10914"}],"collection":[{"href":"https:\/\/idealhoreca.ro\/ro\/wp-json\/wp\/v2\/product"}],"about":[{"href":"https:\/\/idealhoreca.ro\/ro\/wp-json\/wp\/v2\/types\/product"}],"replies":[{"embeddable":true,"href":"https:\/\/idealhoreca.ro\/ro\/wp-json\/wp\/v2\/comments?post=10914"}],"version-history":[{"count":6,"href":"https:\/\/idealhoreca.ro\/ro\/wp-json\/wp\/v2\/product\/10914\/revisions"}],"predecessor-version":[{"id":11191,"href":"https:\/\/idealhoreca.ro\/ro\/wp-json\/wp\/v2\/product\/10914\/revisions\/11191"}],"wp:featuredmedia":[{"embeddable":true,"href":"https:\/\/idealhoreca.ro\/ro\/wp-json\/wp\/v2\/media\/10920"}],"wp:attachment":[{"href":"https:\/\/idealhoreca.ro\/ro\/wp-json\/wp\/v2\/media?parent=10914"}],"wp:term":[{"taxonomy":"product_cat","embeddable":true,"href":"https:\/\/idealhoreca.ro\/ro\/wp-json\/wp\/v2\/product_cat?post=10914"},{"taxonomy":"product_tag","embeddable":true,"href":"https:\/\/idealhoreca.ro\/ro\/wp-json\/wp\/v2\/product_tag?post=10914"}],"curies":[{"name":"wp","href":"https:\/\/api.w.org\/{rel}","templated":true}]}}