{"id":11535,"date":"2023-08-31T12:07:34","date_gmt":"2023-08-31T10:07:34","guid":{"rendered":"https:\/\/idealhoreca.ro\/?post_type=product&#038;p=11535"},"modified":"2023-08-31T12:07:51","modified_gmt":"2023-08-31T10:07:51","slug":"epack-hartie-copt-38cmx6m-in-cutie","status":"publish","type":"product","link":"https:\/\/idealhoreca.ro\/ro\/product\/epack-hartie-copt-38cmx6m-in-cutie\/","title":{"rendered":"Epack Hartie Copt 38cmx6m, in cutie"},"content":{"rendered":"<p>H\u00e2rtie pentru copt<\/p>\n<p>Siliconat\u0103 pe ambele fe\u021be<\/p>\n<p>Rezistent\u0103 p\u00e2n\u0103 la 220\u00b0 C<\/p>\n<p>&nbsp;<\/p>\n<p>Lungime: 6M<\/p>\n","protected":false},"excerpt":{"rendered":"<p>H\u00e2rtie pentru copt Siliconat\u0103 pe ambele fe\u021be Rezistent\u0103 p\u00e2n\u0103 la 220\u00b0 C &nbsp; Lungime: 6M<\/p>\n","protected":false},"featured_media":11536,"comment_status":"open","ping_status":"closed","template":"","meta":{"inline_featured_image":false},"product_cat":[1132,1173],"product_tag":[],"acf":[],"_links":{"self":[{"href":"https:\/\/idealhoreca.ro\/ro\/wp-json\/wp\/v2\/product\/11535"}],"collection":[{"href":"https:\/\/idealhoreca.ro\/ro\/wp-json\/wp\/v2\/product"}],"about":[{"href":"https:\/\/idealhoreca.ro\/ro\/wp-json\/wp\/v2\/types\/product"}],"replies":[{"embeddable":true,"href":"https:\/\/idealhoreca.ro\/ro\/wp-json\/wp\/v2\/comments?post=11535"}],"version-history":[{"count":1,"href":"https:\/\/idealhoreca.ro\/ro\/wp-json\/wp\/v2\/product\/11535\/revisions"}],"predecessor-version":[{"id":11537,"href":"https:\/\/idealhoreca.ro\/ro\/wp-json\/wp\/v2\/product\/11535\/revisions\/11537"}],"wp:featuredmedia":[{"embeddable":true,"href":"https:\/\/idealhoreca.ro\/ro\/wp-json\/wp\/v2\/media\/11536"}],"wp:attachment":[{"href":"https:\/\/idealhoreca.ro\/ro\/wp-json\/wp\/v2\/media?parent=11535"}],"wp:term":[{"taxonomy":"product_cat","embeddable":true,"href":"https:\/\/idealhoreca.ro\/ro\/wp-json\/wp\/v2\/product_cat?post=11535"},{"taxonomy":"product_tag","embeddable":true,"href":"https:\/\/idealhoreca.ro\/ro\/wp-json\/wp\/v2\/product_tag?post=11535"}],"curies":[{"name":"wp","href":"https:\/\/api.w.org\/{rel}","templated":true}]}}