{"id":11600,"date":"2023-09-01T12:47:23","date_gmt":"2023-09-01T10:47:23","guid":{"rendered":"https:\/\/idealhoreca.ro\/?post_type=product&#038;p=11600"},"modified":"2023-09-01T12:47:23","modified_gmt":"2023-09-01T10:47:23","slug":"manusi-nitril-gogrip-pro-nepudrate-xl-50-cutie","status":"publish","type":"product","link":"https:\/\/idealhoreca.ro\/ro\/product\/manusi-nitril-gogrip-pro-nepudrate-xl-50-cutie\/","title":{"rendered":"Manusi nitril GOGRIP PRO nepudrate XL 50\/cutie"},"content":{"rendered":"<p>Manusi din nitril GOGRIP PRO asigura o prindere si o protectie excelenta in conditii dificile de lucru, faciliteaza prinderea obiectelor, protejeaza mainile de murdarie, reduc riscul de leziuni a pielii mainilor, zgarieturi si iritatii, previn patrunderea umezelii si a substantelor chimice.<\/p>\n<p>M\u0103nu\u015file de protec\u0163ie GOGRIP PRO sunt mai groase, in comparatie cu m\u0103nu\u015file standard de nitril.<\/p>\n<p>Recomandate in special pentru:<\/p>\n<p>Lucrari in constructii si asamblari &#8211; in industria auto, lucrari industriale, mecanica si constructii, electricitate, instalatii sanitare, lacatusi si tanplarie, sectie sanitara, sectie tehnica si operationala.<\/p>\n","protected":false},"excerpt":{"rendered":"<p>Manusi din nitril GOGRIP PRO asigura o prindere si o protectie excelenta in conditii dificile de lucru, faciliteaza prinderea obiectelor, protejeaza mainile de murdarie, reduc riscul de leziuni a pielii mainilor, zgarieturi si iritatii, previn patrunderea umezelii si a substantelor chimice. M\u0103nu\u015file de protec\u0163ie GOGRIP PRO sunt mai groase, in&hellip; <\/p>\n","protected":false},"featured_media":11601,"comment_status":"open","ping_status":"closed","template":"","meta":{"inline_featured_image":false},"product_cat":[1185,1220],"product_tag":[],"acf":[],"_links":{"self":[{"href":"https:\/\/idealhoreca.ro\/ro\/wp-json\/wp\/v2\/product\/11600"}],"collection":[{"href":"https:\/\/idealhoreca.ro\/ro\/wp-json\/wp\/v2\/product"}],"about":[{"href":"https:\/\/idealhoreca.ro\/ro\/wp-json\/wp\/v2\/types\/product"}],"replies":[{"embeddable":true,"href":"https:\/\/idealhoreca.ro\/ro\/wp-json\/wp\/v2\/comments?post=11600"}],"version-history":[{"count":1,"href":"https:\/\/idealhoreca.ro\/ro\/wp-json\/wp\/v2\/product\/11600\/revisions"}],"predecessor-version":[{"id":11602,"href":"https:\/\/idealhoreca.ro\/ro\/wp-json\/wp\/v2\/product\/11600\/revisions\/11602"}],"wp:featuredmedia":[{"embeddable":true,"href":"https:\/\/idealhoreca.ro\/ro\/wp-json\/wp\/v2\/media\/11601"}],"wp:attachment":[{"href":"https:\/\/idealhoreca.ro\/ro\/wp-json\/wp\/v2\/media?parent=11600"}],"wp:term":[{"taxonomy":"product_cat","embeddable":true,"href":"https:\/\/idealhoreca.ro\/ro\/wp-json\/wp\/v2\/product_cat?post=11600"},{"taxonomy":"product_tag","embeddable":true,"href":"https:\/\/idealhoreca.ro\/ro\/wp-json\/wp\/v2\/product_tag?post=11600"}],"curies":[{"name":"wp","href":"https:\/\/api.w.org\/{rel}","templated":true}]}}