{"id":11640,"date":"2023-09-04T13:36:07","date_gmt":"2023-09-04T11:36:07","guid":{"rendered":"https:\/\/idealhoreca.ro\/?post_type=product&#038;p=11640"},"modified":"2023-09-04T14:03:23","modified_gmt":"2023-09-04T12:03:23","slug":"tork-dispenser-negru-hartie-igienica-smartone-mini","status":"publish","type":"product","link":"https:\/\/idealhoreca.ro\/ro\/product\/tork-dispenser-negru-hartie-igienica-smartone-mini\/","title":{"rendered":"Tork Dispenser negru hartie igienica SMARTONE MINI"},"content":{"rendered":"<p>&nbsp;<\/p>\n<p>Dozator H\u00e2rtie Igienic\u0103 Rol\u0103 Tork SmartOne Mini din Elevation Design este un sistem modern de distribuire eficient\u0103, potrivit pentru necesit\u0103\u021biile toaletelor publice cu trafic redus \u0219i mediu. Distribuirea foaie cu foaie contribuie la reducerea consumului cu p\u00e2n\u0103 la 40% \u00een compara\u021bie cu dozatoarele tradi\u021bionale cu role jumbo, ceea ce \u00eenseamn\u0103 mai multe vizite pe rol\u0103.<\/p>\n<p>Dozarea por\u021bie-cu-por\u021bie reduce consumul cu p\u00e2n\u0103 la 40%.<br \/>\nIgienic deoarece clientii ating doar h\u00e2rtia pe care o utilizeaz\u0103.<br \/>\nO capacitate ridicat\u0103 economise\u0219te timpul de \u00eentre\u021binere \u0219i asigur\u0103 disponibilitatea h\u00e2rtiei \u00een orice moment.<br \/>\nDesign robust cu cheie metalic\u0103 \u0219i \u00eencuietoare care protejeaz\u0103 rola \u0219i opre\u0219te furturile.<br \/>\nDesign compact care economise\u0219te spa\u021biul \u0219i se potrive\u0219te toaletelor mai mici.<\/p>\n","protected":false},"excerpt":{"rendered":"<p>&nbsp; Dozator H\u00e2rtie Igienic\u0103 Rol\u0103 Tork SmartOne Mini din Elevation Design este un sistem modern de distribuire eficient\u0103, potrivit pentru necesit\u0103\u021biile toaletelor publice cu trafic redus \u0219i mediu. Distribuirea foaie cu foaie contribuie la reducerea consumului cu p\u00e2n\u0103 la 40% \u00een compara\u021bie cu dozatoarele tradi\u021bionale cu role jumbo, ceea ce&hellip; <\/p>\n","protected":false},"featured_media":11644,"comment_status":"open","ping_status":"closed","template":"","meta":{"inline_featured_image":false},"product_cat":[2104,2204,1430,1429],"product_tag":[],"acf":[],"_links":{"self":[{"href":"https:\/\/idealhoreca.ro\/ro\/wp-json\/wp\/v2\/product\/11640"}],"collection":[{"href":"https:\/\/idealhoreca.ro\/ro\/wp-json\/wp\/v2\/product"}],"about":[{"href":"https:\/\/idealhoreca.ro\/ro\/wp-json\/wp\/v2\/types\/product"}],"replies":[{"embeddable":true,"href":"https:\/\/idealhoreca.ro\/ro\/wp-json\/wp\/v2\/comments?post=11640"}],"version-history":[{"count":4,"href":"https:\/\/idealhoreca.ro\/ro\/wp-json\/wp\/v2\/product\/11640\/revisions"}],"predecessor-version":[{"id":11649,"href":"https:\/\/idealhoreca.ro\/ro\/wp-json\/wp\/v2\/product\/11640\/revisions\/11649"}],"wp:featuredmedia":[{"embeddable":true,"href":"https:\/\/idealhoreca.ro\/ro\/wp-json\/wp\/v2\/media\/11644"}],"wp:attachment":[{"href":"https:\/\/idealhoreca.ro\/ro\/wp-json\/wp\/v2\/media?parent=11640"}],"wp:term":[{"taxonomy":"product_cat","embeddable":true,"href":"https:\/\/idealhoreca.ro\/ro\/wp-json\/wp\/v2\/product_cat?post=11640"},{"taxonomy":"product_tag","embeddable":true,"href":"https:\/\/idealhoreca.ro\/ro\/wp-json\/wp\/v2\/product_tag?post=11640"}],"curies":[{"name":"wp","href":"https:\/\/api.w.org\/{rel}","templated":true}]}}