{"id":11678,"date":"2023-09-05T09:44:35","date_gmt":"2023-09-05T07:44:35","guid":{"rendered":"https:\/\/idealhoreca.ro\/?post_type=product&#038;p=11678"},"modified":"2023-09-05T09:46:40","modified_gmt":"2023-09-05T07:46:40","slug":"tork-dezinfectant-spuma-pentru-maini-pe-baza-de-alcool","status":"publish","type":"product","link":"https:\/\/idealhoreca.ro\/ro\/product\/tork-dezinfectant-spuma-pentru-maini-pe-baza-de-alcool\/","title":{"rendered":"Tork dezinfectant spum\u0103 pentru m\u00e2ini pe baz\u0103 de alcool"},"content":{"rendered":"<div class=\"ng-star-inserted\">Ajuta\u021bi la prevenirea infec\u021biilor cu Tork dezinfectant spum\u0103 pe baz\u0103 de alcool. Cu 75% g\/g alcool denaturat (etanol+ izopropanol). Este ideal pentru igienizarea m\u00e2inilor \u00een birouri \u0219i alte zone publice sau oriunde este nevoie de igiena m\u00e2inilor f\u0103r\u0103 ap\u0103. Conform standardului european EN 1500 \u0219i EN 14476 (virus capsulat). Adecvat pentru dozatoarele de \u00eengrijirea pielii Tork, care sunt u\u0219or de folosit \u0219i asigur\u0103 o bun\u0103 igien\u0103 a m\u00e2inilor pentru to\u021bi utilizatorii.<\/div>\n<ul class=\"pt-2\">\n<li class=\"ng-star-inserted\">Formul\u0103 eficient\u0103 \u2013 conform EN1500 \u0219i EN14476 (\u00eempotriva tuturor virusurilor capsulate, precum: HIV, SARS Corona, HBV, HCV, Gripa H1N1 \u0219i H5N1 etc.)<\/li>\n<li class=\"ng-star-inserted\">Formula spum\u0103 u\u0219or de manevrat se \u00eentinde u\u0219or \u0219i este delicat\u0103 cu pielea.<\/li>\n<li class=\"ng-star-inserted\">Testate dermatologic<\/li>\n<li class=\"ng-star-inserted\">Asigur\u0103 economie de timp pentru personalul de cur\u0103\u021benie: Re\u00eenc\u0103rcare certificat\u0103 f\u0103r\u0103 probleme* efectuat\u0103 \u00een mai pu\u021bin de 10 secunde**<\/li>\n<li class=\"ng-star-inserted\">Ajut\u0103 la implementarea unei bune igiene: Sticla cu protec\u021bie din fabric\u0103, av\u00e2nd o pomp\u0103 nou\u0103 pentru fiecare reumplere ce ajut\u0103 la reducerea riscului de contaminare \u0219i protejeaz\u0103 formulele p\u00e2n\u0103 la utilizator.<\/li>\n<li class=\"ng-star-inserted\" style=\"text-align: left\">Reducerea risipei: Recipientul este pliabil, duc\u00e2nd la un volum de de\u0219euri cu 70% mai mic***<\/li>\n<\/ul>\n","protected":false},"excerpt":{"rendered":"<p>Ajuta\u021bi la prevenirea infec\u021biilor cu Tork dezinfectant spum\u0103 pe baz\u0103 de alcool. Cu 75% g\/g alcool denaturat (etanol+ izopropanol). Este ideal pentru igienizarea m\u00e2inilor \u00een birouri \u0219i alte zone publice sau oriunde este nevoie de igiena m\u00e2inilor f\u0103r\u0103 ap\u0103. Conform standardului european EN 1500 \u0219i EN 14476 (virus capsulat). Adecvat&hellip; <\/p>\n","protected":false},"featured_media":11679,"comment_status":"open","ping_status":"closed","template":"","meta":{"inline_featured_image":false},"product_cat":[2203,1430,1429],"product_tag":[],"acf":[],"_links":{"self":[{"href":"https:\/\/idealhoreca.ro\/ro\/wp-json\/wp\/v2\/product\/11678"}],"collection":[{"href":"https:\/\/idealhoreca.ro\/ro\/wp-json\/wp\/v2\/product"}],"about":[{"href":"https:\/\/idealhoreca.ro\/ro\/wp-json\/wp\/v2\/types\/product"}],"replies":[{"embeddable":true,"href":"https:\/\/idealhoreca.ro\/ro\/wp-json\/wp\/v2\/comments?post=11678"}],"version-history":[{"count":1,"href":"https:\/\/idealhoreca.ro\/ro\/wp-json\/wp\/v2\/product\/11678\/revisions"}],"predecessor-version":[{"id":11680,"href":"https:\/\/idealhoreca.ro\/ro\/wp-json\/wp\/v2\/product\/11678\/revisions\/11680"}],"wp:featuredmedia":[{"embeddable":true,"href":"https:\/\/idealhoreca.ro\/ro\/wp-json\/wp\/v2\/media\/11679"}],"wp:attachment":[{"href":"https:\/\/idealhoreca.ro\/ro\/wp-json\/wp\/v2\/media?parent=11678"}],"wp:term":[{"taxonomy":"product_cat","embeddable":true,"href":"https:\/\/idealhoreca.ro\/ro\/wp-json\/wp\/v2\/product_cat?post=11678"},{"taxonomy":"product_tag","embeddable":true,"href":"https:\/\/idealhoreca.ro\/ro\/wp-json\/wp\/v2\/product_tag?post=11678"}],"curies":[{"name":"wp","href":"https:\/\/api.w.org\/{rel}","templated":true}]}}