{"id":11934,"date":"2023-11-13T15:42:57","date_gmt":"2023-11-13T13:42:57","guid":{"rendered":"https:\/\/idealhoreca.ro\/?post_type=product&#038;p=11934"},"modified":"2023-11-13T15:44:49","modified_gmt":"2023-11-13T13:44:49","slug":"lucart-identity-dispenser-manual-prosop-autocut-alb","status":"publish","type":"product","link":"https:\/\/idealhoreca.ro\/ro\/product\/lucart-identity-dispenser-manual-prosop-autocut-alb\/","title":{"rendered":"Lucart Identity Dispenser manual prosop autocut Alb"},"content":{"rendered":"<p>Suportul de prosop Identity are un design modern, ideal pentru grupurile sanitare din institu\u021bii publice, restaurante, cafenele, cabinete medicale, magazine mari.<\/p>\n<p>Fabricat pentru prosoape de m\u00e2ini din h\u0103rtie pe rol\u0103 tip autot\u0103iere.<\/p>\n<p>Reduce consumul prosopului datorit\u0103 por\u021bion\u0103ri automat, eliber\u00e2nd un singur prosop de h\u0103rtie la o lungime de 28 cm de fiecare dat\u0103 c\u0103nd este folosit.<\/p>\n<p>Material: plastic ABS<\/p>\n<p>Include cheie \u0219i desen montaj.<\/p>\n","protected":false},"excerpt":{"rendered":"<p>Suportul de prosop Identity are un design modern, ideal pentru grupurile sanitare din institu\u021bii publice, restaurante, cafenele, cabinete medicale, magazine mari. Fabricat pentru prosoape de m\u00e2ini din h\u0103rtie pe rol\u0103 tip autot\u0103iere. Reduce consumul prosopului datorit\u0103 por\u021bion\u0103ri automat, eliber\u00e2nd un singur prosop de h\u0103rtie la o lungime de 28 cm&hellip; <\/p>\n","protected":false},"featured_media":11935,"comment_status":"open","ping_status":"closed","template":"","meta":{"inline_featured_image":false},"product_cat":[2206,1496,1429],"product_tag":[],"acf":[],"_links":{"self":[{"href":"https:\/\/idealhoreca.ro\/ro\/wp-json\/wp\/v2\/product\/11934"}],"collection":[{"href":"https:\/\/idealhoreca.ro\/ro\/wp-json\/wp\/v2\/product"}],"about":[{"href":"https:\/\/idealhoreca.ro\/ro\/wp-json\/wp\/v2\/types\/product"}],"replies":[{"embeddable":true,"href":"https:\/\/idealhoreca.ro\/ro\/wp-json\/wp\/v2\/comments?post=11934"}],"version-history":[{"count":1,"href":"https:\/\/idealhoreca.ro\/ro\/wp-json\/wp\/v2\/product\/11934\/revisions"}],"predecessor-version":[{"id":11936,"href":"https:\/\/idealhoreca.ro\/ro\/wp-json\/wp\/v2\/product\/11934\/revisions\/11936"}],"wp:featuredmedia":[{"embeddable":true,"href":"https:\/\/idealhoreca.ro\/ro\/wp-json\/wp\/v2\/media\/11935"}],"wp:attachment":[{"href":"https:\/\/idealhoreca.ro\/ro\/wp-json\/wp\/v2\/media?parent=11934"}],"wp:term":[{"taxonomy":"product_cat","embeddable":true,"href":"https:\/\/idealhoreca.ro\/ro\/wp-json\/wp\/v2\/product_cat?post=11934"},{"taxonomy":"product_tag","embeddable":true,"href":"https:\/\/idealhoreca.ro\/ro\/wp-json\/wp\/v2\/product_tag?post=11934"}],"curies":[{"name":"wp","href":"https:\/\/api.w.org\/{rel}","templated":true}]}}