{"id":12102,"date":"2023-12-18T14:21:06","date_gmt":"2023-12-18T12:21:06","guid":{"rendered":"https:\/\/idealhoreca.ro\/?post_type=product&#038;p=12102"},"modified":"2024-01-15T15:42:38","modified_gmt":"2024-01-15T13:42:38","slug":"role-termice-79mm40m12mm-netiparite-90role-bax","status":"publish","type":"product","link":"https:\/\/idealhoreca.ro\/ro\/product\/role-termice-79mm40m12mm-netiparite-90role-bax\/","title":{"rendered":"Role termice 79mm*40m*12mm, netiparite 90role\/bax"},"content":{"rendered":"<p>Role de hartie termica pentru printare monocrom, albe, nepersonalizate, calitatea h\u00e2rtiei fiind garantat\u0103 de produc\u0103tor.<\/p>\n<p>Aceste role termice sunt compatibile cu case de marcat, pos-uri bancare, imprimante termice etc.<\/p>\n<p>Toate rolele produse au marker pentru sfarsit de banda.<\/p>\n","protected":false},"excerpt":{"rendered":"<p><span style=\"color: #ff0000\">Se comanda <strong>la bax (=90role)<\/strong><\/span><\/p>\n<p><span style=\"color: #0000ff\">Disponibile <strong>doar la comanda,<\/strong> livrare 1-5 zile lucratoare.<\/span><\/p>\n","protected":false},"featured_media":12103,"comment_status":"open","ping_status":"closed","template":"","meta":{"inline_featured_image":false},"product_cat":[2432,2396],"product_tag":[],"acf":[],"_links":{"self":[{"href":"https:\/\/idealhoreca.ro\/ro\/wp-json\/wp\/v2\/product\/12102"}],"collection":[{"href":"https:\/\/idealhoreca.ro\/ro\/wp-json\/wp\/v2\/product"}],"about":[{"href":"https:\/\/idealhoreca.ro\/ro\/wp-json\/wp\/v2\/types\/product"}],"replies":[{"embeddable":true,"href":"https:\/\/idealhoreca.ro\/ro\/wp-json\/wp\/v2\/comments?post=12102"}],"version-history":[{"count":1,"href":"https:\/\/idealhoreca.ro\/ro\/wp-json\/wp\/v2\/product\/12102\/revisions"}],"predecessor-version":[{"id":12104,"href":"https:\/\/idealhoreca.ro\/ro\/wp-json\/wp\/v2\/product\/12102\/revisions\/12104"}],"wp:featuredmedia":[{"embeddable":true,"href":"https:\/\/idealhoreca.ro\/ro\/wp-json\/wp\/v2\/media\/12103"}],"wp:attachment":[{"href":"https:\/\/idealhoreca.ro\/ro\/wp-json\/wp\/v2\/media?parent=12102"}],"wp:term":[{"taxonomy":"product_cat","embeddable":true,"href":"https:\/\/idealhoreca.ro\/ro\/wp-json\/wp\/v2\/product_cat?post=12102"},{"taxonomy":"product_tag","embeddable":true,"href":"https:\/\/idealhoreca.ro\/ro\/wp-json\/wp\/v2\/product_tag?post=12102"}],"curies":[{"name":"wp","href":"https:\/\/api.w.org\/{rel}","templated":true}]}}