{"id":12356,"date":"2024-02-27T14:36:01","date_gmt":"2024-02-27T12:36:01","guid":{"rendered":"https:\/\/idealhoreca.ro\/?post_type=product&#038;p=12356"},"modified":"2024-02-27T14:36:06","modified_gmt":"2024-02-27T12:36:06","slug":"sosiere-kraft-rotunde-120cc-100-set","status":"publish","type":"product","link":"https:\/\/idealhoreca.ro\/ro\/product\/sosiere-kraft-rotunde-120cc-100-set\/","title":{"rendered":"Sosiere kraft rotunde 120cc 100\/set"},"content":{"rendered":"<p><span class=\"Y2IQFc\" lang=\"ro\">Boluri pentru alimente sau \u00eenghe\u021bat\u0103 din h\u00e2rtie kraft cu acoperire interioar\u0103 PE. Certificat FSC. Temperatura maxima de servire 80\u00b0C. Poate fi congelat la -12\u00b0C. <\/span><\/p>\n","protected":false},"excerpt":{"rendered":"<p><span style=\"color: #ff0000\">Se comanda <strong>la set (=100buc)<\/strong><\/span><\/p>\n","protected":false},"featured_media":12358,"comment_status":"open","ping_status":"closed","template":"","meta":{"inline_featured_image":false},"product_cat":[1530],"product_tag":[],"acf":[],"_links":{"self":[{"href":"https:\/\/idealhoreca.ro\/ro\/wp-json\/wp\/v2\/product\/12356"}],"collection":[{"href":"https:\/\/idealhoreca.ro\/ro\/wp-json\/wp\/v2\/product"}],"about":[{"href":"https:\/\/idealhoreca.ro\/ro\/wp-json\/wp\/v2\/types\/product"}],"replies":[{"embeddable":true,"href":"https:\/\/idealhoreca.ro\/ro\/wp-json\/wp\/v2\/comments?post=12356"}],"version-history":[{"count":1,"href":"https:\/\/idealhoreca.ro\/ro\/wp-json\/wp\/v2\/product\/12356\/revisions"}],"predecessor-version":[{"id":12357,"href":"https:\/\/idealhoreca.ro\/ro\/wp-json\/wp\/v2\/product\/12356\/revisions\/12357"}],"wp:featuredmedia":[{"embeddable":true,"href":"https:\/\/idealhoreca.ro\/ro\/wp-json\/wp\/v2\/media\/12358"}],"wp:attachment":[{"href":"https:\/\/idealhoreca.ro\/ro\/wp-json\/wp\/v2\/media?parent=12356"}],"wp:term":[{"taxonomy":"product_cat","embeddable":true,"href":"https:\/\/idealhoreca.ro\/ro\/wp-json\/wp\/v2\/product_cat?post=12356"},{"taxonomy":"product_tag","embeddable":true,"href":"https:\/\/idealhoreca.ro\/ro\/wp-json\/wp\/v2\/product_tag?post=12356"}],"curies":[{"name":"wp","href":"https:\/\/api.w.org\/{rel}","templated":true}]}}