{"id":12470,"date":"2024-03-07T14:09:42","date_gmt":"2024-03-07T12:09:42","guid":{"rendered":"https:\/\/idealhoreca.ro\/?post_type=product&#038;p=12470"},"modified":"2024-03-07T14:09:42","modified_gmt":"2024-03-07T12:09:42","slug":"tork-dispenser-autocut-matic-manual","status":"publish","type":"product","link":"https:\/\/idealhoreca.ro\/ro\/product\/tork-dispenser-autocut-matic-manual\/","title":{"rendered":"Tork Dispenser autocut matic manual"},"content":{"rendered":"<div id=\"tw-ob\" class=\"tw-src-ltr\">\n<div class=\"oSioSc\">\n<div id=\"tw-target\">\n<div id=\"kAz1tf\" class=\"g9WsWb PZPZlf\" data-attrid=\"tw-targetArea\" data-entityname=\"Google Translate\">\n<div id=\"tw-target-rmn-container\" class=\"tw-target-rmn tw-ta-container F0azHf tw-nfl\">\n<div class=\"ng-star-inserted\">Dozatorul de Prosoape pentru M\u00e2ini Rol\u0103 Tork Matic, cu design Elevation este u\u0219or de \u00eentre\u021binut \u0219i asigur\u0103 func\u021bionarea bun\u0103 a toaletelor aglomerate, reduc\u00e2nd consumul prin dozarea prosoapelor por\u021bie cu por\u021bie. Dozatoarele Tork Elevation au un design modern, func\u021bional, care las\u0103 o impresie de durat\u0103 oaspe\u021bilor dumneavoastr\u0103.<\/div>\n<ul class=\"pt-2\">\n<li class=\"ng-star-inserted\">\u00centre\u021binere u\u0219oar\u0103 cu ajutorul indicatorului de reumplere, care arat\u0103 c\u00e2nd este necesar\u0103 o nou\u0103 re\u00eenc\u0103rcare<\/li>\n<li class=\"ng-star-inserted\">Rolele de lung\u0103 durat\u0103 minimizeaz\u0103 costurile de \u00eentre\u021binere, \u00een timp ce sporesc utilitatea.<\/li>\n<li class=\"ng-star-inserted\">Cur\u0103\u021barea f\u0103r\u0103 efort \u0219i re\u00eenc\u0103rcarea intuitiv\u0103 economisesc timp.<\/li>\n<\/ul>\n<\/div>\n<div class=\"iYB33c\">\n<div class=\"dlJLJe\">\n<div data-cviv=\"false\" data-ved=\"2ahUKEwj-n8q16-GEAxUT7LsIHVSOBCwQz_AEegQIBRAV\">\n<div class=\"U9URNb\"><b>Dimensiuni:<\/b>203.00mm x 337.00mm x 372.00mm<\/div>\n<\/div>\n<\/div>\n<div id=\"tw-tmenu\" class=\"tw-menu\"><\/div>\n<\/div>\n<\/div>\n<\/div>\n<\/div>\n<\/div>\n<div id=\"tw-images\"><\/div>\n<div class=\"dURPtb\"><\/div>\n","protected":false},"excerpt":{"rendered":"<p>Dozatorul de Prosoape pentru M\u00e2ini Rol\u0103 Tork Matic, cu design Elevation este u\u0219or de \u00eentre\u021binut \u0219i asigur\u0103 func\u021bionarea bun\u0103 a toaletelor aglomerate, reduc\u00e2nd consumul prin dozarea prosoapelor por\u021bie cu por\u021bie. Dozatoarele Tork Elevation au un design modern, func\u021bional, care las\u0103 o impresie de durat\u0103 oaspe\u021bilor dumneavoastr\u0103. \u00centre\u021binere u\u0219oar\u0103 cu ajutorul&hellip; <\/p>\n","protected":false},"featured_media":12472,"comment_status":"open","ping_status":"closed","template":"","meta":{"inline_featured_image":false},"product_cat":[2207,1430],"product_tag":[],"acf":[],"_links":{"self":[{"href":"https:\/\/idealhoreca.ro\/ro\/wp-json\/wp\/v2\/product\/12470"}],"collection":[{"href":"https:\/\/idealhoreca.ro\/ro\/wp-json\/wp\/v2\/product"}],"about":[{"href":"https:\/\/idealhoreca.ro\/ro\/wp-json\/wp\/v2\/types\/product"}],"replies":[{"embeddable":true,"href":"https:\/\/idealhoreca.ro\/ro\/wp-json\/wp\/v2\/comments?post=12470"}],"version-history":[{"count":2,"href":"https:\/\/idealhoreca.ro\/ro\/wp-json\/wp\/v2\/product\/12470\/revisions"}],"predecessor-version":[{"id":12473,"href":"https:\/\/idealhoreca.ro\/ro\/wp-json\/wp\/v2\/product\/12470\/revisions\/12473"}],"wp:featuredmedia":[{"embeddable":true,"href":"https:\/\/idealhoreca.ro\/ro\/wp-json\/wp\/v2\/media\/12472"}],"wp:attachment":[{"href":"https:\/\/idealhoreca.ro\/ro\/wp-json\/wp\/v2\/media?parent=12470"}],"wp:term":[{"taxonomy":"product_cat","embeddable":true,"href":"https:\/\/idealhoreca.ro\/ro\/wp-json\/wp\/v2\/product_cat?post=12470"},{"taxonomy":"product_tag","embeddable":true,"href":"https:\/\/idealhoreca.ro\/ro\/wp-json\/wp\/v2\/product_tag?post=12470"}],"curies":[{"name":"wp","href":"https:\/\/api.w.org\/{rel}","templated":true}]}}