{"id":12614,"date":"2024-03-13T14:07:17","date_gmt":"2024-03-13T12:07:17","guid":{"rendered":"https:\/\/idealhoreca.ro\/?post_type=product&#038;p=12614"},"modified":"2024-03-13T14:07:17","modified_gmt":"2024-03-13T12:07:17","slug":"tork-prosop-de-hartie-peakserve-continuous-12410buc-bax","status":"publish","type":"product","link":"https:\/\/idealhoreca.ro\/ro\/product\/tork-prosop-de-hartie-peakserve-continuous-12410buc-bax\/","title":{"rendered":"Tork prosop de hartie PeakServe Continuous 12*410buc\/bax"},"content":{"rendered":"<div class=\"ng-star-inserted\">\n<p>Tork PeakServe: cea mai nou\u0103 inova\u021bie, creat\u0103 pentru toaletele aglomerate, \u00een care personalul trebuie s\u0103 maximizeze timpul alocat cur\u0103\u021beniei \u0219i s\u0103 men\u021bin\u0103 un flux corespunz\u0103tor de persoane. Fiind compatibil cu prosoapele pentru m\u00e2ini Tork PeakServe Continuous, sistemul are o capacitate foarte mare, de 2.100 de prosoape, care pot fi distribuite rapid \u0219i f\u0103r\u0103 \u00eentrerupere, pentru a face fa\u021b\u0103 fluxului de persoane. Rezervele comprimate pot fi amplasate rapid, pot fi re\u00eenc\u0103rcate oric\u00e2nd \u0219i sunt u\u0219or de depozitat \u0219i transportat, astfel \u00eenc\u00e2t personalul s\u0103 se concentreze asupra cur\u0103\u021b\u0103rii \u0219i nu asupra re\u00eenc\u0103rc\u0103rii.<\/p>\n<\/div>\n<p>Prosoape pentru m\u00e2ini comprimate pentru o capacitate sporit\u0103 \u0219i reducerea timpului acordat \u00eentre\u021binerii.<\/p>\n<p>Prosoapele pentru m\u00e2ini Continuous sunt distribuite uniform, chiar \u0219i \u00eentre reumpleri, pentru un flux mai bun \u00een toalete \u0219i evitarea blocajelor pentru oaspe\u021bi.<\/p>\n<p>Dozare por\u021bie cu por\u021bie pentru consum redus \u0219i igien\u0103 sporit\u0103.<\/p>\n","protected":false},"excerpt":{"rendered":"<p><span style=\"color: #ff0000\">Se comanda <strong>la bax (=12pachete)<\/strong><\/span><\/p>\n","protected":false},"featured_media":12616,"comment_status":"open","ping_status":"closed","template":"","meta":{"inline_featured_image":false},"product_cat":[2207,1430],"product_tag":[],"acf":[],"_links":{"self":[{"href":"https:\/\/idealhoreca.ro\/ro\/wp-json\/wp\/v2\/product\/12614"}],"collection":[{"href":"https:\/\/idealhoreca.ro\/ro\/wp-json\/wp\/v2\/product"}],"about":[{"href":"https:\/\/idealhoreca.ro\/ro\/wp-json\/wp\/v2\/types\/product"}],"replies":[{"embeddable":true,"href":"https:\/\/idealhoreca.ro\/ro\/wp-json\/wp\/v2\/comments?post=12614"}],"version-history":[{"count":1,"href":"https:\/\/idealhoreca.ro\/ro\/wp-json\/wp\/v2\/product\/12614\/revisions"}],"predecessor-version":[{"id":12615,"href":"https:\/\/idealhoreca.ro\/ro\/wp-json\/wp\/v2\/product\/12614\/revisions\/12615"}],"wp:featuredmedia":[{"embeddable":true,"href":"https:\/\/idealhoreca.ro\/ro\/wp-json\/wp\/v2\/media\/12616"}],"wp:attachment":[{"href":"https:\/\/idealhoreca.ro\/ro\/wp-json\/wp\/v2\/media?parent=12614"}],"wp:term":[{"taxonomy":"product_cat","embeddable":true,"href":"https:\/\/idealhoreca.ro\/ro\/wp-json\/wp\/v2\/product_cat?post=12614"},{"taxonomy":"product_tag","embeddable":true,"href":"https:\/\/idealhoreca.ro\/ro\/wp-json\/wp\/v2\/product_tag?post=12614"}],"curies":[{"name":"wp","href":"https:\/\/api.w.org\/{rel}","templated":true}]}}