{"id":12647,"date":"2024-03-14T08:33:40","date_gmt":"2024-03-14T06:33:40","guid":{"rendered":"https:\/\/idealhoreca.ro\/?post_type=product&#038;p=12647"},"modified":"2024-03-14T08:33:40","modified_gmt":"2024-03-14T06:33:40","slug":"tork-dispenser-inox-prosoape-pliate-tip-v-z","status":"publish","type":"product","link":"https:\/\/idealhoreca.ro\/ro\/product\/tork-dispenser-inox-prosoape-pliate-tip-v-z\/","title":{"rendered":"Tork Dispenser inox prosoape pliate tip V\/Z"},"content":{"rendered":"<div class=\"ng-star-inserted\">Design modern cu suprafe\u021be netede \u0219i linii simple, se integreaz\u0103 perfect \u00een toaleta dumneavoastr\u0103. Face\u021bi o impresie bun\u0103, sporind imaginea de \u00eenalt\u0103 calitate a unit\u0103\u021bii dvs. O\u021belul inoxidabil elegant cu strat anti-amprente arat\u0103 excep\u021bional \u0219i r\u0103m\u00e2ne curat.<\/div>\n<ul class=\"pt-2\">\n<li class=\"ng-star-inserted\">Dozare por\u021bie cu por\u021bie pentru consum redus \u0219i igien\u0103 sporit\u0103<\/li>\n<li class=\"ng-star-inserted\">\u00centre\u021binere f\u0103r\u0103 probleme datorit\u0103 protec\u021biei \u00eempotriva supra\u00eenc\u0103rc\u0103rii, pentru o re\u00eenc\u0103rcare u\u0219oar\u0103 \u0219i o dozare adecvat\u0103<\/li>\n<li class=\"ng-star-inserted\">Design extra slim: Atractiv, ajut\u00e2nd la economisirea de spa\u021biu<\/li>\n<li class=\"ng-star-inserted\">Neutru din punct de vedere al amprentei de carbon- redus \u0219i compensat<\/li>\n<\/ul>\n","protected":false},"excerpt":{"rendered":"<p>Design modern cu suprafe\u021be netede \u0219i linii simple, se integreaz\u0103 perfect \u00een toaleta dumneavoastr\u0103. Face\u021bi o impresie bun\u0103, sporind imaginea de \u00eenalt\u0103 calitate a unit\u0103\u021bii dvs. O\u021belul inoxidabil elegant cu strat anti-amprente arat\u0103 excep\u021bional \u0219i r\u0103m\u00e2ne curat. Dozare por\u021bie cu por\u021bie pentru consum redus \u0219i igien\u0103 sporit\u0103 \u00centre\u021binere f\u0103r\u0103 probleme&hellip; <\/p>\n","protected":false},"featured_media":12649,"comment_status":"open","ping_status":"closed","template":"","meta":{"inline_featured_image":false},"product_cat":[1430,2213],"product_tag":[],"acf":[],"_links":{"self":[{"href":"https:\/\/idealhoreca.ro\/ro\/wp-json\/wp\/v2\/product\/12647"}],"collection":[{"href":"https:\/\/idealhoreca.ro\/ro\/wp-json\/wp\/v2\/product"}],"about":[{"href":"https:\/\/idealhoreca.ro\/ro\/wp-json\/wp\/v2\/types\/product"}],"replies":[{"embeddable":true,"href":"https:\/\/idealhoreca.ro\/ro\/wp-json\/wp\/v2\/comments?post=12647"}],"version-history":[{"count":1,"href":"https:\/\/idealhoreca.ro\/ro\/wp-json\/wp\/v2\/product\/12647\/revisions"}],"predecessor-version":[{"id":12648,"href":"https:\/\/idealhoreca.ro\/ro\/wp-json\/wp\/v2\/product\/12647\/revisions\/12648"}],"wp:featuredmedia":[{"embeddable":true,"href":"https:\/\/idealhoreca.ro\/ro\/wp-json\/wp\/v2\/media\/12649"}],"wp:attachment":[{"href":"https:\/\/idealhoreca.ro\/ro\/wp-json\/wp\/v2\/media?parent=12647"}],"wp:term":[{"taxonomy":"product_cat","embeddable":true,"href":"https:\/\/idealhoreca.ro\/ro\/wp-json\/wp\/v2\/product_cat?post=12647"},{"taxonomy":"product_tag","embeddable":true,"href":"https:\/\/idealhoreca.ro\/ro\/wp-json\/wp\/v2\/product_tag?post=12647"}],"curies":[{"name":"wp","href":"https:\/\/api.w.org\/{rel}","templated":true}]}}